{"id":25220,"date":"2023-06-05T09:44:49","date_gmt":"2023-06-05T09:44:49","guid":{"rendered":"https:\/\/www.premiumsuitehotels.com\/calm-apartments\/?page_id=25220"},"modified":"2023-06-05T09:56:06","modified_gmt":"2023-06-05T09:56:06","slug":"reservations","status":"publish","type":"page","link":"https:\/\/www.premiumsuitehotels.com\/calm-apartments\/fr\/reservations\/","title":{"rendered":"R\u00e9servations"},"content":{"rendered":"[vc_row type=&#8221;full_width_content&#8221; full_screen_row_position=&#8221;middle&#8221; column_margin=&#8221;default&#8221; equal_height=&#8221;yes&#8221; content_placement=&#8221;bottom&#8221; column_direction=&#8221;default&#8221; column_direction_tablet=&#8221;default&#8221; column_direction_phone=&#8221;default&#8221; scene_position=&#8221;center&#8221; top_padding=&#8221;4%&#8221; text_color=&#8221;dark&#8221; text_align=&#8221;center&#8221; row_border_radius=&#8221;none&#8221; row_border_radius_applies=&#8221;bg&#8221; overlay_strength=&#8221;0.3&#8243; gradient_direction=&#8221;left_to_right&#8221; shape_divider_position=&#8221;bottom&#8221; bg_image_animation=&#8221;none&#8221; shape_type=&#8221;&#8221;][vc_column column_padding=&#8221;no-extra-padding&#8221; column_padding_tablet=&#8221;inherit&#8221; column_padding_phone=&#8221;inherit&#8221; column_padding_position=&#8221;all&#8221; background_color_opacity=&#8221;1&#8243; background_hover_color_opacity=&#8221;1&#8243; column_shadow=&#8221;none&#8221; column_border_radius=&#8221;none&#8221; column_link_target=&#8221;_self&#8221; gradient_direction=&#8221;left_to_right&#8221; overlay_strength=&#8221;0.3&#8243; width=&#8221;1\/1&#8243; tablet_width_inherit=&#8221;default&#8221; tablet_text_alignment=&#8221;default&#8221; phone_text_alignment=&#8221;default&#8221; column_border_width=&#8221;none&#8221; column_border_style=&#8221;solid&#8221; bg_image_animation=&#8221;none&#8221;][\/vc_column][\/vc_row]\n","protected":false},"excerpt":{"rendered":"<p>[vc_row type=&#8221;full_width_content&#8221; full_screen_row_position=&#8221;middle&#8221; column_margin=&#8221;default&#8221; equal_height=&#8221;yes&#8221; content_placement=&#8221;bottom&#8221; column_direction=&#8221;default&#8221; column_direction_tablet=&#8221;default&#8221; column_direction_phone=&#8221;default&#8221; scene_position=&#8221;center&#8221; top_padding=&#8221;4%&#8221; text_color=&#8221;dark&#8221; text_align=&#8221;center&#8221; row_border_radius=&#8221;none&#8221; row_border_radius_applies=&#8221;bg&#8221; overlay_strength=&#8221;0.3&#8243; gradient_direction=&#8221;left_to_right&#8221; shape_divider_position=&#8221;bottom&#8221; bg_image_animation=&#8221;none&#8221; shape_type=&#8221;&#8221;][vc_column column_padding=&#8221;no-extra-padding&#8221; column_padding_tablet=&#8221;inherit&#8221; column_padding_phone=&#8221;inherit&#8221; column_padding_position=&#8221;all&#8221; background_color_opacity=&#8221;1&#8243; background_hover_color_opacity=&#8221;1&#8243; column_shadow=&#8221;none&#8221; column_border_radius=&#8221;none&#8221; column_link_target=&#8221;_self&#8221; gradient_direction=&#8221;left_to_right&#8221;&#8230;<\/p>\n","protected":false},"author":3,"featured_media":0,"parent":0,"menu_order":0,"comment_status":"closed","ping_status":"closed","template":"template-reservas.php","meta":{"_joinchat":[]},"yoast_head":"<!-- This site is optimized with the Yoast SEO plugin v19.6.1 - https:\/\/yoast.com\/wordpress\/plugins\/seo\/ -->\n<title>R\u00e9server Calm Apartments\u00ae Barcelone, Espagne \u00b7 SITE OFFICIEL<\/title>\n<meta name=\"description\" content=\"R\u00e9servez directement sur le SITE OFFICIEL de \u2705 Calm Apartments\u00ae \u2705 \u00e0 Barcelone, sans interm\u00e9diaires, avec des remises sp\u00e9ciales et au meilleur prix garanti.\" \/>\n<meta name=\"robots\" content=\"index, follow, max-snippet:-1, max-image-preview:large, max-video-preview:-1\" \/>\n<link rel=\"canonical\" href=\"https:\/\/www.premiumsuitehotels.com\/calm-apartments\/fr\/reservations\/\" \/>\n<meta property=\"og:locale\" content=\"fr_FR\" \/>\n<meta property=\"og:type\" content=\"article\" \/>\n<meta property=\"og:title\" content=\"R\u00e9server Calm Apartments\u00ae Barcelone, Espagne \u00b7 SITE OFFICIEL\" \/>\n<meta property=\"og:description\" content=\"R\u00e9servez directement sur le SITE OFFICIEL de \u2705 Calm Apartments\u00ae \u2705 \u00e0 Barcelone, sans interm\u00e9diaires, avec des remises sp\u00e9ciales et au meilleur prix garanti.\" \/>\n<meta property=\"og:url\" content=\"https:\/\/www.premiumsuitehotels.com\/calm-apartments\/fr\/reservations\/\" \/>\n<meta property=\"og:site_name\" content=\"Calm Apartments\" \/>\n<meta property=\"article:modified_time\" content=\"2023-06-05T09:56:06+00:00\" \/>\n<meta name=\"twitter:card\" content=\"summary_large_image\" \/>\n<meta name=\"twitter:label1\" content=\"Est. reading time\" \/>\n\t<meta name=\"twitter:data1\" content=\"1 minute\" \/>\n<script type=\"application\/ld+json\" class=\"yoast-schema-graph\">{\"@context\":\"https:\/\/schema.org\",\"@graph\":[{\"@type\":\"WebPage\",\"@id\":\"https:\/\/www.premiumsuitehotels.com\/calm-apartments\/fr\/reservations\/\",\"url\":\"https:\/\/www.premiumsuitehotels.com\/calm-apartments\/fr\/reservations\/\",\"name\":\"R\u00e9server Calm Apartments\u00ae Barcelone, Espagne \u00b7 SITE OFFICIEL\",\"isPartOf\":{\"@id\":\"https:\/\/www.premiumsuitehotels.com\/calm-apartments\/#website\"},\"datePublished\":\"2023-06-05T09:44:49+00:00\",\"dateModified\":\"2023-06-05T09:56:06+00:00\",\"description\":\"R\u00e9servez directement sur le SITE OFFICIEL de \u2705 Calm Apartments\u00ae \u2705 \u00e0 Barcelone, sans interm\u00e9diaires, avec des remises sp\u00e9ciales et au meilleur prix garanti.\",\"breadcrumb\":{\"@id\":\"https:\/\/www.premiumsuitehotels.com\/calm-apartments\/fr\/reservations\/#breadcrumb\"},\"inLanguage\":\"fr-FR\",\"potentialAction\":[{\"@type\":\"ReadAction\",\"target\":[\"https:\/\/www.premiumsuitehotels.com\/calm-apartments\/fr\/reservations\/\"]}]},{\"@type\":\"BreadcrumbList\",\"@id\":\"https:\/\/www.premiumsuitehotels.com\/calm-apartments\/fr\/reservations\/#breadcrumb\",\"itemListElement\":[{\"@type\":\"ListItem\",\"position\":1,\"name\":\"R\u00e9servations\"}]},{\"@type\":\"WebSite\",\"@id\":\"https:\/\/www.premiumsuitehotels.com\/calm-apartments\/#website\",\"url\":\"https:\/\/www.premiumsuitehotels.com\/calm-apartments\/\",\"name\":\"Calm Apartments\",\"description\":\"Calm Apartments es un  nuevo y reci\u00e9n inaugurado residencial  de 32 Apartamentos.\",\"potentialAction\":[{\"@type\":\"SearchAction\",\"target\":{\"@type\":\"EntryPoint\",\"urlTemplate\":\"https:\/\/www.premiumsuitehotels.com\/calm-apartments\/?s={search_term_string}\"},\"query-input\":\"required name=search_term_string\"}],\"inLanguage\":\"fr-FR\"}]}<\/script>\n<!-- \/ Yoast SEO plugin. -->","yoast_head_json":{"title":"R\u00e9server Calm Apartments\u00ae Barcelone, Espagne \u00b7 SITE OFFICIEL","description":"R\u00e9servez directement sur le SITE OFFICIEL de \u2705 Calm Apartments\u00ae \u2705 \u00e0 Barcelone, sans interm\u00e9diaires, avec des remises sp\u00e9ciales et au meilleur prix garanti.","robots":{"index":"index","follow":"follow","max-snippet":"max-snippet:-1","max-image-preview":"max-image-preview:large","max-video-preview":"max-video-preview:-1"},"canonical":"https:\/\/www.premiumsuitehotels.com\/calm-apartments\/fr\/reservations\/","og_locale":"fr_FR","og_type":"article","og_title":"R\u00e9server Calm Apartments\u00ae Barcelone, Espagne \u00b7 SITE OFFICIEL","og_description":"R\u00e9servez directement sur le SITE OFFICIEL de \u2705 Calm Apartments\u00ae \u2705 \u00e0 Barcelone, sans interm\u00e9diaires, avec des remises sp\u00e9ciales et au meilleur prix garanti.","og_url":"https:\/\/www.premiumsuitehotels.com\/calm-apartments\/fr\/reservations\/","og_site_name":"Calm Apartments","article_modified_time":"2023-06-05T09:56:06+00:00","twitter_card":"summary_large_image","twitter_misc":{"Est. reading time":"1 minute"},"schema":{"@context":"https:\/\/schema.org","@graph":[{"@type":"WebPage","@id":"https:\/\/www.premiumsuitehotels.com\/calm-apartments\/fr\/reservations\/","url":"https:\/\/www.premiumsuitehotels.com\/calm-apartments\/fr\/reservations\/","name":"R\u00e9server Calm Apartments\u00ae Barcelone, Espagne \u00b7 SITE OFFICIEL","isPartOf":{"@id":"https:\/\/www.premiumsuitehotels.com\/calm-apartments\/#website"},"datePublished":"2023-06-05T09:44:49+00:00","dateModified":"2023-06-05T09:56:06+00:00","description":"R\u00e9servez directement sur le SITE OFFICIEL de \u2705 Calm Apartments\u00ae \u2705 \u00e0 Barcelone, sans interm\u00e9diaires, avec des remises sp\u00e9ciales et au meilleur prix garanti.","breadcrumb":{"@id":"https:\/\/www.premiumsuitehotels.com\/calm-apartments\/fr\/reservations\/#breadcrumb"},"inLanguage":"fr-FR","potentialAction":[{"@type":"ReadAction","target":["https:\/\/www.premiumsuitehotels.com\/calm-apartments\/fr\/reservations\/"]}]},{"@type":"BreadcrumbList","@id":"https:\/\/www.premiumsuitehotels.com\/calm-apartments\/fr\/reservations\/#breadcrumb","itemListElement":[{"@type":"ListItem","position":1,"name":"R\u00e9servations"}]},{"@type":"WebSite","@id":"https:\/\/www.premiumsuitehotels.com\/calm-apartments\/#website","url":"https:\/\/www.premiumsuitehotels.com\/calm-apartments\/","name":"Calm Apartments","description":"Calm Apartments es un  nuevo y reci\u00e9n inaugurado residencial  de 32 Apartamentos.","potentialAction":[{"@type":"SearchAction","target":{"@type":"EntryPoint","urlTemplate":"https:\/\/www.premiumsuitehotels.com\/calm-apartments\/?s={search_term_string}"},"query-input":"required name=search_term_string"}],"inLanguage":"fr-FR"}]}},"_links":{"self":[{"href":"https:\/\/www.premiumsuitehotels.com\/calm-apartments\/fr\/wp-json\/wp\/v2\/pages\/25220"}],"collection":[{"href":"https:\/\/www.premiumsuitehotels.com\/calm-apartments\/fr\/wp-json\/wp\/v2\/pages"}],"about":[{"href":"https:\/\/www.premiumsuitehotels.com\/calm-apartments\/fr\/wp-json\/wp\/v2\/types\/page"}],"author":[{"embeddable":true,"href":"https:\/\/www.premiumsuitehotels.com\/calm-apartments\/fr\/wp-json\/wp\/v2\/users\/3"}],"replies":[{"embeddable":true,"href":"https:\/\/www.premiumsuitehotels.com\/calm-apartments\/fr\/wp-json\/wp\/v2\/comments?post=25220"}],"version-history":[{"count":2,"href":"https:\/\/www.premiumsuitehotels.com\/calm-apartments\/fr\/wp-json\/wp\/v2\/pages\/25220\/revisions"}],"predecessor-version":[{"id":25236,"href":"https:\/\/www.premiumsuitehotels.com\/calm-apartments\/fr\/wp-json\/wp\/v2\/pages\/25220\/revisions\/25236"}],"wp:attachment":[{"href":"https:\/\/www.premiumsuitehotels.com\/calm-apartments\/fr\/wp-json\/wp\/v2\/media?parent=25220"}],"curies":[{"name":"wp","href":"https:\/\/api.w.org\/{rel}","templated":true}]}}