{"id":25280,"date":"2023-01-30T15:25:33","date_gmt":"2023-01-30T15:25:33","guid":{"rendered":"https:\/\/www.premiumsuitehotels.com\/bonanova-suite-hotel\/?page_id=25280"},"modified":"2023-08-31T09:22:38","modified_gmt":"2023-08-31T09:22:38","slug":"centro-ginecologico-womens","status":"publish","type":"page","link":"https:\/\/www.premiumsuitehotels.com\/bonanova-suite-hotel\/centro-ginecologico-womens\/","title":{"rendered":"Centro Ginecol\u00f3gico Women\u2019s"},"content":{"rendered":"[vc_row type=\u00bbin_container\u00bb full_screen_row_position=\u00bbmiddle\u00bb column_margin=\u00bbdefault\u00bb column_direction=\u00bbdefault\u00bb column_direction_tablet=\u00bbdefault\u00bb column_direction_phone=\u00bbdefault\u00bb scene_position=\u00bbcenter\u00bb text_color=\u00bbdark\u00bb text_align=\u00bbleft\u00bb row_border_radius=\u00bbnone\u00bb row_border_radius_applies=\u00bbbg\u00bb overlay_strength=\u00bb0.3&#8243; gradient_direction=\u00bbleft_to_right\u00bb shape_divider_position=\u00bbbottom\u00bb bg_image_animation=\u00bbnone\u00bb shape_type=\u00bb\u00bb][vc_column column_padding=\u00bbno-extra-padding\u00bb column_padding_tablet=\u00bbinherit\u00bb column_padding_phone=\u00bbinherit\u00bb column_padding_position=\u00bball\u00bb background_color_opacity=\u00bb1&#8243; background_hover_color_opacity=\u00bb1&#8243; column_shadow=\u00bbnone\u00bb column_border_radius=\u00bbnone\u00bb column_link_target=\u00bb_self\u00bb gradient_direction=\u00bbleft_to_right\u00bb overlay_strength=\u00bb0.3&#8243; width=\u00bb1\/1&#8243; tablet_width_inherit=\u00bbdefault\u00bb tablet_text_alignment=\u00bbdefault\u00bb phone_text_alignment=\u00bbdefault\u00bb column_border_width=\u00bbnone\u00bb column_border_style=\u00bbsolid\u00bb bg_image_animation=\u00bbnone\u00bb]<div  data-transition=\"slide\" data-overall_style=\"classic\" data-flexible-height=\"\" data-animate-in-effect=\"none\" data-fullscreen=\"true\" data-button-sizing=\"regular\" data-button-styling=\"btn_with_count\" data-autorotate=\"\" data-parallax=\"false\" data-parallax-disable-mobile=\"\" data-caption-trans=\"fade_in_from_bottom\" data-parallax-style=\"bg_only\" data-bg-animation=\"none\" data-full-width=\"true\" class=\"nectar-slider-wrap \" id=\"nectar-slider-instance-1\"><div class=\"swiper-container\"  data-tho=\"auto\" data-tco=\"auto\" data-pho=\"auto\" data-pco=\"auto\" data-loop=\"false\" data-height=\"650\" data-min-height=\"\" data-arrows=\"false\" data-bullets=\"false\" data-bullet_style=\"see_through\" data-bullet_position=\"bottom\" data-desktop-swipe=\"false\" data-settings=\"\"> <div class=\"swiper-wrapper\"><div class=\"swiper-slide\" data-desktop-content-width=\"auto\" data-tablet-content-width=\"auto\" data-bg-alignment=\"center\" data-color-scheme=\"dark\" data-x-pos=\"centered\" data-y-pos=\"middle\" ><div class=\"slide-bg-wrap\"><div class=\"image-bg\" style=\"background-image: url(https:\/\/www.premiumsuitehotels.com\/bonanova-suite-hotel\/wp-content\/uploads\/sites\/7\/2023\/01\/Consulta_sala-de-espera.jpg);\"> &nbsp; <\/div><\/div><div class=\"container\">\n\t\t\t\t\t\t<div class=\"content\"><h1>WOMEN\u00b4S<\/h1><\/div>\n\t\t\t\t\t\t\t\t<\/div><!--\/container--><a href=\"#\" class=\"slider-down-arrow no-border\"><svg class=\"nectar-scroll-icon\" viewBox=\"0 0 30 45\" enable-background=\"new 0 0 30 45\">\n\t\t\t\t\t\t\t\t\t<path class=\"nectar-scroll-icon-path\" fill=\"none\" stroke=\"#ffffff\" stroke-width=\"2\" stroke-miterlimit=\"10\" d=\"M15,1.118c12.352,0,13.967,12.88,13.967,12.88v18.76  c0,0-1.514,11.204-13.967,11.204S0.931,32.966,0.931,32.966V14.05C0.931,14.05,2.648,1.118,15,1.118z\"><\/path>\n\t\t\t\t\t\t\t\t\t<\/svg><\/a><div class=\"video-texture \"> <span class=\"ie-fix\"><\/span> <\/div><\/div> <!--\/swiper-slide--><\/div><div class=\"nectar-slider-loading \"> <span class=\"loading-icon none\">   <\/span> <\/div> <\/div> \n\t\t\t\t\t\n\t\t\t\t\t<\/div>[\/vc_column][\/vc_row][vc_row type=\u00bbfull_width_content\u00bb full_screen_row_position=\u00bbmiddle\u00bb column_margin=\u00bbdefault\u00bb equal_height=\u00bbyes\u00bb content_placement=\u00bbbottom\u00bb column_direction=\u00bbdefault\u00bb column_direction_tablet=\u00bbdefault\u00bb column_direction_phone=\u00bbdefault\u00bb bg_color=\u00bb#ffffff\u00bb scene_position=\u00bbcenter\u00bb top_padding=\u00bb2%\u00bb bottom_padding=\u00bb2%\u00bb text_color=\u00bbdark\u00bb text_align=\u00bbcenter\u00bb row_border_radius=\u00bbnone\u00bb row_border_radius_applies=\u00bbbg\u00bb color_overlay=\u00bb#ffffff\u00bb color_overlay_2=\u00bb#ffffff\u00bb overlay_strength=\u00bb0.5&#8243; gradient_direction=\u00bbleft_to_right\u00bb shape_divider_position=\u00bbbottom\u00bb shape_divider_height=\u00bb350&#8243; bg_image_animation=\u00bbfade-in\u00bb parallax_bg=\u00bbtrue\u00bb parallax_bg_speed=\u00bbfast\u00bb shape_type=\u00bbmountains\u00bb][vc_column column_padding=\u00bbpadding-3-percent\u00bb column_padding_tablet=\u00bbinherit\u00bb column_padding_phone=\u00bbinherit\u00bb column_padding_position=\u00bball\u00bb background_color_opacity=\u00bb1&#8243; background_hover_color_opacity=\u00bb1&#8243; font_color=\u00bb#44443c\u00bb column_shadow=\u00bbnone\u00bb column_border_radius=\u00bbnone\u00bb column_link_target=\u00bb_self\u00bb gradient_direction=\u00bbleft_to_right\u00bb overlay_strength=\u00bb0.3&#8243; width=\u00bb1\/1&#8243; tablet_width_inherit=\u00bbdefault\u00bb tablet_text_alignment=\u00bbdefault\u00bb phone_text_alignment=\u00bbdefault\u00bb column_border_width=\u00bbnone\u00bb column_border_style=\u00bbsolid\u00bb bg_image_animation=\u00bbnone\u00bb][vc_text_separator title=\u00bbCentro Ginecol\u00f3gico Women\u2019s\u00bb color=\u00bbcustom\u00bb accent_color=\u00bb#000000&#8243;][\/vc_column][\/vc_row][vc_row type=\u00bbfull_width_content\u00bb full_screen_row_position=\u00bbmiddle\u00bb column_margin=\u00bbdefault\u00bb column_direction=\u00bbdefault\u00bb column_direction_tablet=\u00bbdefault\u00bb column_direction_phone=\u00bbdefault\u00bb scene_position=\u00bbcenter\u00bb top_padding=\u00bb0&#8243; bottom_padding=\u00bb4%\u00bb text_color=\u00bbdark\u00bb text_align=\u00bbleft\u00bb row_border_radius=\u00bbnone\u00bb row_border_radius_applies=\u00bbbg\u00bb id=\u00bbsleep\u00bb overlay_strength=\u00bb0.3&#8243; gradient_direction=\u00bbleft_to_right\u00bb shape_divider_position=\u00bbbottom\u00bb bg_image_animation=\u00bbnone\u00bb shape_type=\u00bb\u00bb][vc_column column_padding=\u00bbpadding-5-percent\u00bb column_padding_tablet=\u00bbinherit\u00bb column_padding_phone=\u00bbpadding-2-percent\u00bb column_padding_position=\u00bbleft-right\u00bb centered_text=\u00bbtrue\u00bb background_color_opacity=\u00bb1&#8243; background_hover_color_opacity=\u00bb1&#8243; column_shadow=\u00bbnone\u00bb column_border_radius=\u00bbnone\u00bb column_link_target=\u00bb_self\u00bb gradient_direction=\u00bbleft_to_right\u00bb overlay_strength=\u00bb0.3&#8243; width=\u00bb1\/1&#8243; tablet_width_inherit=\u00bbdefault\u00bb tablet_text_alignment=\u00bbdefault\u00bb phone_text_alignment=\u00bbdefault\u00bb column_border_width=\u00bbnone\u00bb column_border_style=\u00bbsolid\u00bb bg_image_animation=\u00bbnone\u00bb][vc_column_text]\n<p style=\"text-align: left;\">Aproveche nuestro c\u00f3digo promocional <strong><a href=\"https:\/\/www.premiumsuitehotels.com\/bonanova-suite-hotel\/reservas\/\">WOMENSPSH<\/a><\/strong><a href=\"https:\/\/www.premiumsuitehotels.com\/bonanova-suite-hotel\/reservas\/\"><strong>\u00a0con un descuento del 10%<\/strong><\/a><a href=\"https:\/\/www.premiumsuitehotels.com\/bonanova-suite-hotel\/reservas\/\"><strong>\u00a0<\/strong><\/a>en nuestra\u00a0 p\u00e1gina de\u00a0<strong><a href=\"https:\/\/www.premiumsuitehotels.com\/bonanova-suite-hotel\/reservas\/\">reserva directa<\/a>.<\/strong><\/p>\n<p style=\"font-weight: 400; text-align: left;\">Formado por un equipo de especialistas en la Salud de la mujer<\/p>\n[\/vc_column_text][vc_column_text]\n<p style=\"text-align: justify;\"><span style=\"color: #000000;\"><strong>Estancias en Women\u2019s :<\/strong><\/span><\/p>\n<div>\n<p style=\"font-weight: 400; text-align: left;\">Women\u2019s naci\u00f3 de la uni\u00f3n de dos experimentados equipos m\u00e9dicos liderados por el <strong>Dr. Francisco Carmona<\/strong>\u00a0y los\u00a0<strong>Drs. Santiago Dexeus y Dami\u00e1n Dexeus<\/strong>.<\/p>\n<p style=\"font-weight: 400; text-align: left;\">Integrado por especialistas de referencia mundial que abarcan todos los \u00e1mbitos de la ginecolog\u00eda, la obstetricia y el bienestar de la mujer, Women\u2019s fue fundado con el objetivo de facilitar <strong>una atenci\u00f3n m\u00e9dica personalizada, integral y de la m\u00e1s alta calidad t\u00e9cnica y cient\u00edfica<\/strong>\u00a0<strong>en todas las etapas de la mujer<\/strong>.<\/p>\n<p style=\"font-weight: 400; text-align: left;\">Women\u2019s lo conforman una selecci\u00f3n de los mejores expertos y especialistas, profesionales de referencia en <strong>cirug\u00eda ginecol\u00f3gica avanzada, fertilidad y reproducci\u00f3n asistida, embarazo, suelo p\u00e9lvico, menopausia y perimenopausia, oncolog\u00eda, tratamiento del dolor, fisioterapia, psicolog\u00eda y diet\u00e9tica<\/strong>, con un objetivo y una filosof\u00eda com\u00fan: ayudar a la mujer en todas las \u00e1reas, circunstancias y etapas de la vida, desde la adolescencia hasta la edad adulta.<\/p>\n<\/div>\n<p style=\"text-align: justify;\"><span style=\"color: #000000;\"><strong>Servicios Bonanova para acompa\u00f1antes:<\/strong><\/span><\/p>\n<div>\n<p style=\"text-align: justify;\">Los apartamentos del hotel Bonanova Suite disponen de una cocina totalmente equipada, limpieza diaria y un sal\u00f3n espacioso que facilitar\u00e1n su descanso. Adem\u00e1s, el hotel tambi\u00e9n dispone de servicio de conexi\u00f3n a internet wifi en los apartamentos y zonas comunes sin coste adicional.<\/p>\n<p style=\"text-align: justify;\">La ubicaci\u00f3n de Bonanova Suite es ideal para ir a la Women\u2019s<\/p>\n<\/div>\n[\/vc_column_text][\/vc_column][\/vc_row][vc_row type=\u00bbfull_width_content\u00bb full_screen_row_position=\u00bbmiddle\u00bb column_margin=\u00bbdefault\u00bb column_direction=\u00bbdefault\u00bb column_direction_tablet=\u00bbdefault\u00bb column_direction_phone=\u00bbdefault\u00bb scene_position=\u00bbcenter\u00bb text_color=\u00bbdark\u00bb text_align=\u00bbleft\u00bb row_border_radius=\u00bbnone\u00bb row_border_radius_applies=\u00bbbg\u00bb overlay_strength=\u00bb0.3&#8243; gradient_direction=\u00bbleft_to_right\u00bb shape_divider_position=\u00bbbottom\u00bb bg_image_animation=\u00bbnone\u00bb shape_type=\u00bb\u00bb][vc_column column_padding=\u00bbno-extra-padding\u00bb column_padding_tablet=\u00bbinherit\u00bb column_padding_phone=\u00bbinherit\u00bb column_padding_position=\u00bball\u00bb background_color_opacity=\u00bb1&#8243; background_hover_color_opacity=\u00bb1&#8243; column_shadow=\u00bbnone\u00bb column_border_radius=\u00bbnone\u00bb column_link_target=\u00bb_self\u00bb gradient_direction=\u00bbleft_to_right\u00bb overlay_strength=\u00bb0.3&#8243; width=\u00bb1\/1&#8243; tablet_width_inherit=\u00bbdefault\u00bb tablet_text_alignment=\u00bbdefault\u00bb phone_text_alignment=\u00bbdefault\u00bb column_border_width=\u00bbnone\u00bb column_border_style=\u00bbsolid\u00bb bg_image_animation=\u00bbnone\u00bb][vc_raw_html]JTNDaWZyYW1lJTIwc3JjJTNEJTIyaHR0cHMlM0ElMkYlMkZ3d3cuZ29vZ2xlLmNvbSUyRm1hcHMlMkZlbWJlZCUzRnBiJTNEJTIxMW0yOCUyMTFtMTIlMjExbTMlMjExZDU5ODUuNjE5NDYxNTAyNTElMjEyZDIuMTI4MzczNjI4NjY0NDY4JTIxM2Q0MS4zOTk5MzgyNjcwNTE3NDUlMjEybTMlMjExZjAlMjEyZjAlMjEzZjAlMjEzbTIlMjExaTEwMjQlMjEyaTc2OCUyMTRmMTMuMSUyMTRtMTMlMjEzZTIlMjE0bTUlMjExczB4MTJhNDk4MGRlYzBlNjZjZCUyNTNBMHhiMjc5OWM4Y2Q2OTNiYzRkJTIxMnNBcGFydGhvdGVsJTI1MjBCb25hbm92YSUyNTJDJTI1MjBDJTI1MkYlMjUyMGRlbCUyNTIwQmlzYmUlMjUyMFNpdmlsbGElMjUyQyUyNTIwNyUyNTJDJTI1MjAwODAyMiUyNTIwQmFyY2Vsb25hJTIxM20yJTIxMWQ0MS40MDU0OTE1JTIxMmQyLjEzNjExMjglMjE0bTUlMjExczB4MTJhNDk4NjkxZjI4ZmRhNSUyNTNBMHg5OWE0ZDEyNDI5OTEzYjIzJTIxMnNDYXJyZXIlMjUyMGRlJTI1MjBHaXJvbmVsbGElMjUyQyUyNTIwNiUyNTJDJTI1MjAwODAxNyUyNTIwQmFyY2Vsb25hJTIxM20yJTIxMWQ0MS4zOTQ0MjIzOTk5OTk5OTYlMjEyZDIuMTI5MDA5NiUyMTVlMCUyMTNtMiUyMTFzZXMlMjEyc2VzJTIxNHYxNjc1MDkyMjk2MjE5JTIxNW0yJTIxMXNlcyUyMTJzZXMlMjIlMjB3aWR0aCUzRCUyMjE5MDAlMjIlMjBoZWlnaHQlM0QlMjI0MDAlMjIlMjBzdHlsZSUzRCUyMmJvcmRlciUzQTAlM0IlMjIlMjBhbGxvd2Z1bGxzY3JlZW4lM0QlMjIlMjIlMjBsb2FkaW5nJTNEJTIybGF6eSUyMiUyMHJlZmVycmVycG9saWN5JTNEJTIybm8tcmVmZXJyZXItd2hlbi1kb3duZ3JhZGUlMjIlM0UlM0MlMkZpZnJhbWUlM0U=[\/vc_raw_html][\/vc_column][\/vc_row]\n","protected":false},"excerpt":{"rendered":"<p>[vc_row type=\u00bbin_container\u00bb full_screen_row_position=\u00bbmiddle\u00bb column_margin=\u00bbdefault\u00bb column_direction=\u00bbdefault\u00bb column_direction_tablet=\u00bbdefault\u00bb column_direction_phone=\u00bbdefault\u00bb scene_position=\u00bbcenter\u00bb text_color=\u00bbdark\u00bb text_align=\u00bbleft\u00bb row_border_radius=\u00bbnone\u00bb row_border_radius_applies=\u00bbbg\u00bb overlay_strength=\u00bb0.3&#8243; gradient_direction=\u00bbleft_to_right\u00bb shape_divider_position=\u00bbbottom\u00bb bg_image_animation=\u00bbnone\u00bb shape_type=\u00bb\u00bb][vc_column column_padding=\u00bbno-extra-padding\u00bb column_padding_tablet=\u00bbinherit\u00bb column_padding_phone=\u00bbinherit\u00bb column_padding_position=\u00bball\u00bb background_color_opacity=\u00bb1&#8243; background_hover_color_opacity=\u00bb1&#8243; column_shadow=\u00bbnone\u00bb column_border_radius=\u00bbnone\u00bb column_link_target=\u00bb_self\u00bb gradient_direction=\u00bbleft_to_right\u00bb overlay_strength=\u00bb0.3&#8243; width=\u00bb1\/1&#8243; tablet_width_inherit=\u00bbdefault\u00bb&#8230;<\/p>\n","protected":false},"author":3,"featured_media":0,"parent":0,"menu_order":0,"comment_status":"closed","ping_status":"closed","template":"","meta":[],"yoast_head":"<!-- This site is optimized with the Yoast SEO plugin v19.6.1 - https:\/\/yoast.com\/wordpress\/plugins\/seo\/ -->\n<title>Centro Ginecol\u00f3gico Women\u2019s Bonanova Suite Hotel.<\/title>\n<meta name=\"description\" content=\"Centro Ginecol\u00f3gico Women\u2019s Bonanova Suite Hotel, Barcelona.\" \/>\n<meta name=\"robots\" content=\"index, follow, max-snippet:-1, max-image-preview:large, max-video-preview:-1\" \/>\n<link rel=\"canonical\" href=\"https:\/\/www.premiumsuitehotels.com\/bonanova-suite-hotel\/centro-ginecologico-womens\/\" \/>\n<meta property=\"og:locale\" content=\"es_ES\" \/>\n<meta property=\"og:type\" content=\"article\" \/>\n<meta property=\"og:title\" content=\"Centro Ginecol\u00f3gico Women\u2019s Bonanova Suite Hotel.\" \/>\n<meta property=\"og:description\" content=\"Centro Ginecol\u00f3gico Women\u2019s Bonanova Suite Hotel, Barcelona.\" \/>\n<meta property=\"og:url\" content=\"https:\/\/www.premiumsuitehotels.com\/bonanova-suite-hotel\/centro-ginecologico-womens\/\" \/>\n<meta property=\"og:site_name\" content=\"Bonanova Suite Hotel\" \/>\n<meta property=\"article:modified_time\" content=\"2023-08-31T09:22:38+00:00\" \/>\n<meta name=\"twitter:card\" content=\"summary_large_image\" \/>\n<meta name=\"twitter:label1\" content=\"Tiempo de lectura\" \/>\n\t<meta name=\"twitter:data1\" content=\"2 minutos\" \/>\n<script type=\"application\/ld+json\" class=\"yoast-schema-graph\">{\"@context\":\"https:\/\/schema.org\",\"@graph\":[{\"@type\":\"WebPage\",\"@id\":\"https:\/\/www.premiumsuitehotels.com\/bonanova-suite-hotel\/centro-ginecologico-womens\/\",\"url\":\"https:\/\/www.premiumsuitehotels.com\/bonanova-suite-hotel\/centro-ginecologico-womens\/\",\"name\":\"Centro Ginecol\u00f3gico Women\u2019s Bonanova Suite Hotel.\",\"isPartOf\":{\"@id\":\"https:\/\/www.premiumsuitehotels.com\/bonanova-suite-hotel\/#website\"},\"datePublished\":\"2023-01-30T15:25:33+00:00\",\"dateModified\":\"2023-08-31T09:22:38+00:00\",\"description\":\"Centro Ginecol\u00f3gico Women\u2019s Bonanova Suite Hotel, Barcelona.\",\"breadcrumb\":{\"@id\":\"https:\/\/www.premiumsuitehotels.com\/bonanova-suite-hotel\/centro-ginecologico-womens\/#breadcrumb\"},\"inLanguage\":\"es\",\"potentialAction\":[{\"@type\":\"ReadAction\",\"target\":[\"https:\/\/www.premiumsuitehotels.com\/bonanova-suite-hotel\/centro-ginecologico-womens\/\"]}]},{\"@type\":\"BreadcrumbList\",\"@id\":\"https:\/\/www.premiumsuitehotels.com\/bonanova-suite-hotel\/centro-ginecologico-womens\/#breadcrumb\",\"itemListElement\":[{\"@type\":\"ListItem\",\"position\":1,\"name\":\"Portada\",\"item\":\"https:\/\/www.premiumsuitehotels.com\/bonanova-suite-hotel\/\"},{\"@type\":\"ListItem\",\"position\":2,\"name\":\"Centro Ginecol\u00f3gico Women\u2019s\"}]},{\"@type\":\"WebSite\",\"@id\":\"https:\/\/www.premiumsuitehotels.com\/bonanova-suite-hotel\/#website\",\"url\":\"https:\/\/www.premiumsuitehotels.com\/bonanova-suite-hotel\/\",\"name\":\"Bonanova Suite Hotel\",\"description\":\"Bonanova Suite Hotel\",\"potentialAction\":[{\"@type\":\"SearchAction\",\"target\":{\"@type\":\"EntryPoint\",\"urlTemplate\":\"https:\/\/www.premiumsuitehotels.com\/bonanova-suite-hotel\/?s={search_term_string}\"},\"query-input\":\"required name=search_term_string\"}],\"inLanguage\":\"es\"}]}<\/script>\n<!-- \/ Yoast SEO plugin. -->","yoast_head_json":{"title":"Centro Ginecol\u00f3gico Women\u2019s Bonanova Suite Hotel.","description":"Centro Ginecol\u00f3gico Women\u2019s Bonanova Suite Hotel, Barcelona.","robots":{"index":"index","follow":"follow","max-snippet":"max-snippet:-1","max-image-preview":"max-image-preview:large","max-video-preview":"max-video-preview:-1"},"canonical":"https:\/\/www.premiumsuitehotels.com\/bonanova-suite-hotel\/centro-ginecologico-womens\/","og_locale":"es_ES","og_type":"article","og_title":"Centro Ginecol\u00f3gico Women\u2019s Bonanova Suite Hotel.","og_description":"Centro Ginecol\u00f3gico Women\u2019s Bonanova Suite Hotel, Barcelona.","og_url":"https:\/\/www.premiumsuitehotels.com\/bonanova-suite-hotel\/centro-ginecologico-womens\/","og_site_name":"Bonanova Suite Hotel","article_modified_time":"2023-08-31T09:22:38+00:00","twitter_card":"summary_large_image","twitter_misc":{"Tiempo de lectura":"2 minutos"},"schema":{"@context":"https:\/\/schema.org","@graph":[{"@type":"WebPage","@id":"https:\/\/www.premiumsuitehotels.com\/bonanova-suite-hotel\/centro-ginecologico-womens\/","url":"https:\/\/www.premiumsuitehotels.com\/bonanova-suite-hotel\/centro-ginecologico-womens\/","name":"Centro Ginecol\u00f3gico Women\u2019s Bonanova Suite Hotel.","isPartOf":{"@id":"https:\/\/www.premiumsuitehotels.com\/bonanova-suite-hotel\/#website"},"datePublished":"2023-01-30T15:25:33+00:00","dateModified":"2023-08-31T09:22:38+00:00","description":"Centro Ginecol\u00f3gico Women\u2019s Bonanova Suite Hotel, Barcelona.","breadcrumb":{"@id":"https:\/\/www.premiumsuitehotels.com\/bonanova-suite-hotel\/centro-ginecologico-womens\/#breadcrumb"},"inLanguage":"es","potentialAction":[{"@type":"ReadAction","target":["https:\/\/www.premiumsuitehotels.com\/bonanova-suite-hotel\/centro-ginecologico-womens\/"]}]},{"@type":"BreadcrumbList","@id":"https:\/\/www.premiumsuitehotels.com\/bonanova-suite-hotel\/centro-ginecologico-womens\/#breadcrumb","itemListElement":[{"@type":"ListItem","position":1,"name":"Portada","item":"https:\/\/www.premiumsuitehotels.com\/bonanova-suite-hotel\/"},{"@type":"ListItem","position":2,"name":"Centro Ginecol\u00f3gico Women\u2019s"}]},{"@type":"WebSite","@id":"https:\/\/www.premiumsuitehotels.com\/bonanova-suite-hotel\/#website","url":"https:\/\/www.premiumsuitehotels.com\/bonanova-suite-hotel\/","name":"Bonanova Suite Hotel","description":"Bonanova Suite Hotel","potentialAction":[{"@type":"SearchAction","target":{"@type":"EntryPoint","urlTemplate":"https:\/\/www.premiumsuitehotels.com\/bonanova-suite-hotel\/?s={search_term_string}"},"query-input":"required name=search_term_string"}],"inLanguage":"es"}]}},"_links":{"self":[{"href":"https:\/\/www.premiumsuitehotels.com\/bonanova-suite-hotel\/wp-json\/wp\/v2\/pages\/25280"}],"collection":[{"href":"https:\/\/www.premiumsuitehotels.com\/bonanova-suite-hotel\/wp-json\/wp\/v2\/pages"}],"about":[{"href":"https:\/\/www.premiumsuitehotels.com\/bonanova-suite-hotel\/wp-json\/wp\/v2\/types\/page"}],"author":[{"embeddable":true,"href":"https:\/\/www.premiumsuitehotels.com\/bonanova-suite-hotel\/wp-json\/wp\/v2\/users\/3"}],"replies":[{"embeddable":true,"href":"https:\/\/www.premiumsuitehotels.com\/bonanova-suite-hotel\/wp-json\/wp\/v2\/comments?post=25280"}],"version-history":[{"count":9,"href":"https:\/\/www.premiumsuitehotels.com\/bonanova-suite-hotel\/wp-json\/wp\/v2\/pages\/25280\/revisions"}],"predecessor-version":[{"id":25367,"href":"https:\/\/www.premiumsuitehotels.com\/bonanova-suite-hotel\/wp-json\/wp\/v2\/pages\/25280\/revisions\/25367"}],"wp:attachment":[{"href":"https:\/\/www.premiumsuitehotels.com\/bonanova-suite-hotel\/wp-json\/wp\/v2\/media?parent=25280"}],"curies":[{"name":"wp","href":"https:\/\/api.w.org\/{rel}","templated":true}]}}