{"id":24611,"date":"2022-06-14T10:50:45","date_gmt":"2022-06-14T10:50:45","guid":{"rendered":"https:\/\/www.premiumsuitehotels.com\/bonanova-suite-hotel\/?page_id=24611"},"modified":"2026-02-09T15:25:17","modified_gmt":"2026-02-09T15:25:17","slug":"clinica-ivi","status":"publish","type":"page","link":"https:\/\/www.premiumsuitehotels.com\/bonanova-suite-hotel\/clinica-ivi\/","title":{"rendered":"Cl\u00ednica IVI"},"content":{"rendered":"[vc_row type=\u00bbin_container\u00bb full_screen_row_position=\u00bbmiddle\u00bb column_margin=\u00bbdefault\u00bb column_direction=\u00bbdefault\u00bb column_direction_tablet=\u00bbdefault\u00bb column_direction_phone=\u00bbdefault\u00bb scene_position=\u00bbcenter\u00bb text_color=\u00bbdark\u00bb text_align=\u00bbleft\u00bb row_border_radius=\u00bbnone\u00bb row_border_radius_applies=\u00bbbg\u00bb overlay_strength=\u00bb0.3&#8243; gradient_direction=\u00bbleft_to_right\u00bb shape_divider_position=\u00bbbottom\u00bb bg_image_animation=\u00bbnone\u00bb shape_type=\u00bb\u00bb][vc_column column_padding=\u00bbno-extra-padding\u00bb column_padding_tablet=\u00bbinherit\u00bb column_padding_phone=\u00bbinherit\u00bb column_padding_position=\u00bball\u00bb background_color_opacity=\u00bb1&#8243; background_hover_color_opacity=\u00bb1&#8243; column_shadow=\u00bbnone\u00bb column_border_radius=\u00bbnone\u00bb column_link_target=\u00bb_self\u00bb gradient_direction=\u00bbleft_to_right\u00bb overlay_strength=\u00bb0.3&#8243; width=\u00bb1\/1&#8243; tablet_width_inherit=\u00bbdefault\u00bb tablet_text_alignment=\u00bbdefault\u00bb phone_text_alignment=\u00bbdefault\u00bb column_border_width=\u00bbnone\u00bb column_border_style=\u00bbsolid\u00bb bg_image_animation=\u00bbnone\u00bb]<div  data-transition=\"slide\" data-overall_style=\"classic\" data-flexible-height=\"\" data-animate-in-effect=\"none\" data-fullscreen=\"true\" data-button-sizing=\"regular\" data-button-styling=\"btn_with_count\" data-autorotate=\"\" data-parallax=\"false\" data-parallax-disable-mobile=\"\" data-caption-trans=\"fade_in_from_bottom\" data-parallax-style=\"bg_only\" data-bg-animation=\"none\" data-full-width=\"true\" class=\"nectar-slider-wrap \" id=\"nectar-slider-instance-1\"><div class=\"swiper-container\"  data-tho=\"auto\" data-tco=\"auto\" data-pho=\"auto\" data-pco=\"auto\" data-loop=\"false\" data-height=\"650\" data-min-height=\"\" data-arrows=\"false\" data-bullets=\"false\" data-bullet_style=\"see_through\" data-bullet_position=\"bottom\" data-desktop-swipe=\"false\" data-settings=\"\"> <div class=\"swiper-wrapper\"><div class=\"swiper-slide\" data-desktop-content-width=\"auto\" data-tablet-content-width=\"auto\" data-bg-alignment=\"center\" data-color-scheme=\"light\" data-x-pos=\"centered\" data-y-pos=\"middle\" ><div class=\"slide-bg-wrap\"><div class=\"image-bg\" style=\"background-image: url(https:\/\/www.premiumsuitehotels.com\/bonanova-suite-hotel\/wp-content\/uploads\/sites\/7\/2022\/06\/ivi.jpeg);\"> &nbsp; <\/div><\/div><div class=\"container\">\n\t\t\t\t\t\t<div class=\"content\"><h1>IVI Barcelona<\/h1><\/div>\n\t\t\t\t\t\t\t\t<\/div><!--\/container--><a href=\"#\" class=\"slider-down-arrow no-border\"><svg class=\"nectar-scroll-icon\" viewBox=\"0 0 30 45\" enable-background=\"new 0 0 30 45\">\n\t\t\t\t\t\t\t\t\t<path class=\"nectar-scroll-icon-path\" fill=\"none\" stroke=\"#ffffff\" stroke-width=\"2\" stroke-miterlimit=\"10\" d=\"M15,1.118c12.352,0,13.967,12.88,13.967,12.88v18.76  c0,0-1.514,11.204-13.967,11.204S0.931,32.966,0.931,32.966V14.05C0.931,14.05,2.648,1.118,15,1.118z\"><\/path>\n\t\t\t\t\t\t\t\t\t<\/svg><\/a><div class=\"video-texture \"> <span class=\"ie-fix\"><\/span> <\/div><\/div> <!--\/swiper-slide--><\/div><div class=\"nectar-slider-loading \"> <span class=\"loading-icon none\">   <\/span> <\/div> <\/div> \n\t\t\t\t\t\n\t\t\t\t\t<\/div>[\/vc_column][\/vc_row][vc_row type=\u00bbfull_width_content\u00bb full_screen_row_position=\u00bbmiddle\u00bb column_margin=\u00bbdefault\u00bb equal_height=\u00bbyes\u00bb content_placement=\u00bbbottom\u00bb column_direction=\u00bbdefault\u00bb column_direction_tablet=\u00bbdefault\u00bb column_direction_phone=\u00bbdefault\u00bb bg_color=\u00bb#ffffff\u00bb scene_position=\u00bbcenter\u00bb top_padding=\u00bb2%\u00bb bottom_padding=\u00bb2%\u00bb text_color=\u00bbdark\u00bb text_align=\u00bbcenter\u00bb row_border_radius=\u00bbnone\u00bb row_border_radius_applies=\u00bbbg\u00bb color_overlay=\u00bb#ffffff\u00bb color_overlay_2=\u00bb#ffffff\u00bb overlay_strength=\u00bb0.5&#8243; gradient_direction=\u00bbleft_to_right\u00bb shape_divider_position=\u00bbbottom\u00bb shape_divider_height=\u00bb350&#8243; bg_image_animation=\u00bbfade-in\u00bb parallax_bg=\u00bbtrue\u00bb parallax_bg_speed=\u00bbfast\u00bb shape_type=\u00bbmountains\u00bb][vc_column column_padding=\u00bbpadding-3-percent\u00bb column_padding_tablet=\u00bbinherit\u00bb column_padding_phone=\u00bbinherit\u00bb column_padding_position=\u00bball\u00bb background_color_opacity=\u00bb1&#8243; background_hover_color_opacity=\u00bb1&#8243; font_color=\u00bb#44443c\u00bb column_shadow=\u00bbnone\u00bb column_border_radius=\u00bbnone\u00bb column_link_target=\u00bb_self\u00bb gradient_direction=\u00bbleft_to_right\u00bb overlay_strength=\u00bb0.3&#8243; width=\u00bb1\/1&#8243; tablet_width_inherit=\u00bbdefault\u00bb tablet_text_alignment=\u00bbdefault\u00bb phone_text_alignment=\u00bbdefault\u00bb column_border_width=\u00bbnone\u00bb column_border_style=\u00bbsolid\u00bb bg_image_animation=\u00bbnone\u00bb][vc_text_separator title=\u00bbIVI desde el Bonanova Suite\u00bb color=\u00bbcustom\u00bb accent_color=\u00bb#000000&#8243;][\/vc_column][\/vc_row][vc_row type=\u00bbfull_width_content\u00bb full_screen_row_position=\u00bbmiddle\u00bb column_margin=\u00bbdefault\u00bb column_direction=\u00bbdefault\u00bb column_direction_tablet=\u00bbdefault\u00bb column_direction_phone=\u00bbdefault\u00bb scene_position=\u00bbcenter\u00bb top_padding=\u00bb0&#8243; bottom_padding=\u00bb4%\u00bb text_color=\u00bbdark\u00bb text_align=\u00bbleft\u00bb row_border_radius=\u00bbnone\u00bb row_border_radius_applies=\u00bbbg\u00bb id=\u00bbsleep\u00bb overlay_strength=\u00bb0.3&#8243; gradient_direction=\u00bbleft_to_right\u00bb shape_divider_position=\u00bbbottom\u00bb bg_image_animation=\u00bbnone\u00bb shape_type=\u00bb\u00bb][vc_column column_padding=\u00bbpadding-5-percent\u00bb column_padding_tablet=\u00bbinherit\u00bb column_padding_phone=\u00bbpadding-2-percent\u00bb column_padding_position=\u00bbleft-right\u00bb centered_text=\u00bbtrue\u00bb background_color_opacity=\u00bb1&#8243; background_hover_color_opacity=\u00bb1&#8243; column_shadow=\u00bbnone\u00bb column_border_radius=\u00bbnone\u00bb column_link_target=\u00bb_self\u00bb gradient_direction=\u00bbleft_to_right\u00bb overlay_strength=\u00bb0.3&#8243; width=\u00bb1\/1&#8243; tablet_width_inherit=\u00bbdefault\u00bb tablet_text_alignment=\u00bbdefault\u00bb phone_text_alignment=\u00bbdefault\u00bb column_border_width=\u00bbnone\u00bb column_border_style=\u00bbsolid\u00bb bg_image_animation=\u00bbnone\u00bb][vc_column_text]\n<p style=\"text-align: justify\">Bonanova Suite Hotel ofrece alojamiento tanto para acompa\u00f1antes como pacientes de la Cl\u00ednica IVI. Ponemos a su disposici\u00f3n amplios apartamentos y suites cerca de la cl\u00ednica.<\/p>\n<p style=\"text-align: justify\">Aproveche nuestro c\u00f3digo promocional\u00a0<a href=\"https:\/\/www.premiumsuitehotels.com\/bonanova-suite-hotel\/reservas\/\"><strong>IVI<\/strong><strong>PSH con un descuento del 10%<\/strong><\/a><a href=\"https:\/\/www.premiumsuitehotels.com\/bonanova-suite-hotel\/reservas\/\"><strong>\u00a0<\/strong><\/a>en nuestra\u00a0 p\u00e1gina de\u00a0<strong><a href=\"https:\/\/www.premiumsuitehotels.com\/bonanova-suite-hotel\/reservas\/\">reserva directa<\/a>.<\/strong><\/p>\n[\/vc_column_text][vc_column_text]\n<p style=\"text-align: justify\"><span style=\"color: #000000\"><strong>Estancias en Cl\u00ednica IVI:<\/strong><\/span><\/p>\n<div>\n<p style=\"text-align: justify\">En IVI llevan desde 1990 ofreciendo las mejores t\u00e9cnicas de reproducci\u00f3n asistida gracias a las cuales han nacido m\u00e1s de 160.000 ni\u00f1os en el mundo.<\/p>\n<p style=\"text-align: justify\">Grupo IVI tiene las mejores tasas de embarazo, 9 de cada 10 parejas que conf\u00edan en nosotros consiguen su objetivo de ser padres. En la actualidad, IVI cuenta con m\u00e1s de 65 cl\u00ednicas de fertilidad incluyendo, al margen de Espa\u00f1a, centros en Estados Unidos, Argentina, Brasil, Chile, Emiratos \u00c1rabes Unidos, India, Italia, Om\u00e1n, Panam\u00e1, Portugal y Reino Unido, en las que han ayudado a nacer a m\u00e1s de 160.000 beb\u00e9s.<\/p>\n<p style=\"text-align: justify\">La cl\u00ednica est\u00e1 situada en Ronda General Mitre, 14, a 22 minutos a pie de Bonanova Suite, en la calle Bisbe Sivilla 7.<\/p>\n<\/div>\n<p style=\"text-align: justify\"><span style=\"color: #000000\"><strong>Servicios Bonanova para acompa\u00f1antes:<\/strong><\/span><\/p>\n<div>\n<p style=\"text-align: justify\">Bonanova Suite ofrece un servicio esmerado y personalizado para que la estancia de los clientes que se alojan por motivos m\u00e9dicos sea lo m\u00e1s agradable posible, ofreciendo unas instalaciones adecuadas con el fin de contribuir a la r\u00e1pida recuperaci\u00f3n del paciente.<\/p>\n<p style=\"text-align: justify\">Todos nuestros apartamentos, de gran amplitud, disponen de cocina totalmente equipada. Ofrecemos limpieza diaria con cambio de toallas, conexi\u00f3n wifi gratuita en todo el alojamiento, caja de seguridad y recepci\u00f3n abierta las 24 horas.<\/p>\n<p style=\"text-align: justify\">Bonanova Suite, la mejor opci\u00f3n de hotel cerca de Cl\u00ednica IVI.<\/p>\n<\/div>\n[\/vc_column_text][\/vc_column][\/vc_row][vc_row type=\u00bbfull_width_content\u00bb full_screen_row_position=\u00bbmiddle\u00bb column_margin=\u00bbdefault\u00bb column_direction=\u00bbdefault\u00bb column_direction_tablet=\u00bbdefault\u00bb column_direction_phone=\u00bbdefault\u00bb scene_position=\u00bbcenter\u00bb text_color=\u00bbdark\u00bb text_align=\u00bbleft\u00bb row_border_radius=\u00bbnone\u00bb row_border_radius_applies=\u00bbbg\u00bb overlay_strength=\u00bb0.3&#8243; gradient_direction=\u00bbleft_to_right\u00bb shape_divider_position=\u00bbbottom\u00bb bg_image_animation=\u00bbnone\u00bb shape_type=\u00bb\u00bb][vc_column column_padding=\u00bbno-extra-padding\u00bb column_padding_tablet=\u00bbinherit\u00bb column_padding_phone=\u00bbinherit\u00bb column_padding_position=\u00bball\u00bb background_color_opacity=\u00bb1&#8243; background_hover_color_opacity=\u00bb1&#8243; column_shadow=\u00bbnone\u00bb column_border_radius=\u00bbnone\u00bb column_link_target=\u00bb_self\u00bb gradient_direction=\u00bbleft_to_right\u00bb overlay_strength=\u00bb0.3&#8243; width=\u00bb1\/1&#8243; tablet_width_inherit=\u00bbdefault\u00bb tablet_text_alignment=\u00bbdefault\u00bb phone_text_alignment=\u00bbdefault\u00bb column_border_width=\u00bbnone\u00bb column_border_style=\u00bbsolid\u00bb bg_image_animation=\u00bbnone\u00bb][vc_raw_html]JTNDaWZyYW1lJTIwc3JjJTNEJTIyaHR0cHMlM0ElMkYlMkZ3d3cuZ29vZ2xlLmNvbSUyRm1hcHMlMkZlbWJlZCUzRnBiJTNEJTIxMW0yOCUyMTFtMTIlMjExbTMlMjExZDU5ODUuMjIzNzQwMTg3MDA4JTIxMmQyLjEyNzMwNzQ3NjgxODIxNDMlMjEzZDQxLjQwNDIzNDY2NzA1MDM2JTIxMm0zJTIxMWYwJTIxMmYwJTIxM2YwJTIxM20yJTIxMWkxMDI0JTIxMmk3NjglMjE0ZjEzLjElMjE0bTEzJTIxM2UyJTIxNG01JTIxMXMweDEyYTQ5ODBkZWMwZTY2Y2QlMjUzQTB4YjI3OTljOGNkNjkzYmM0ZCUyMTJzQXBhcnRob3RlbCUyNTIwQm9uYW5vdmElMjUyQyUyNTIwQ2FycmVyJTI1MjBkZWwlMjUyMEJpc2JlJTI1MjBTaXZpbGxhJTI1MkMlMjUyMEJhcmNlbG9uYSUyMTNtMiUyMTFkNDEuNDA1NDkxNSUyMTJkMi4xMzYxMTI4JTIxNG01JTIxMXMweDEyYTQ5ODE1MDY5ZGFmNjUlMjUzQTB4MTRmYzIxYmVlOGUxY2I3YyUyMTJzQmFyY2Vsb25hJTI1MjBJVkYlMjUyMCUyNUUyJTI1ODAlMjU5MyUyNTIwQ2wlMjVDMyUyNUFEbmljYSUyNTIwZGUlMjUyMFJlcHJvZHVjY2klMjVDMyUyNUIzbiUyNTIwQXNpc3RpZGElMjUyMHklMjUyMEZlcnRpbGlkYWQlMjUyQyUyNTIwQ2FycmVyJTI1MjBkZSUyNTIwbGVzJTI1MjBFc2NvbGVzJTI1MjBQaWVzJTI1MkMlMjUyMEJhcmNlbG9uYSUyMTNtMiUyMTFkNDEuNDA0MDczMyUyMTJkMi4xMjcyNTY3JTIxNWUwJTIxM20yJTIxMXNlcyUyMTJzZXMlMjE0djE2NTUyMDEzODk1NjUlMjE1bTIlMjExc2VzJTIxMnNlcyUyMiUyMHdpZHRoJTNEJTIyMTkwMCUyMiUyMGhlaWdodCUzRCUyMjQwMCUyMiUyMHN0eWxlJTNEJTIyYm9yZGVyJTNBMCUzQiUyMiUyMGFsbG93ZnVsbHNjcmVlbiUzRCUyMiUyMiUyMGxvYWRpbmclM0QlMjJsYXp5JTIyJTIwcmVmZXJyZXJwb2xpY3klM0QlMjJuby1yZWZlcnJlci13aGVuLWRvd25ncmFkZSUyMiUzRSUzQyUyRmlmcmFtZSUzRQ==[\/vc_raw_html][\/vc_column][\/vc_row]\n","protected":false},"excerpt":{"rendered":"<p>[vc_row type=\u00bbin_container\u00bb full_screen_row_position=\u00bbmiddle\u00bb column_margin=\u00bbdefault\u00bb column_direction=\u00bbdefault\u00bb column_direction_tablet=\u00bbdefault\u00bb column_direction_phone=\u00bbdefault\u00bb scene_position=\u00bbcenter\u00bb text_color=\u00bbdark\u00bb text_align=\u00bbleft\u00bb row_border_radius=\u00bbnone\u00bb row_border_radius_applies=\u00bbbg\u00bb overlay_strength=\u00bb0.3&#8243; gradient_direction=\u00bbleft_to_right\u00bb shape_divider_position=\u00bbbottom\u00bb bg_image_animation=\u00bbnone\u00bb shape_type=\u00bb\u00bb][vc_column column_padding=\u00bbno-extra-padding\u00bb column_padding_tablet=\u00bbinherit\u00bb column_padding_phone=\u00bbinherit\u00bb column_padding_position=\u00bball\u00bb background_color_opacity=\u00bb1&#8243; background_hover_color_opacity=\u00bb1&#8243; column_shadow=\u00bbnone\u00bb column_border_radius=\u00bbnone\u00bb column_link_target=\u00bb_self\u00bb gradient_direction=\u00bbleft_to_right\u00bb overlay_strength=\u00bb0.3&#8243; width=\u00bb1\/1&#8243; tablet_width_inherit=\u00bbdefault\u00bb&#8230;<\/p>\n","protected":false},"author":3,"featured_media":0,"parent":0,"menu_order":0,"comment_status":"closed","ping_status":"closed","template":"","meta":[],"yoast_head":"<!-- This site is optimized with the Yoast SEO plugin v19.6.1 - https:\/\/yoast.com\/wordpress\/plugins\/seo\/ -->\n<title>Clinica IVI Bonanova Suite Hotel, Barcelona, Espa\u00f1a.<\/title>\n<meta name=\"description\" content=\"Hotel cerca de la cl\u00ednica IVI Barcelona, a 20 minutos en coche. Apartamentos totalmente equipados con cocina. Reserva ahora al mejor precio.\" \/>\n<meta name=\"robots\" content=\"index, follow, max-snippet:-1, max-image-preview:large, max-video-preview:-1\" \/>\n<link rel=\"canonical\" href=\"https:\/\/www.premiumsuitehotels.com\/bonanova-suite-hotel\/clinica-ivi\/\" \/>\n<meta property=\"og:locale\" content=\"es_ES\" \/>\n<meta property=\"og:type\" content=\"article\" \/>\n<meta property=\"og:title\" content=\"Clinica IVI Bonanova Suite Hotel, Barcelona, Espa\u00f1a.\" \/>\n<meta property=\"og:description\" content=\"Hotel cerca de la cl\u00ednica IVI Barcelona, a 20 minutos en coche. Apartamentos totalmente equipados con cocina. Reserva ahora al mejor precio.\" \/>\n<meta property=\"og:url\" content=\"https:\/\/www.premiumsuitehotels.com\/bonanova-suite-hotel\/clinica-ivi\/\" \/>\n<meta property=\"og:site_name\" content=\"Bonanova Suite Hotel\" \/>\n<meta property=\"article:modified_time\" content=\"2026-02-09T15:25:17+00:00\" \/>\n<meta name=\"twitter:card\" content=\"summary_large_image\" \/>\n<meta name=\"twitter:label1\" content=\"Tiempo de lectura\" \/>\n\t<meta name=\"twitter:data1\" content=\"2 minutos\" \/>\n<script type=\"application\/ld+json\" class=\"yoast-schema-graph\">{\"@context\":\"https:\/\/schema.org\",\"@graph\":[{\"@type\":\"WebPage\",\"@id\":\"https:\/\/www.premiumsuitehotels.com\/bonanova-suite-hotel\/clinica-ivi\/\",\"url\":\"https:\/\/www.premiumsuitehotels.com\/bonanova-suite-hotel\/clinica-ivi\/\",\"name\":\"Clinica IVI Bonanova Suite Hotel, Barcelona, Espa\u00f1a.\",\"isPartOf\":{\"@id\":\"https:\/\/www.premiumsuitehotels.com\/bonanova-suite-hotel\/#website\"},\"datePublished\":\"2022-06-14T10:50:45+00:00\",\"dateModified\":\"2026-02-09T15:25:17+00:00\",\"description\":\"Hotel cerca de la cl\u00ednica IVI Barcelona, a 20 minutos en coche. Apartamentos totalmente equipados con cocina. Reserva ahora al mejor precio.\",\"breadcrumb\":{\"@id\":\"https:\/\/www.premiumsuitehotels.com\/bonanova-suite-hotel\/clinica-ivi\/#breadcrumb\"},\"inLanguage\":\"es\",\"potentialAction\":[{\"@type\":\"ReadAction\",\"target\":[\"https:\/\/www.premiumsuitehotels.com\/bonanova-suite-hotel\/clinica-ivi\/\"]}]},{\"@type\":\"BreadcrumbList\",\"@id\":\"https:\/\/www.premiumsuitehotels.com\/bonanova-suite-hotel\/clinica-ivi\/#breadcrumb\",\"itemListElement\":[{\"@type\":\"ListItem\",\"position\":1,\"name\":\"Portada\",\"item\":\"https:\/\/www.premiumsuitehotels.com\/bonanova-suite-hotel\/\"},{\"@type\":\"ListItem\",\"position\":2,\"name\":\"Cl\u00ednica IVI\"}]},{\"@type\":\"WebSite\",\"@id\":\"https:\/\/www.premiumsuitehotels.com\/bonanova-suite-hotel\/#website\",\"url\":\"https:\/\/www.premiumsuitehotels.com\/bonanova-suite-hotel\/\",\"name\":\"Bonanova Suite Hotel\",\"description\":\"Bonanova Suite Hotel\",\"potentialAction\":[{\"@type\":\"SearchAction\",\"target\":{\"@type\":\"EntryPoint\",\"urlTemplate\":\"https:\/\/www.premiumsuitehotels.com\/bonanova-suite-hotel\/?s={search_term_string}\"},\"query-input\":\"required name=search_term_string\"}],\"inLanguage\":\"es\"}]}<\/script>\n<!-- \/ Yoast SEO plugin. -->","yoast_head_json":{"title":"Clinica IVI Bonanova Suite Hotel, Barcelona, Espa\u00f1a.","description":"Hotel cerca de la cl\u00ednica IVI Barcelona, a 20 minutos en coche. Apartamentos totalmente equipados con cocina. Reserva ahora al mejor precio.","robots":{"index":"index","follow":"follow","max-snippet":"max-snippet:-1","max-image-preview":"max-image-preview:large","max-video-preview":"max-video-preview:-1"},"canonical":"https:\/\/www.premiumsuitehotels.com\/bonanova-suite-hotel\/clinica-ivi\/","og_locale":"es_ES","og_type":"article","og_title":"Clinica IVI Bonanova Suite Hotel, Barcelona, Espa\u00f1a.","og_description":"Hotel cerca de la cl\u00ednica IVI Barcelona, a 20 minutos en coche. Apartamentos totalmente equipados con cocina. Reserva ahora al mejor precio.","og_url":"https:\/\/www.premiumsuitehotels.com\/bonanova-suite-hotel\/clinica-ivi\/","og_site_name":"Bonanova Suite Hotel","article_modified_time":"2026-02-09T15:25:17+00:00","twitter_card":"summary_large_image","twitter_misc":{"Tiempo de lectura":"2 minutos"},"schema":{"@context":"https:\/\/schema.org","@graph":[{"@type":"WebPage","@id":"https:\/\/www.premiumsuitehotels.com\/bonanova-suite-hotel\/clinica-ivi\/","url":"https:\/\/www.premiumsuitehotels.com\/bonanova-suite-hotel\/clinica-ivi\/","name":"Clinica IVI Bonanova Suite Hotel, Barcelona, Espa\u00f1a.","isPartOf":{"@id":"https:\/\/www.premiumsuitehotels.com\/bonanova-suite-hotel\/#website"},"datePublished":"2022-06-14T10:50:45+00:00","dateModified":"2026-02-09T15:25:17+00:00","description":"Hotel cerca de la cl\u00ednica IVI Barcelona, a 20 minutos en coche. Apartamentos totalmente equipados con cocina. Reserva ahora al mejor precio.","breadcrumb":{"@id":"https:\/\/www.premiumsuitehotels.com\/bonanova-suite-hotel\/clinica-ivi\/#breadcrumb"},"inLanguage":"es","potentialAction":[{"@type":"ReadAction","target":["https:\/\/www.premiumsuitehotels.com\/bonanova-suite-hotel\/clinica-ivi\/"]}]},{"@type":"BreadcrumbList","@id":"https:\/\/www.premiumsuitehotels.com\/bonanova-suite-hotel\/clinica-ivi\/#breadcrumb","itemListElement":[{"@type":"ListItem","position":1,"name":"Portada","item":"https:\/\/www.premiumsuitehotels.com\/bonanova-suite-hotel\/"},{"@type":"ListItem","position":2,"name":"Cl\u00ednica IVI"}]},{"@type":"WebSite","@id":"https:\/\/www.premiumsuitehotels.com\/bonanova-suite-hotel\/#website","url":"https:\/\/www.premiumsuitehotels.com\/bonanova-suite-hotel\/","name":"Bonanova Suite Hotel","description":"Bonanova Suite Hotel","potentialAction":[{"@type":"SearchAction","target":{"@type":"EntryPoint","urlTemplate":"https:\/\/www.premiumsuitehotels.com\/bonanova-suite-hotel\/?s={search_term_string}"},"query-input":"required name=search_term_string"}],"inLanguage":"es"}]}},"_links":{"self":[{"href":"https:\/\/www.premiumsuitehotels.com\/bonanova-suite-hotel\/wp-json\/wp\/v2\/pages\/24611"}],"collection":[{"href":"https:\/\/www.premiumsuitehotels.com\/bonanova-suite-hotel\/wp-json\/wp\/v2\/pages"}],"about":[{"href":"https:\/\/www.premiumsuitehotels.com\/bonanova-suite-hotel\/wp-json\/wp\/v2\/types\/page"}],"author":[{"embeddable":true,"href":"https:\/\/www.premiumsuitehotels.com\/bonanova-suite-hotel\/wp-json\/wp\/v2\/users\/3"}],"replies":[{"embeddable":true,"href":"https:\/\/www.premiumsuitehotels.com\/bonanova-suite-hotel\/wp-json\/wp\/v2\/comments?post=24611"}],"version-history":[{"count":9,"href":"https:\/\/www.premiumsuitehotels.com\/bonanova-suite-hotel\/wp-json\/wp\/v2\/pages\/24611\/revisions"}],"predecessor-version":[{"id":25699,"href":"https:\/\/www.premiumsuitehotels.com\/bonanova-suite-hotel\/wp-json\/wp\/v2\/pages\/24611\/revisions\/25699"}],"wp:attachment":[{"href":"https:\/\/www.premiumsuitehotels.com\/bonanova-suite-hotel\/wp-json\/wp\/v2\/media?parent=24611"}],"curies":[{"name":"wp","href":"https:\/\/api.w.org\/{rel}","templated":true}]}}