{"id":24591,"date":"2022-06-14T09:26:24","date_gmt":"2022-06-14T09:26:24","guid":{"rendered":"https:\/\/www.premiumsuitehotels.com\/bonanova-suite-hotel\/?page_id=24591"},"modified":"2026-02-09T15:24:49","modified_gmt":"2026-02-09T15:24:49","slug":"clinica-imo","status":"publish","type":"page","link":"https:\/\/www.premiumsuitehotels.com\/bonanova-suite-hotel\/clinica-imo\/","title":{"rendered":"Cl\u00ednica IMO"},"content":{"rendered":"[vc_row type=\u00bbin_container\u00bb full_screen_row_position=\u00bbmiddle\u00bb column_margin=\u00bbdefault\u00bb column_direction=\u00bbdefault\u00bb column_direction_tablet=\u00bbdefault\u00bb column_direction_phone=\u00bbdefault\u00bb scene_position=\u00bbcenter\u00bb text_color=\u00bbdark\u00bb text_align=\u00bbleft\u00bb row_border_radius=\u00bbnone\u00bb row_border_radius_applies=\u00bbbg\u00bb overlay_strength=\u00bb0.3&#8243; gradient_direction=\u00bbleft_to_right\u00bb shape_divider_position=\u00bbbottom\u00bb bg_image_animation=\u00bbnone\u00bb][vc_column column_padding=\u00bbno-extra-padding\u00bb column_padding_tablet=\u00bbinherit\u00bb column_padding_phone=\u00bbinherit\u00bb column_padding_position=\u00bball\u00bb background_color_opacity=\u00bb1&#8243; background_hover_color_opacity=\u00bb1&#8243; column_shadow=\u00bbnone\u00bb column_border_radius=\u00bbnone\u00bb column_link_target=\u00bb_self\u00bb gradient_direction=\u00bbleft_to_right\u00bb overlay_strength=\u00bb0.3&#8243; width=\u00bb1\/1&#8243; tablet_width_inherit=\u00bbdefault\u00bb tablet_text_alignment=\u00bbdefault\u00bb phone_text_alignment=\u00bbdefault\u00bb column_border_width=\u00bbnone\u00bb column_border_style=\u00bbsolid\u00bb bg_image_animation=\u00bbnone\u00bb]<div  data-transition=\"slide\" data-overall_style=\"classic\" data-flexible-height=\"\" data-animate-in-effect=\"none\" data-fullscreen=\"true\" data-button-sizing=\"regular\" data-button-styling=\"btn_with_count\" data-autorotate=\"\" data-parallax=\"false\" data-parallax-disable-mobile=\"\" data-caption-trans=\"fade_in_from_bottom\" data-parallax-style=\"bg_only\" data-bg-animation=\"none\" data-full-width=\"true\" class=\"nectar-slider-wrap \" id=\"nectar-slider-instance-1\"><div class=\"swiper-container\"  data-tho=\"auto\" data-tco=\"auto\" data-pho=\"auto\" data-pco=\"auto\" data-loop=\"false\" data-height=\"650\" data-min-height=\"\" data-arrows=\"false\" data-bullets=\"false\" data-bullet_style=\"see_through\" data-bullet_position=\"bottom\" data-desktop-swipe=\"false\" data-settings=\"\"> <div class=\"swiper-wrapper\"><div class=\"swiper-slide\" data-desktop-content-width=\"auto\" data-tablet-content-width=\"auto\" data-bg-alignment=\"center\" data-color-scheme=\"light\" data-x-pos=\"centered\" data-y-pos=\"middle\" ><div class=\"slide-bg-wrap\"><div class=\"image-bg\" style=\"background-image: url(https:\/\/www.premiumsuitehotels.com\/bonanova-suite-hotel\/wp-content\/uploads\/sites\/7\/2022\/06\/2020111911035790674-scaled.jpeg);\"> &nbsp; <\/div><\/div><div class=\"container\">\n\t\t\t\t\t\t<div class=\"content\"><h1>IMO - Instituto de Microcirug\u00eda Ocular<\/h1><\/div>\n\t\t\t\t\t\t\t\t<\/div><!--\/container--><a href=\"#\" class=\"slider-down-arrow no-border\"><svg class=\"nectar-scroll-icon\" viewBox=\"0 0 30 45\" enable-background=\"new 0 0 30 45\">\n\t\t\t\t\t\t\t\t\t<path class=\"nectar-scroll-icon-path\" fill=\"none\" stroke=\"#ffffff\" stroke-width=\"2\" stroke-miterlimit=\"10\" d=\"M15,1.118c12.352,0,13.967,12.88,13.967,12.88v18.76  c0,0-1.514,11.204-13.967,11.204S0.931,32.966,0.931,32.966V14.05C0.931,14.05,2.648,1.118,15,1.118z\"><\/path>\n\t\t\t\t\t\t\t\t\t<\/svg><\/a><div class=\"video-texture \"> <span class=\"ie-fix\"><\/span> <\/div><\/div> <!--\/swiper-slide--><\/div><div class=\"nectar-slider-loading \"> <span class=\"loading-icon none\">   <\/span> <\/div> <\/div> \n\t\t\t\t\t\n\t\t\t\t\t<\/div>[\/vc_column][\/vc_row][vc_row type=\u00bbfull_width_content\u00bb full_screen_row_position=\u00bbmiddle\u00bb column_margin=\u00bbdefault\u00bb equal_height=\u00bbyes\u00bb content_placement=\u00bbbottom\u00bb column_direction=\u00bbdefault\u00bb column_direction_tablet=\u00bbdefault\u00bb column_direction_phone=\u00bbdefault\u00bb bg_color=\u00bb#ffffff\u00bb scene_position=\u00bbcenter\u00bb top_padding=\u00bb2%\u00bb bottom_padding=\u00bb2%\u00bb text_color=\u00bbdark\u00bb text_align=\u00bbcenter\u00bb row_border_radius=\u00bbnone\u00bb row_border_radius_applies=\u00bbbg\u00bb color_overlay=\u00bb#ffffff\u00bb color_overlay_2=\u00bb#ffffff\u00bb overlay_strength=\u00bb0.5&#8243; gradient_direction=\u00bbleft_to_right\u00bb shape_divider_position=\u00bbbottom\u00bb shape_divider_height=\u00bb350&#8243; bg_image_animation=\u00bbfade-in\u00bb parallax_bg=\u00bbtrue\u00bb parallax_bg_speed=\u00bbfast\u00bb shape_type=\u00bbmountains\u00bb][vc_column column_padding=\u00bbpadding-3-percent\u00bb column_padding_tablet=\u00bbinherit\u00bb column_padding_phone=\u00bbinherit\u00bb column_padding_position=\u00bball\u00bb background_color_opacity=\u00bb1&#8243; background_hover_color_opacity=\u00bb1&#8243; font_color=\u00bb#44443c\u00bb column_shadow=\u00bbnone\u00bb column_border_radius=\u00bbnone\u00bb column_link_target=\u00bb_self\u00bb gradient_direction=\u00bbleft_to_right\u00bb overlay_strength=\u00bb0.3&#8243; width=\u00bb1\/1&#8243; tablet_width_inherit=\u00bbdefault\u00bb tablet_text_alignment=\u00bbdefault\u00bb phone_text_alignment=\u00bbdefault\u00bb column_border_width=\u00bbnone\u00bb column_border_style=\u00bbsolid\u00bb bg_image_animation=\u00bbnone\u00bb][vc_text_separator title=\u00bbIMO desde el Bonanova Suite\u00bb color=\u00bbcustom\u00bb accent_color=\u00bb#000000&#8243;][\/vc_column][\/vc_row][vc_row type=\u00bbfull_width_content\u00bb full_screen_row_position=\u00bbmiddle\u00bb column_margin=\u00bbdefault\u00bb column_direction=\u00bbdefault\u00bb column_direction_tablet=\u00bbdefault\u00bb column_direction_phone=\u00bbdefault\u00bb scene_position=\u00bbcenter\u00bb top_padding=\u00bb0&#8243; bottom_padding=\u00bb4%\u00bb text_color=\u00bbdark\u00bb text_align=\u00bbleft\u00bb row_border_radius=\u00bbnone\u00bb row_border_radius_applies=\u00bbbg\u00bb id=\u00bbsleep\u00bb overlay_strength=\u00bb0.3&#8243; gradient_direction=\u00bbleft_to_right\u00bb shape_divider_position=\u00bbbottom\u00bb bg_image_animation=\u00bbnone\u00bb shape_type=\u00bb\u00bb][vc_column column_padding=\u00bbpadding-5-percent\u00bb column_padding_tablet=\u00bbinherit\u00bb column_padding_phone=\u00bbpadding-2-percent\u00bb column_padding_position=\u00bbleft-right\u00bb centered_text=\u00bbtrue\u00bb background_color_opacity=\u00bb1&#8243; background_hover_color_opacity=\u00bb1&#8243; column_shadow=\u00bbnone\u00bb column_border_radius=\u00bbnone\u00bb column_link_target=\u00bb_self\u00bb gradient_direction=\u00bbleft_to_right\u00bb overlay_strength=\u00bb0.3&#8243; width=\u00bb1\/1&#8243; tablet_width_inherit=\u00bbdefault\u00bb tablet_text_alignment=\u00bbdefault\u00bb phone_text_alignment=\u00bbdefault\u00bb column_border_width=\u00bbnone\u00bb column_border_style=\u00bbsolid\u00bb bg_image_animation=\u00bbnone\u00bb][vc_column_text]\n<p style=\"text-align: justify\">La cl\u00ednica IMO (Instituto de Microcirug\u00eda Ocular) es una gran referencia internacional en cuanto a tratamientos de oftalmolog\u00eda, ofreciendo una atenci\u00f3n total y de m\u00e1xima calidad, de la mano del Doctor Borja Corc\u00f3stegui, socio fundador y director m\u00e9dico de IMO desde 1992, a\u00f1o de la creaci\u00f3n de la cl\u00ednica.<\/p>\n[\/vc_column_text][vc_column_text]\n<p style=\"text-align: justify\"><span style=\"color: #000000\"><strong>Estancias en\u00a0 Clinica IMO:<\/strong><\/span><\/p>\n<p style=\"text-align: justify\">Bonanova Suite es la mejor opci\u00f3n de alojamiento para los pacientes que busquen un hotel cerca de la cl\u00ednica IMO de Barcelona. El hotel ofrece 21 apartamentos muy espaciosos con cocina totalmente equipada, un sal\u00f3n y limpieza diaria. Bonanova Suite es elegido por los pacientes de IMO \u00a0por su ubicaci\u00f3n cercana a IMO \u00a0y por sus instalaciones, que les permiten descansar y propiciar una agradable recuperaci\u00f3n tras una intervenci\u00f3n o visita.<\/p>\n<p style=\"text-align: justify\">Adem\u00e1s, ofrece tanto a pacientes como acompa\u00f1antes unas condiciones especiales en tarifas y servicios. Contacte con Bonanova Suite y h\u00e1ganos saber que es paciente de la cl\u00ednica, y podr\u00e1 gozar de condiciones preferentes en su reserva.<\/p>\n<p style=\"text-align: justify\">Bonanova Suite, la mejor opci\u00f3n de hotel cerca de la cl\u00ednica IMO.<\/p>\n[\/vc_column_text][\/vc_column][\/vc_row][vc_row type=\u00bbfull_width_content\u00bb full_screen_row_position=\u00bbmiddle\u00bb column_margin=\u00bbdefault\u00bb column_direction=\u00bbdefault\u00bb column_direction_tablet=\u00bbdefault\u00bb column_direction_phone=\u00bbdefault\u00bb scene_position=\u00bbcenter\u00bb text_color=\u00bbdark\u00bb text_align=\u00bbleft\u00bb row_border_radius=\u00bbnone\u00bb row_border_radius_applies=\u00bbbg\u00bb overlay_strength=\u00bb0.3&#8243; gradient_direction=\u00bbleft_to_right\u00bb shape_divider_position=\u00bbbottom\u00bb bg_image_animation=\u00bbnone\u00bb shape_type=\u00bb\u00bb][vc_column column_padding=\u00bbno-extra-padding\u00bb column_padding_tablet=\u00bbinherit\u00bb column_padding_phone=\u00bbinherit\u00bb column_padding_position=\u00bball\u00bb background_color_opacity=\u00bb1&#8243; background_hover_color_opacity=\u00bb1&#8243; column_shadow=\u00bbnone\u00bb column_border_radius=\u00bbnone\u00bb column_link_target=\u00bb_self\u00bb gradient_direction=\u00bbleft_to_right\u00bb overlay_strength=\u00bb0.3&#8243; width=\u00bb1\/1&#8243; tablet_width_inherit=\u00bbdefault\u00bb tablet_text_alignment=\u00bbdefault\u00bb phone_text_alignment=\u00bbdefault\u00bb column_border_width=\u00bbnone\u00bb column_border_style=\u00bbsolid\u00bb bg_image_animation=\u00bbnone\u00bb][vc_raw_html]JTNDaWZyYW1lJTIwc3JjJTNEJTIyaHR0cHMlM0ElMkYlMkZ3d3cuZ29vZ2xlLmNvbSUyRm1hcHMlMkZlbWJlZCUzRnBiJTNEJTIxMW0yOCUyMTFtMTIlMjExbTMlMjExZDExOTY5LjY0MjU4NTYwMjQwMiUyMTJkMi4xMjE1Njc2ODc1MDQ4NTcyJTIxM2Q0MS40MDg2MDM3MTgxOTM4MjQlMjEybTMlMjExZjAlMjEyZjAlMjEzZjAlMjEzbTIlMjExaTEwMjQlMjEyaTc2OCUyMTRmMTMuMSUyMTRtMTMlMjEzZTIlMjE0bTUlMjExczB4MTJhNDk4MGRlYzBlNjZjZCUyNTNBMHhiMjc5OWM4Y2Q2OTNiYzRkJTIxMnNBcGFydGhvdGVsJTI1MjBCb25hbm92YSUyNTJDJTI1MjBDYXJyZXIlMjUyMGRlbCUyNTIwQmlzYmUlMjUyMFNpdmlsbGElMjUyQyUyNTIwQmFyY2Vsb25hJTIxM20yJTIxMWQ0MS40MDU0OTE1JTIxMmQyLjEzNjExMjglMjE0bTUlMjExczB4MTJhNDk4M2Q0NTFhN2JiZiUyNTNBMHg1YWEzZWRkY2VkMTVlMTdmJTIxMnNJTU8lMjUyQyUyNTIwQ2FycmVyJTI1MjBKb3NlcCUyNTIwTWFyaWElMjUyMExsYWQlMjVDMyUyNUIzJTI1MkMlMjUyMEJhcmNlbG9uYSUyMTNtMiUyMTFkNDEuNDEwNTY4NSUyMTJkMi4xMjQyNCUyMTVlMCUyMTNtMiUyMTFzZXMlMjEyc2VzJTIxNHYxNjU1MTk4Njk2NDYwJTIxNW0yJTIxMXNlcyUyMTJzZXMlMjIlMjB3aWR0aCUzRCUyMjE5MDAlMjIlMjBoZWlnaHQlM0QlMjI0MDAlMjIlMjBzdHlsZSUzRCUyMmJvcmRlciUzQTAlM0IlMjIlMjBhbGxvd2Z1bGxzY3JlZW4lM0QlMjIlMjIlMjBsb2FkaW5nJTNEJTIybGF6eSUyMiUyMHJlZmVycmVycG9saWN5JTNEJTIybm8tcmVmZXJyZXItd2hlbi1kb3duZ3JhZGUlMjIlM0UlM0MlMkZpZnJhbWUlM0U=[\/vc_raw_html][\/vc_column][\/vc_row]\n","protected":false},"excerpt":{"rendered":"<p>[vc_row type=\u00bbin_container\u00bb full_screen_row_position=\u00bbmiddle\u00bb column_margin=\u00bbdefault\u00bb column_direction=\u00bbdefault\u00bb column_direction_tablet=\u00bbdefault\u00bb column_direction_phone=\u00bbdefault\u00bb scene_position=\u00bbcenter\u00bb text_color=\u00bbdark\u00bb text_align=\u00bbleft\u00bb row_border_radius=\u00bbnone\u00bb row_border_radius_applies=\u00bbbg\u00bb overlay_strength=\u00bb0.3&#8243; gradient_direction=\u00bbleft_to_right\u00bb shape_divider_position=\u00bbbottom\u00bb bg_image_animation=\u00bbnone\u00bb][vc_column column_padding=\u00bbno-extra-padding\u00bb column_padding_tablet=\u00bbinherit\u00bb column_padding_phone=\u00bbinherit\u00bb column_padding_position=\u00bball\u00bb background_color_opacity=\u00bb1&#8243; background_hover_color_opacity=\u00bb1&#8243; column_shadow=\u00bbnone\u00bb column_border_radius=\u00bbnone\u00bb column_link_target=\u00bb_self\u00bb gradient_direction=\u00bbleft_to_right\u00bb overlay_strength=\u00bb0.3&#8243; width=\u00bb1\/1&#8243; tablet_width_inherit=\u00bbdefault\u00bb tablet_text_alignment=\u00bbdefault\u00bb&#8230;<\/p>\n","protected":false},"author":3,"featured_media":0,"parent":0,"menu_order":0,"comment_status":"closed","ping_status":"closed","template":"","meta":[],"yoast_head":"<!-- This site is optimized with the Yoast SEO plugin v19.6.1 - https:\/\/yoast.com\/wordpress\/plugins\/seo\/ -->\n<title>Clinica IMO Bonanova Suite Hotel, Barcelona, Espa\u00f1a.<\/title>\n<meta name=\"description\" content=\"Hotel cerca de la cl\u00ednica IMO Barcelona, a solo 8 minutos en coche. Amplios apartamentos con cocina equipada y limpieza diaria. \u00a1Reserva ahora!\" \/>\n<meta name=\"robots\" content=\"index, follow, max-snippet:-1, max-image-preview:large, max-video-preview:-1\" \/>\n<link rel=\"canonical\" href=\"https:\/\/www.premiumsuitehotels.com\/bonanova-suite-hotel\/clinica-imo\/\" \/>\n<meta property=\"og:locale\" content=\"es_ES\" \/>\n<meta property=\"og:type\" content=\"article\" \/>\n<meta property=\"og:title\" content=\"Clinica IMO Bonanova Suite Hotel, Barcelona, Espa\u00f1a.\" \/>\n<meta property=\"og:description\" content=\"Hotel cerca de la cl\u00ednica IMO Barcelona, a solo 8 minutos en coche. Amplios apartamentos con cocina equipada y limpieza diaria. \u00a1Reserva ahora!\" \/>\n<meta property=\"og:url\" content=\"https:\/\/www.premiumsuitehotels.com\/bonanova-suite-hotel\/clinica-imo\/\" \/>\n<meta property=\"og:site_name\" content=\"Bonanova Suite Hotel\" \/>\n<meta property=\"article:modified_time\" content=\"2026-02-09T15:24:49+00:00\" \/>\n<meta name=\"twitter:card\" content=\"summary_large_image\" \/>\n<meta name=\"twitter:label1\" content=\"Tiempo de lectura\" \/>\n\t<meta name=\"twitter:data1\" content=\"2 minutos\" \/>\n<script type=\"application\/ld+json\" class=\"yoast-schema-graph\">{\"@context\":\"https:\/\/schema.org\",\"@graph\":[{\"@type\":\"WebPage\",\"@id\":\"https:\/\/www.premiumsuitehotels.com\/bonanova-suite-hotel\/clinica-imo\/\",\"url\":\"https:\/\/www.premiumsuitehotels.com\/bonanova-suite-hotel\/clinica-imo\/\",\"name\":\"Clinica IMO Bonanova Suite Hotel, Barcelona, Espa\u00f1a.\",\"isPartOf\":{\"@id\":\"https:\/\/www.premiumsuitehotels.com\/bonanova-suite-hotel\/#website\"},\"datePublished\":\"2022-06-14T09:26:24+00:00\",\"dateModified\":\"2026-02-09T15:24:49+00:00\",\"description\":\"Hotel cerca de la cl\u00ednica IMO Barcelona, a solo 8 minutos en coche. Amplios apartamentos con cocina equipada y limpieza diaria. \u00a1Reserva ahora!\",\"breadcrumb\":{\"@id\":\"https:\/\/www.premiumsuitehotels.com\/bonanova-suite-hotel\/clinica-imo\/#breadcrumb\"},\"inLanguage\":\"es\",\"potentialAction\":[{\"@type\":\"ReadAction\",\"target\":[\"https:\/\/www.premiumsuitehotels.com\/bonanova-suite-hotel\/clinica-imo\/\"]}]},{\"@type\":\"BreadcrumbList\",\"@id\":\"https:\/\/www.premiumsuitehotels.com\/bonanova-suite-hotel\/clinica-imo\/#breadcrumb\",\"itemListElement\":[{\"@type\":\"ListItem\",\"position\":1,\"name\":\"Portada\",\"item\":\"https:\/\/www.premiumsuitehotels.com\/bonanova-suite-hotel\/\"},{\"@type\":\"ListItem\",\"position\":2,\"name\":\"Cl\u00ednica IMO\"}]},{\"@type\":\"WebSite\",\"@id\":\"https:\/\/www.premiumsuitehotels.com\/bonanova-suite-hotel\/#website\",\"url\":\"https:\/\/www.premiumsuitehotels.com\/bonanova-suite-hotel\/\",\"name\":\"Bonanova Suite Hotel\",\"description\":\"Bonanova Suite Hotel\",\"potentialAction\":[{\"@type\":\"SearchAction\",\"target\":{\"@type\":\"EntryPoint\",\"urlTemplate\":\"https:\/\/www.premiumsuitehotels.com\/bonanova-suite-hotel\/?s={search_term_string}\"},\"query-input\":\"required name=search_term_string\"}],\"inLanguage\":\"es\"}]}<\/script>\n<!-- \/ Yoast SEO plugin. -->","yoast_head_json":{"title":"Clinica IMO Bonanova Suite Hotel, Barcelona, Espa\u00f1a.","description":"Hotel cerca de la cl\u00ednica IMO Barcelona, a solo 8 minutos en coche. Amplios apartamentos con cocina equipada y limpieza diaria. \u00a1Reserva ahora!","robots":{"index":"index","follow":"follow","max-snippet":"max-snippet:-1","max-image-preview":"max-image-preview:large","max-video-preview":"max-video-preview:-1"},"canonical":"https:\/\/www.premiumsuitehotels.com\/bonanova-suite-hotel\/clinica-imo\/","og_locale":"es_ES","og_type":"article","og_title":"Clinica IMO Bonanova Suite Hotel, Barcelona, Espa\u00f1a.","og_description":"Hotel cerca de la cl\u00ednica IMO Barcelona, a solo 8 minutos en coche. Amplios apartamentos con cocina equipada y limpieza diaria. \u00a1Reserva ahora!","og_url":"https:\/\/www.premiumsuitehotels.com\/bonanova-suite-hotel\/clinica-imo\/","og_site_name":"Bonanova Suite Hotel","article_modified_time":"2026-02-09T15:24:49+00:00","twitter_card":"summary_large_image","twitter_misc":{"Tiempo de lectura":"2 minutos"},"schema":{"@context":"https:\/\/schema.org","@graph":[{"@type":"WebPage","@id":"https:\/\/www.premiumsuitehotels.com\/bonanova-suite-hotel\/clinica-imo\/","url":"https:\/\/www.premiumsuitehotels.com\/bonanova-suite-hotel\/clinica-imo\/","name":"Clinica IMO Bonanova Suite Hotel, Barcelona, Espa\u00f1a.","isPartOf":{"@id":"https:\/\/www.premiumsuitehotels.com\/bonanova-suite-hotel\/#website"},"datePublished":"2022-06-14T09:26:24+00:00","dateModified":"2026-02-09T15:24:49+00:00","description":"Hotel cerca de la cl\u00ednica IMO Barcelona, a solo 8 minutos en coche. Amplios apartamentos con cocina equipada y limpieza diaria. \u00a1Reserva ahora!","breadcrumb":{"@id":"https:\/\/www.premiumsuitehotels.com\/bonanova-suite-hotel\/clinica-imo\/#breadcrumb"},"inLanguage":"es","potentialAction":[{"@type":"ReadAction","target":["https:\/\/www.premiumsuitehotels.com\/bonanova-suite-hotel\/clinica-imo\/"]}]},{"@type":"BreadcrumbList","@id":"https:\/\/www.premiumsuitehotels.com\/bonanova-suite-hotel\/clinica-imo\/#breadcrumb","itemListElement":[{"@type":"ListItem","position":1,"name":"Portada","item":"https:\/\/www.premiumsuitehotels.com\/bonanova-suite-hotel\/"},{"@type":"ListItem","position":2,"name":"Cl\u00ednica IMO"}]},{"@type":"WebSite","@id":"https:\/\/www.premiumsuitehotels.com\/bonanova-suite-hotel\/#website","url":"https:\/\/www.premiumsuitehotels.com\/bonanova-suite-hotel\/","name":"Bonanova Suite Hotel","description":"Bonanova Suite Hotel","potentialAction":[{"@type":"SearchAction","target":{"@type":"EntryPoint","urlTemplate":"https:\/\/www.premiumsuitehotels.com\/bonanova-suite-hotel\/?s={search_term_string}"},"query-input":"required name=search_term_string"}],"inLanguage":"es"}]}},"_links":{"self":[{"href":"https:\/\/www.premiumsuitehotels.com\/bonanova-suite-hotel\/wp-json\/wp\/v2\/pages\/24591"}],"collection":[{"href":"https:\/\/www.premiumsuitehotels.com\/bonanova-suite-hotel\/wp-json\/wp\/v2\/pages"}],"about":[{"href":"https:\/\/www.premiumsuitehotels.com\/bonanova-suite-hotel\/wp-json\/wp\/v2\/types\/page"}],"author":[{"embeddable":true,"href":"https:\/\/www.premiumsuitehotels.com\/bonanova-suite-hotel\/wp-json\/wp\/v2\/users\/3"}],"replies":[{"embeddable":true,"href":"https:\/\/www.premiumsuitehotels.com\/bonanova-suite-hotel\/wp-json\/wp\/v2\/comments?post=24591"}],"version-history":[{"count":9,"href":"https:\/\/www.premiumsuitehotels.com\/bonanova-suite-hotel\/wp-json\/wp\/v2\/pages\/24591\/revisions"}],"predecessor-version":[{"id":25698,"href":"https:\/\/www.premiumsuitehotels.com\/bonanova-suite-hotel\/wp-json\/wp\/v2\/pages\/24591\/revisions\/25698"}],"wp:attachment":[{"href":"https:\/\/www.premiumsuitehotels.com\/bonanova-suite-hotel\/wp-json\/wp\/v2\/media?parent=24591"}],"curies":[{"name":"wp","href":"https:\/\/api.w.org\/{rel}","templated":true}]}}