{"id":25282,"date":"2023-01-30T15:37:38","date_gmt":"2023-01-30T15:37:38","guid":{"rendered":"https:\/\/www.premiumsuitehotels.com\/bonanova-suite-hotel\/?page_id=25282"},"modified":"2023-08-31T09:24:05","modified_gmt":"2023-08-31T09:24:05","slug":"centro-ginecologico-womens","status":"publish","type":"page","link":"https:\/\/www.premiumsuitehotels.com\/bonanova-suite-hotel\/fr\/centro-ginecologico-womens\/","title":{"rendered":"Centro Ginecol\u00f3gico Women\u2019s"},"content":{"rendered":"[vc_row type=&#8221;in_container&#8221; full_screen_row_position=&#8221;middle&#8221; column_margin=&#8221;default&#8221; column_direction=&#8221;default&#8221; column_direction_tablet=&#8221;default&#8221; column_direction_phone=&#8221;default&#8221; scene_position=&#8221;center&#8221; text_color=&#8221;dark&#8221; text_align=&#8221;left&#8221; row_border_radius=&#8221;none&#8221; row_border_radius_applies=&#8221;bg&#8221; overlay_strength=&#8221;0.3&#8243; gradient_direction=&#8221;left_to_right&#8221; shape_divider_position=&#8221;bottom&#8221; bg_image_animation=&#8221;none&#8221; shape_type=&#8221;&#8221;][vc_column column_padding=&#8221;no-extra-padding&#8221; column_padding_tablet=&#8221;inherit&#8221; column_padding_phone=&#8221;inherit&#8221; column_padding_position=&#8221;all&#8221; background_color_opacity=&#8221;1&#8243; background_hover_color_opacity=&#8221;1&#8243; column_shadow=&#8221;none&#8221; column_border_radius=&#8221;none&#8221; column_link_target=&#8221;_self&#8221; gradient_direction=&#8221;left_to_right&#8221; overlay_strength=&#8221;0.3&#8243; width=&#8221;1\/1&#8243; tablet_width_inherit=&#8221;default&#8221; tablet_text_alignment=&#8221;default&#8221; phone_text_alignment=&#8221;default&#8221; column_border_width=&#8221;none&#8221; column_border_style=&#8221;solid&#8221; bg_image_animation=&#8221;none&#8221;]<div  data-transition=\"slide\" data-overall_style=\"classic\" data-flexible-height=\"\" data-animate-in-effect=\"none\" data-fullscreen=\"true\" data-button-sizing=\"regular\" data-button-styling=\"btn_with_count\" data-autorotate=\"\" data-parallax=\"false\" data-parallax-disable-mobile=\"\" data-caption-trans=\"fade_in_from_bottom\" data-parallax-style=\"bg_only\" data-bg-animation=\"none\" data-full-width=\"true\" class=\"nectar-slider-wrap \" id=\"nectar-slider-instance-1\"><div class=\"swiper-container\"  data-tho=\"auto\" data-tco=\"auto\" data-pho=\"auto\" data-pco=\"auto\" data-loop=\"false\" data-height=\"650\" data-min-height=\"\" data-arrows=\"false\" data-bullets=\"false\" data-bullet_style=\"see_through\" data-bullet_position=\"bottom\" data-desktop-swipe=\"false\" data-settings=\"\"> <div class=\"swiper-wrapper\"><div class=\"swiper-slide\" data-desktop-content-width=\"auto\" data-tablet-content-width=\"auto\" data-bg-alignment=\"center\" data-color-scheme=\"dark\" data-x-pos=\"centered\" data-y-pos=\"middle\" ><div class=\"slide-bg-wrap\"><div class=\"image-bg\" style=\"background-image: url(https:\/\/www.premiumsuitehotels.com\/bonanova-suite-hotel\/wp-content\/uploads\/sites\/7\/2023\/01\/Consulta_sala-de-espera.jpg);\"> &nbsp; <\/div><\/div><div class=\"container\">\n\t\t\t\t\t\t<div class=\"content\"><h1>WOMEN\u00b4S<\/h1><\/div>\n\t\t\t\t\t\t\t\t<\/div><!--\/container--><a href=\"#\" class=\"slider-down-arrow no-border\"><svg class=\"nectar-scroll-icon\" viewBox=\"0 0 30 45\" enable-background=\"new 0 0 30 45\">\n\t\t\t\t\t\t\t\t\t<path class=\"nectar-scroll-icon-path\" fill=\"none\" stroke=\"#ffffff\" stroke-width=\"2\" stroke-miterlimit=\"10\" d=\"M15,1.118c12.352,0,13.967,12.88,13.967,12.88v18.76  c0,0-1.514,11.204-13.967,11.204S0.931,32.966,0.931,32.966V14.05C0.931,14.05,2.648,1.118,15,1.118z\"><\/path>\n\t\t\t\t\t\t\t\t\t<\/svg><\/a><div class=\"video-texture \"> <span class=\"ie-fix\"><\/span> <\/div><\/div> <!--\/swiper-slide--><\/div><div class=\"nectar-slider-loading \"> <span class=\"loading-icon none\">   <\/span> <\/div> <\/div> \n\t\t\t\t\t\n\t\t\t\t\t<\/div>[\/vc_column][\/vc_row][vc_row type=&#8221;full_width_content&#8221; full_screen_row_position=&#8221;middle&#8221; column_margin=&#8221;default&#8221; equal_height=&#8221;yes&#8221; content_placement=&#8221;bottom&#8221; column_direction=&#8221;default&#8221; column_direction_tablet=&#8221;default&#8221; column_direction_phone=&#8221;default&#8221; bg_color=&#8221;#ffffff&#8221; scene_position=&#8221;center&#8221; top_padding=&#8221;2%&#8221; bottom_padding=&#8221;2%&#8221; text_color=&#8221;dark&#8221; text_align=&#8221;center&#8221; row_border_radius=&#8221;none&#8221; row_border_radius_applies=&#8221;bg&#8221; color_overlay=&#8221;#ffffff&#8221; color_overlay_2=&#8221;#ffffff&#8221; overlay_strength=&#8221;0.5&#8243; gradient_direction=&#8221;left_to_right&#8221; shape_divider_position=&#8221;bottom&#8221; shape_divider_height=&#8221;350&#8243; bg_image_animation=&#8221;fade-in&#8221; parallax_bg=&#8221;true&#8221; parallax_bg_speed=&#8221;fast&#8221; shape_type=&#8221;mountains&#8221;][vc_column column_padding=&#8221;padding-3-percent&#8221; column_padding_tablet=&#8221;inherit&#8221; column_padding_phone=&#8221;inherit&#8221; column_padding_position=&#8221;all&#8221; background_color_opacity=&#8221;1&#8243; background_hover_color_opacity=&#8221;1&#8243; font_color=&#8221;#44443c&#8221; column_shadow=&#8221;none&#8221; column_border_radius=&#8221;none&#8221; column_link_target=&#8221;_self&#8221; gradient_direction=&#8221;left_to_right&#8221; overlay_strength=&#8221;0.3&#8243; width=&#8221;1\/1&#8243; tablet_width_inherit=&#8221;default&#8221; tablet_text_alignment=&#8221;default&#8221; phone_text_alignment=&#8221;default&#8221; column_border_width=&#8221;none&#8221; column_border_style=&#8221;solid&#8221; bg_image_animation=&#8221;none&#8221;][vc_text_separator title=&#8221;Centre de gyn\u00e9cologie Women\u00b4s&#8221; color=&#8221;custom&#8221; accent_color=&#8221;#000000&#8243;][\/vc_column][\/vc_row][vc_row type=&#8221;full_width_content&#8221; full_screen_row_position=&#8221;middle&#8221; column_margin=&#8221;default&#8221; column_direction=&#8221;default&#8221; column_direction_tablet=&#8221;default&#8221; column_direction_phone=&#8221;default&#8221; scene_position=&#8221;center&#8221; top_padding=&#8221;0&#8243; bottom_padding=&#8221;4%&#8221; text_color=&#8221;dark&#8221; text_align=&#8221;left&#8221; row_border_radius=&#8221;none&#8221; row_border_radius_applies=&#8221;bg&#8221; id=&#8221;sleep&#8221; overlay_strength=&#8221;0.3&#8243; gradient_direction=&#8221;left_to_right&#8221; shape_divider_position=&#8221;bottom&#8221; bg_image_animation=&#8221;none&#8221; shape_type=&#8221;&#8221;][vc_column column_padding=&#8221;padding-5-percent&#8221; column_padding_tablet=&#8221;inherit&#8221; column_padding_phone=&#8221;padding-2-percent&#8221; column_padding_position=&#8221;left-right&#8221; centered_text=&#8221;true&#8221; background_color_opacity=&#8221;1&#8243; background_hover_color_opacity=&#8221;1&#8243; column_shadow=&#8221;none&#8221; column_border_radius=&#8221;none&#8221; column_link_target=&#8221;_self&#8221; gradient_direction=&#8221;left_to_right&#8221; overlay_strength=&#8221;0.3&#8243; width=&#8221;1\/1&#8243; tablet_width_inherit=&#8221;default&#8221; tablet_text_alignment=&#8221;default&#8221; phone_text_alignment=&#8221;default&#8221; column_border_width=&#8221;none&#8221; column_border_style=&#8221;solid&#8221; bg_image_animation=&#8221;none&#8221;][vc_column_text]\n<p style=\"font-weight: 400; text-align: left;\">Form\u00e9 par une \u00e9quipe de sp\u00e9cialistes de la sant\u00e9 des femmes<\/p>\n[\/vc_column_text][vc_column_text]\n<p style=\"text-align: left;\"><strong>Reste au CD des femmes :<\/strong><\/p>\n<p style=\"text-align: left;\">Women&#8217;s est n\u00e9 de l&#8217;union de deux \u00e9quipes m\u00e9dicales exp\u00e9riment\u00e9es dirig\u00e9es par le Dr Francisco Carmona et les Drs Santiago Dexeus et Dami\u00e1n Dexeus.<\/p>\n<p style=\"text-align: left;\">Compos\u00e9 de sp\u00e9cialistes de renomm\u00e9e mondiale couvrant tous les domaines de la gyn\u00e9cologie, de l&#8217;obst\u00e9trique et du bien-\u00eatre des femmes, Women&#8217;s a \u00e9t\u00e9 fond\u00e9 dans le but de fournir des soins m\u00e9dicaux personnalis\u00e9s et complets de la plus haute qualit\u00e9 technique et scientifique \u00e0 toutes les \u00e9tapes de la vie d&#8217;une femme.<\/p>\n<p style=\"text-align: left;\">Women&#8217;s est compos\u00e9 d&#8217;une s\u00e9lection des meilleurs experts et sp\u00e9cialistes, des professionnels de premier plan en mati\u00e8re de chirurgie gyn\u00e9cologique avanc\u00e9e, de fertilit\u00e9 et de reproduction assist\u00e9e, de grossesse, de plancher pelvien, de m\u00e9nopause et de p\u00e9rim\u00e9nopause, d&#8217;oncologie, de traitement de la douleur, de physioth\u00e9rapie, de psychologie et de di\u00e9t\u00e9tique, avec un objectif et une philosophie communs : aider les femmes dans tous les domaines, toutes les circonstances et toutes les \u00e9tapes de la vie, de l&#8217;adolescence \u00e0 l&#8217;\u00e2ge adulte.<\/p>\n<p style=\"text-align: left;\"><strong>Services de Bonanova pour les compagnons :<\/strong><\/p>\n<p style=\"text-align: left;\">Les appartements de l&#8217;h\u00f4tel Bonanova Suite disposent d&#8217;une cuisine enti\u00e8rement \u00e9quip\u00e9e, du nettoyage quotidien et d&#8217;un salon spacieux qui facilitera votre repos. En outre, l&#8217;h\u00f4tel propose une connexion Internet sans fil dans les appartements et les parties communes sans frais suppl\u00e9mentaires.<\/p>\n<p style=\"text-align: left;\">L&#8217;emplacement de la suite Bonanova est id\u00e9al pour se rendre au\u00a0 des femmes.<\/p>\n[\/vc_column_text][\/vc_column][\/vc_row][vc_row type=&#8221;full_width_content&#8221; full_screen_row_position=&#8221;middle&#8221; column_margin=&#8221;default&#8221; column_direction=&#8221;default&#8221; column_direction_tablet=&#8221;default&#8221; column_direction_phone=&#8221;default&#8221; scene_position=&#8221;center&#8221; text_color=&#8221;dark&#8221; text_align=&#8221;left&#8221; row_border_radius=&#8221;none&#8221; row_border_radius_applies=&#8221;bg&#8221; overlay_strength=&#8221;0.3&#8243; gradient_direction=&#8221;left_to_right&#8221; shape_divider_position=&#8221;bottom&#8221; bg_image_animation=&#8221;none&#8221; shape_type=&#8221;&#8221;][vc_column column_padding=&#8221;no-extra-padding&#8221; column_padding_tablet=&#8221;inherit&#8221; column_padding_phone=&#8221;inherit&#8221; column_padding_position=&#8221;all&#8221; background_color_opacity=&#8221;1&#8243; background_hover_color_opacity=&#8221;1&#8243; column_shadow=&#8221;none&#8221; column_border_radius=&#8221;none&#8221; column_link_target=&#8221;_self&#8221; gradient_direction=&#8221;left_to_right&#8221; overlay_strength=&#8221;0.3&#8243; width=&#8221;1\/1&#8243; tablet_width_inherit=&#8221;default&#8221; tablet_text_alignment=&#8221;default&#8221; phone_text_alignment=&#8221;default&#8221; column_border_width=&#8221;none&#8221; column_border_style=&#8221;solid&#8221; bg_image_animation=&#8221;none&#8221;][vc_raw_html]JTNDaWZyYW1lJTIwc3JjJTNEJTIyaHR0cHMlM0ElMkYlMkZ3d3cuZ29vZ2xlLmNvbSUyRm1hcHMlMkZlbWJlZCUzRnBiJTNEJTIxMW0yOCUyMTFtMTIlMjExbTMlMjExZDU5ODUuNjE5NDYxNTAyNTElMjEyZDIuMTI4MzczNjI4NjY0NDY4JTIxM2Q0MS4zOTk5MzgyNjcwNTE3NDUlMjEybTMlMjExZjAlMjEyZjAlMjEzZjAlMjEzbTIlMjExaTEwMjQlMjEyaTc2OCUyMTRmMTMuMSUyMTRtMTMlMjEzZTIlMjE0bTUlMjExczB4MTJhNDk4MGRlYzBlNjZjZCUyNTNBMHhiMjc5OWM4Y2Q2OTNiYzRkJTIxMnNBcGFydGhvdGVsJTI1MjBCb25hbm92YSUyNTJDJTI1MjBDJTI1MkYlMjUyMGRlbCUyNTIwQmlzYmUlMjUyMFNpdmlsbGElMjUyQyUyNTIwNyUyNTJDJTI1MjAwODAyMiUyNTIwQmFyY2Vsb25hJTIxM20yJTIxMWQ0MS40MDU0OTE1JTIxMmQyLjEzNjExMjglMjE0bTUlMjExczB4MTJhNDk4NjkxZjI4ZmRhNSUyNTNBMHg5OWE0ZDEyNDI5OTEzYjIzJTIxMnNDYXJyZXIlMjUyMGRlJTI1MjBHaXJvbmVsbGElMjUyQyUyNTIwNiUyNTJDJTI1MjAwODAxNyUyNTIwQmFyY2Vsb25hJTIxM20yJTIxMWQ0MS4zOTQ0MjIzOTk5OTk5OTYlMjEyZDIuMTI5MDA5NiUyMTVlMCUyMTNtMiUyMTFzZXMlMjEyc2VzJTIxNHYxNjc1MDkyMjk2MjE5JTIxNW0yJTIxMXNlcyUyMTJzZXMlMjIlMjB3aWR0aCUzRCUyMjE5MDAlMjIlMjBoZWlnaHQlM0QlMjI0MDAlMjIlMjBzdHlsZSUzRCUyMmJvcmRlciUzQTAlM0IlMjIlMjBhbGxvd2Z1bGxzY3JlZW4lM0QlMjIlMjIlMjBsb2FkaW5nJTNEJTIybGF6eSUyMiUyMHJlZmVycmVycG9saWN5JTNEJTIybm8tcmVmZXJyZXItd2hlbi1kb3duZ3JhZGUlMjIlM0UlM0MlMkZpZnJhbWUlM0U=[\/vc_raw_html][\/vc_column][\/vc_row]\n","protected":false},"excerpt":{"rendered":"<p>[vc_row type=&#8221;in_container&#8221; full_screen_row_position=&#8221;middle&#8221; column_margin=&#8221;default&#8221; column_direction=&#8221;default&#8221; column_direction_tablet=&#8221;default&#8221; column_direction_phone=&#8221;default&#8221; scene_position=&#8221;center&#8221; text_color=&#8221;dark&#8221; text_align=&#8221;left&#8221; row_border_radius=&#8221;none&#8221; row_border_radius_applies=&#8221;bg&#8221; overlay_strength=&#8221;0.3&#8243; gradient_direction=&#8221;left_to_right&#8221; shape_divider_position=&#8221;bottom&#8221; bg_image_animation=&#8221;none&#8221; shape_type=&#8221;&#8221;][vc_column column_padding=&#8221;no-extra-padding&#8221; column_padding_tablet=&#8221;inherit&#8221; column_padding_phone=&#8221;inherit&#8221; column_padding_position=&#8221;all&#8221; background_color_opacity=&#8221;1&#8243; background_hover_color_opacity=&#8221;1&#8243; column_shadow=&#8221;none&#8221; column_border_radius=&#8221;none&#8221; column_link_target=&#8221;_self&#8221; gradient_direction=&#8221;left_to_right&#8221; overlay_strength=&#8221;0.3&#8243; width=&#8221;1\/1&#8243; tablet_width_inherit=&#8221;default&#8221;&#8230;<\/p>\n","protected":false},"author":3,"featured_media":0,"parent":0,"menu_order":0,"comment_status":"closed","ping_status":"closed","template":"","meta":[],"yoast_head":"<!-- This site is optimized with the Yoast SEO plugin v19.6.1 - https:\/\/yoast.com\/wordpress\/plugins\/seo\/ -->\n<title>Centro Ginecol\u00f3gico Women\u2019s CD Bonanova Suite Hotel.<\/title>\n<meta name=\"description\" content=\"Centro Ginecol\u00f3gico Women\u2019s CD Bonanova Suite Hotel, Barcelona.\" \/>\n<meta name=\"robots\" content=\"index, follow, max-snippet:-1, max-image-preview:large, max-video-preview:-1\" \/>\n<link rel=\"canonical\" href=\"https:\/\/www.premiumsuitehotels.com\/bonanova-suite-hotel\/fr\/centro-ginecologico-womens\/\" \/>\n<meta property=\"og:locale\" content=\"fr_FR\" \/>\n<meta property=\"og:type\" content=\"article\" \/>\n<meta property=\"og:title\" content=\"Centro Ginecol\u00f3gico Women\u2019s CD Bonanova Suite Hotel.\" \/>\n<meta property=\"og:description\" content=\"Centro Ginecol\u00f3gico Women\u2019s CD Bonanova Suite Hotel, Barcelona.\" \/>\n<meta property=\"og:url\" content=\"https:\/\/www.premiumsuitehotels.com\/bonanova-suite-hotel\/fr\/centro-ginecologico-womens\/\" \/>\n<meta property=\"og:site_name\" content=\"Bonanova Suite Hotel\" \/>\n<meta property=\"article:modified_time\" content=\"2023-08-31T09:24:05+00:00\" \/>\n<meta name=\"twitter:card\" content=\"summary_large_image\" \/>\n<meta name=\"twitter:label1\" content=\"Est. reading time\" \/>\n\t<meta name=\"twitter:data1\" content=\"2 minutes\" \/>\n<script type=\"application\/ld+json\" class=\"yoast-schema-graph\">{\"@context\":\"https:\/\/schema.org\",\"@graph\":[{\"@type\":\"WebPage\",\"@id\":\"https:\/\/www.premiumsuitehotels.com\/bonanova-suite-hotel\/fr\/centro-ginecologico-womens\/\",\"url\":\"https:\/\/www.premiumsuitehotels.com\/bonanova-suite-hotel\/fr\/centro-ginecologico-womens\/\",\"name\":\"Centro Ginecol\u00f3gico Women\u2019s CD Bonanova Suite Hotel.\",\"isPartOf\":{\"@id\":\"https:\/\/www.premiumsuitehotels.com\/bonanova-suite-hotel\/#website\"},\"datePublished\":\"2023-01-30T15:37:38+00:00\",\"dateModified\":\"2023-08-31T09:24:05+00:00\",\"description\":\"Centro Ginecol\u00f3gico Women\u2019s CD Bonanova Suite Hotel, Barcelona.\",\"breadcrumb\":{\"@id\":\"https:\/\/www.premiumsuitehotels.com\/bonanova-suite-hotel\/fr\/centro-ginecologico-womens\/#breadcrumb\"},\"inLanguage\":\"fr-FR\",\"potentialAction\":[{\"@type\":\"ReadAction\",\"target\":[\"https:\/\/www.premiumsuitehotels.com\/bonanova-suite-hotel\/fr\/centro-ginecologico-womens\/\"]}]},{\"@type\":\"BreadcrumbList\",\"@id\":\"https:\/\/www.premiumsuitehotels.com\/bonanova-suite-hotel\/fr\/centro-ginecologico-womens\/#breadcrumb\",\"itemListElement\":[{\"@type\":\"ListItem\",\"position\":1,\"name\":\"Portada\",\"item\":\"https:\/\/www.premiumsuitehotels.com\/bonanova-suite-hotel\/fr\/\"},{\"@type\":\"ListItem\",\"position\":2,\"name\":\"Centro Ginecol\u00f3gico Women\u2019s\"}]},{\"@type\":\"WebSite\",\"@id\":\"https:\/\/www.premiumsuitehotels.com\/bonanova-suite-hotel\/#website\",\"url\":\"https:\/\/www.premiumsuitehotels.com\/bonanova-suite-hotel\/\",\"name\":\"Bonanova Suite Hotel\",\"description\":\"Bonanova Suite Hotel\",\"potentialAction\":[{\"@type\":\"SearchAction\",\"target\":{\"@type\":\"EntryPoint\",\"urlTemplate\":\"https:\/\/www.premiumsuitehotels.com\/bonanova-suite-hotel\/?s={search_term_string}\"},\"query-input\":\"required name=search_term_string\"}],\"inLanguage\":\"fr-FR\"}]}<\/script>\n<!-- \/ Yoast SEO plugin. -->","yoast_head_json":{"title":"Centro Ginecol\u00f3gico Women\u2019s CD Bonanova Suite Hotel.","description":"Centro Ginecol\u00f3gico Women\u2019s CD Bonanova Suite Hotel, Barcelona.","robots":{"index":"index","follow":"follow","max-snippet":"max-snippet:-1","max-image-preview":"max-image-preview:large","max-video-preview":"max-video-preview:-1"},"canonical":"https:\/\/www.premiumsuitehotels.com\/bonanova-suite-hotel\/fr\/centro-ginecologico-womens\/","og_locale":"fr_FR","og_type":"article","og_title":"Centro Ginecol\u00f3gico Women\u2019s CD Bonanova Suite Hotel.","og_description":"Centro Ginecol\u00f3gico Women\u2019s CD Bonanova Suite Hotel, Barcelona.","og_url":"https:\/\/www.premiumsuitehotels.com\/bonanova-suite-hotel\/fr\/centro-ginecologico-womens\/","og_site_name":"Bonanova Suite Hotel","article_modified_time":"2023-08-31T09:24:05+00:00","twitter_card":"summary_large_image","twitter_misc":{"Est. reading time":"2 minutes"},"schema":{"@context":"https:\/\/schema.org","@graph":[{"@type":"WebPage","@id":"https:\/\/www.premiumsuitehotels.com\/bonanova-suite-hotel\/fr\/centro-ginecologico-womens\/","url":"https:\/\/www.premiumsuitehotels.com\/bonanova-suite-hotel\/fr\/centro-ginecologico-womens\/","name":"Centro Ginecol\u00f3gico Women\u2019s CD Bonanova Suite Hotel.","isPartOf":{"@id":"https:\/\/www.premiumsuitehotels.com\/bonanova-suite-hotel\/#website"},"datePublished":"2023-01-30T15:37:38+00:00","dateModified":"2023-08-31T09:24:05+00:00","description":"Centro Ginecol\u00f3gico Women\u2019s CD Bonanova Suite Hotel, Barcelona.","breadcrumb":{"@id":"https:\/\/www.premiumsuitehotels.com\/bonanova-suite-hotel\/fr\/centro-ginecologico-womens\/#breadcrumb"},"inLanguage":"fr-FR","potentialAction":[{"@type":"ReadAction","target":["https:\/\/www.premiumsuitehotels.com\/bonanova-suite-hotel\/fr\/centro-ginecologico-womens\/"]}]},{"@type":"BreadcrumbList","@id":"https:\/\/www.premiumsuitehotels.com\/bonanova-suite-hotel\/fr\/centro-ginecologico-womens\/#breadcrumb","itemListElement":[{"@type":"ListItem","position":1,"name":"Portada","item":"https:\/\/www.premiumsuitehotels.com\/bonanova-suite-hotel\/fr\/"},{"@type":"ListItem","position":2,"name":"Centro Ginecol\u00f3gico Women\u2019s"}]},{"@type":"WebSite","@id":"https:\/\/www.premiumsuitehotels.com\/bonanova-suite-hotel\/#website","url":"https:\/\/www.premiumsuitehotels.com\/bonanova-suite-hotel\/","name":"Bonanova Suite Hotel","description":"Bonanova Suite Hotel","potentialAction":[{"@type":"SearchAction","target":{"@type":"EntryPoint","urlTemplate":"https:\/\/www.premiumsuitehotels.com\/bonanova-suite-hotel\/?s={search_term_string}"},"query-input":"required name=search_term_string"}],"inLanguage":"fr-FR"}]}},"_links":{"self":[{"href":"https:\/\/www.premiumsuitehotels.com\/bonanova-suite-hotel\/fr\/wp-json\/wp\/v2\/pages\/25282"}],"collection":[{"href":"https:\/\/www.premiumsuitehotels.com\/bonanova-suite-hotel\/fr\/wp-json\/wp\/v2\/pages"}],"about":[{"href":"https:\/\/www.premiumsuitehotels.com\/bonanova-suite-hotel\/fr\/wp-json\/wp\/v2\/types\/page"}],"author":[{"embeddable":true,"href":"https:\/\/www.premiumsuitehotels.com\/bonanova-suite-hotel\/fr\/wp-json\/wp\/v2\/users\/3"}],"replies":[{"embeddable":true,"href":"https:\/\/www.premiumsuitehotels.com\/bonanova-suite-hotel\/fr\/wp-json\/wp\/v2\/comments?post=25282"}],"version-history":[{"count":6,"href":"https:\/\/www.premiumsuitehotels.com\/bonanova-suite-hotel\/fr\/wp-json\/wp\/v2\/pages\/25282\/revisions"}],"predecessor-version":[{"id":25369,"href":"https:\/\/www.premiumsuitehotels.com\/bonanova-suite-hotel\/fr\/wp-json\/wp\/v2\/pages\/25282\/revisions\/25369"}],"wp:attachment":[{"href":"https:\/\/www.premiumsuitehotels.com\/bonanova-suite-hotel\/fr\/wp-json\/wp\/v2\/media?parent=25282"}],"curies":[{"name":"wp","href":"https:\/\/api.w.org\/{rel}","templated":true}]}}