{"id":24776,"date":"2022-06-14T10:50:45","date_gmt":"2022-06-14T10:50:45","guid":{"rendered":"https:\/\/www.premiumsuitehotels.com\/bonanova-suite-hotel\/clinica-ivi\/"},"modified":"2026-02-09T15:27:26","modified_gmt":"2026-02-09T15:27:26","slug":"clinica-ivi","status":"publish","type":"page","link":"https:\/\/www.premiumsuitehotels.com\/bonanova-suite-hotel\/fr\/clinica-ivi\/","title":{"rendered":"Cl\u00ednica IVI"},"content":{"rendered":"[vc_row type=&#8221;in_container&#8221; full_screen_row_position=&#8221;middle&#8221; column_margin=&#8221;default&#8221; column_direction=&#8221;default&#8221; column_direction_tablet=&#8221;default&#8221; column_direction_phone=&#8221;default&#8221; scene_position=&#8221;center&#8221; text_color=&#8221;dark&#8221; text_align=&#8221;left&#8221; row_border_radius=&#8221;none&#8221; row_border_radius_applies=&#8221;bg&#8221; overlay_strength=&#8221;0.3&#8243; gradient_direction=&#8221;left_to_right&#8221; shape_divider_position=&#8221;bottom&#8221; bg_image_animation=&#8221;none&#8221; shape_type=&#8221;&#8221;][vc_column column_padding=&#8221;no-extra-padding&#8221; column_padding_tablet=&#8221;inherit&#8221; column_padding_phone=&#8221;inherit&#8221; column_padding_position=&#8221;all&#8221; background_color_opacity=&#8221;1&#8243; background_hover_color_opacity=&#8221;1&#8243; column_shadow=&#8221;none&#8221; column_border_radius=&#8221;none&#8221; column_link_target=&#8221;_self&#8221; gradient_direction=&#8221;left_to_right&#8221; overlay_strength=&#8221;0.3&#8243; width=&#8221;1\/1&#8243; tablet_width_inherit=&#8221;default&#8221; tablet_text_alignment=&#8221;default&#8221; phone_text_alignment=&#8221;default&#8221; column_border_width=&#8221;none&#8221; column_border_style=&#8221;solid&#8221; bg_image_animation=&#8221;none&#8221;]<div  data-transition=\"slide\" data-overall_style=\"classic\" data-flexible-height=\"\" data-animate-in-effect=\"none\" data-fullscreen=\"true\" data-button-sizing=\"regular\" data-button-styling=\"btn_with_count\" data-autorotate=\"\" data-parallax=\"false\" data-parallax-disable-mobile=\"\" data-caption-trans=\"fade_in_from_bottom\" data-parallax-style=\"bg_only\" data-bg-animation=\"none\" data-full-width=\"true\" class=\"nectar-slider-wrap \" id=\"nectar-slider-instance-1\"><div class=\"swiper-container\"  data-tho=\"auto\" data-tco=\"auto\" data-pho=\"auto\" data-pco=\"auto\" data-loop=\"false\" data-height=\"650\" data-min-height=\"\" data-arrows=\"false\" data-bullets=\"false\" data-bullet_style=\"see_through\" data-bullet_position=\"bottom\" data-desktop-swipe=\"false\" data-settings=\"\"> <div class=\"swiper-wrapper\"><div class=\"swiper-slide\" data-desktop-content-width=\"auto\" data-tablet-content-width=\"auto\" data-bg-alignment=\"center\" data-color-scheme=\"light\" data-x-pos=\"centered\" data-y-pos=\"middle\" ><div class=\"slide-bg-wrap\"><div class=\"image-bg\" style=\"background-image: url(https:\/\/www.premiumsuitehotels.com\/bonanova-suite-hotel\/wp-content\/uploads\/sites\/7\/2022\/06\/ivi.jpeg);\"> &nbsp; <\/div><\/div><div class=\"container\">\n\t\t\t\t\t\t<div class=\"content\"><h1>Clinique IVI<\/h1><\/div>\n\t\t\t\t\t\t\t\t<\/div><!--\/container--><a href=\"#\" class=\"slider-down-arrow no-border\"><svg class=\"nectar-scroll-icon\" viewBox=\"0 0 30 45\" enable-background=\"new 0 0 30 45\">\n\t\t\t\t\t\t\t\t\t<path class=\"nectar-scroll-icon-path\" fill=\"none\" stroke=\"#ffffff\" stroke-width=\"2\" stroke-miterlimit=\"10\" d=\"M15,1.118c12.352,0,13.967,12.88,13.967,12.88v18.76  c0,0-1.514,11.204-13.967,11.204S0.931,32.966,0.931,32.966V14.05C0.931,14.05,2.648,1.118,15,1.118z\"><\/path>\n\t\t\t\t\t\t\t\t\t<\/svg><\/a><div class=\"video-texture \"> <span class=\"ie-fix\"><\/span> <\/div><\/div> <!--\/swiper-slide--><\/div><div class=\"nectar-slider-loading \"> <span class=\"loading-icon none\">   <\/span> <\/div> <\/div> \n\t\t\t\t\t\n\t\t\t\t\t<\/div>[\/vc_column][\/vc_row][vc_row type=&#8221;full_width_content&#8221; full_screen_row_position=&#8221;middle&#8221; column_margin=&#8221;default&#8221; equal_height=&#8221;yes&#8221; content_placement=&#8221;bottom&#8221; column_direction=&#8221;default&#8221; column_direction_tablet=&#8221;default&#8221; column_direction_phone=&#8221;default&#8221; bg_color=&#8221;#ffffff&#8221; scene_position=&#8221;center&#8221; top_padding=&#8221;2%&#8221; bottom_padding=&#8221;2%&#8221; text_color=&#8221;dark&#8221; text_align=&#8221;center&#8221; row_border_radius=&#8221;none&#8221; row_border_radius_applies=&#8221;bg&#8221; color_overlay=&#8221;#ffffff&#8221; color_overlay_2=&#8221;#ffffff&#8221; overlay_strength=&#8221;0.5&#8243; gradient_direction=&#8221;left_to_right&#8221; shape_divider_position=&#8221;bottom&#8221; shape_divider_height=&#8221;350&#8243; bg_image_animation=&#8221;fade-in&#8221; parallax_bg=&#8221;true&#8221; parallax_bg_speed=&#8221;fast&#8221; shape_type=&#8221;mountains&#8221;][vc_column column_padding=&#8221;padding-3-percent&#8221; column_padding_tablet=&#8221;inherit&#8221; column_padding_phone=&#8221;inherit&#8221; column_padding_position=&#8221;all&#8221; background_color_opacity=&#8221;1&#8243; background_hover_color_opacity=&#8221;1&#8243; font_color=&#8221;#44443c&#8221; column_shadow=&#8221;none&#8221; column_border_radius=&#8221;none&#8221; column_link_target=&#8221;_self&#8221; gradient_direction=&#8221;left_to_right&#8221; overlay_strength=&#8221;0.3&#8243; width=&#8221;1\/1&#8243; tablet_width_inherit=&#8221;default&#8221; tablet_text_alignment=&#8221;default&#8221; phone_text_alignment=&#8221;default&#8221; column_border_width=&#8221;none&#8221; column_border_style=&#8221;solid&#8221; bg_image_animation=&#8221;none&#8221;][vc_text_separator title=&#8221;IVI et le Bonanova Suite&#8221; color=&#8221;custom&#8221; accent_color=&#8221;#000000&#8243;][\/vc_column][\/vc_row][vc_row type=&#8221;full_width_content&#8221; full_screen_row_position=&#8221;middle&#8221; column_margin=&#8221;default&#8221; column_direction=&#8221;default&#8221; column_direction_tablet=&#8221;default&#8221; column_direction_phone=&#8221;default&#8221; scene_position=&#8221;center&#8221; top_padding=&#8221;0&#8243; bottom_padding=&#8221;4%&#8221; text_color=&#8221;dark&#8221; text_align=&#8221;left&#8221; row_border_radius=&#8221;none&#8221; row_border_radius_applies=&#8221;bg&#8221; id=&#8221;sleep&#8221; overlay_strength=&#8221;0.3&#8243; gradient_direction=&#8221;left_to_right&#8221; shape_divider_position=&#8221;bottom&#8221; bg_image_animation=&#8221;none&#8221; shape_type=&#8221;&#8221;][vc_column column_padding=&#8221;padding-5-percent&#8221; column_padding_tablet=&#8221;inherit&#8221; column_padding_phone=&#8221;padding-2-percent&#8221; column_padding_position=&#8221;left-right&#8221; centered_text=&#8221;true&#8221; background_color_opacity=&#8221;1&#8243; background_hover_color_opacity=&#8221;1&#8243; column_shadow=&#8221;none&#8221; column_border_radius=&#8221;none&#8221; column_link_target=&#8221;_self&#8221; gradient_direction=&#8221;left_to_right&#8221; overlay_strength=&#8221;0.3&#8243; width=&#8221;1\/1&#8243; tablet_width_inherit=&#8221;default&#8221; tablet_text_alignment=&#8221;default&#8221; phone_text_alignment=&#8221;default&#8221; column_border_width=&#8221;none&#8221; column_border_style=&#8221;solid&#8221; bg_image_animation=&#8221;none&#8221;][vc_column_text]\n<p style=\"text-align: left\"><span style=\"font-size: medium\"><span lang=\"fr-FR\">Le Bonanova Suite Hotel vous offre un h\u00e9bergement pour les a<\/span><span lang=\"fr-FR\">c<\/span><span lang=\"fr-FR\">compagnateurs et les patients de la clinique IVI, dans des appartements et des suites spacieux \u00e0 proximit\u00e9 de la clinique.<\/span><\/span><\/p>\n<p style=\"text-align: left\"><span style=\"font-size: medium\"><span lang=\"fr-FR\">Profitez de notre code promotionnel IVIPSH avec une r\u00e9duction du 10% sur notre page de r\u00e9servation directe.<\/span><\/span><\/p>\n[\/vc_column_text][vc_column_text]\n<p lang=\"fr-FR\" style=\"text-align: left\"><strong><span style=\"font-size: medium\">S\u00e9jours \u00e0 la Clinique IVI :<\/span><\/strong><\/p>\n<p style=\"text-align: left\"><span style=\"font-size: medium\"><span lang=\"fr-FR\">En offrant les meilleures techniques de procr\u00e9ation assist\u00e9e depuis 1990, plus de 160.000 enfants sont n\u00e9s dans le monde gr\u00e2ce \u00e0 IVI. Le Groupe IVI a les meilleurs taux de grossesse: 9 couples sur 10 qui leur font confiance atteignent leur objectif de devenir parents. IVI compte actuellement plus de 65 cliniques de fertilit\u00e9 dans le monde, avec centres aux \u00c9tats-Unis, en Argentine, au Br\u00e9sil, au Chili, aux \u00c9mirats Arabes Unis, en Inde, en Italie, \u00e0 Oman, au Panama, au Portugal et au Royaume-Uni. La clinique est situ\u00e9e \u00e0 Ronda General Mitre, 14, \u00e0 22 minutes \u00e0 pied d<\/span><span lang=\"fr-FR\">u Bonanova<\/span><span lang=\"fr-FR\"> Suite, <\/span><span lang=\"fr-FR\">au <\/span><span lang=\"fr-FR\">Carrer del Bisbe Sivilla 7.<\/span><\/span><\/p>\n<p style=\"text-align: left\"><strong><span style=\"font-size: medium\"><span lang=\"fr-FR\">Services Bonanova pour les <\/span><span lang=\"fr-FR\">ac<\/span><span lang=\"fr-FR\">c<\/span><span lang=\"fr-FR\">ompagnateurs<\/span><span lang=\"fr-FR\">:<\/span><\/span><\/strong><\/p>\n<p style=\"text-align: left\"><span style=\"font-size: medium\"><span lang=\"fr-FR\">L<\/span><span lang=\"fr-FR\">e <\/span><span lang=\"fr-FR\">Bonanova <\/span><span lang=\"fr-FR\">Suite <\/span><span lang=\"fr-FR\">offre un service personnalis\u00e9 aux patients et \u00e0 leurs accompagnateurs en visite pour raisons m\u00e9dicales, offrant des installations adapt\u00e9es pour contribuer au r\u00e9tablissement rapide des patients et rendre leur s\u00e9jour le plus agr\u00e9able possible. Tous nos <\/span><span lang=\"fr-FR\">spacieux <\/span><span lang=\"fr-FR\">appartements disposent d&#8217;une cuisine enti\u00e8rement \u00e9quip\u00e9e. <\/span><span lang=\"fr-FR\">Le m\u00e9nage<\/span><span lang=\"fr-FR\"> avec changement des serviettes <\/span><span lang=\"fr-FR\">chaque jour est inclus<\/span><span lang=\"fr-FR\">, <\/span><span lang=\"fr-FR\">ainsi que la<\/span><span lang=\"fr-FR\"> connexion Wi-Fi gratuite dans toute la propri\u00e9t\u00e9, un coffre-fort et un service de r\u00e9ception 24 <\/span><span lang=\"fr-FR\">heures sur 24, 7 jours sur 7.<\/span><\/span><\/p>\n<p style=\"text-align: left\"><span style=\"font-size: medium\"><span lang=\"fr-FR\">Le Bonanova Suite, <\/span><span lang=\"fr-FR\">votre meilleure option d&#8217;h\u00e9bergement pr\u00e8s de la clinique IVI.<\/span><\/span><\/p>\n[\/vc_column_text][\/vc_column][\/vc_row][vc_row type=&#8221;full_width_content&#8221; full_screen_row_position=&#8221;middle&#8221; column_margin=&#8221;default&#8221; column_direction=&#8221;default&#8221; column_direction_tablet=&#8221;default&#8221; column_direction_phone=&#8221;default&#8221; scene_position=&#8221;center&#8221; text_color=&#8221;dark&#8221; text_align=&#8221;left&#8221; row_border_radius=&#8221;none&#8221; row_border_radius_applies=&#8221;bg&#8221; overlay_strength=&#8221;0.3&#8243; gradient_direction=&#8221;left_to_right&#8221; shape_divider_position=&#8221;bottom&#8221; bg_image_animation=&#8221;none&#8221; shape_type=&#8221;&#8221;][vc_column column_padding=&#8221;no-extra-padding&#8221; column_padding_tablet=&#8221;inherit&#8221; column_padding_phone=&#8221;inherit&#8221; column_padding_position=&#8221;all&#8221; background_color_opacity=&#8221;1&#8243; background_hover_color_opacity=&#8221;1&#8243; column_shadow=&#8221;none&#8221; column_border_radius=&#8221;none&#8221; column_link_target=&#8221;_self&#8221; gradient_direction=&#8221;left_to_right&#8221; overlay_strength=&#8221;0.3&#8243; width=&#8221;1\/1&#8243; tablet_width_inherit=&#8221;default&#8221; tablet_text_alignment=&#8221;default&#8221; phone_text_alignment=&#8221;default&#8221; column_border_width=&#8221;none&#8221; column_border_style=&#8221;solid&#8221; bg_image_animation=&#8221;none&#8221;][vc_raw_html]JTNDaWZyYW1lJTIwc3JjJTNEJTIyaHR0cHMlM0ElMkYlMkZ3d3cuZ29vZ2xlLmNvbSUyRm1hcHMlMkZlbWJlZCUzRnBiJTNEJTIxMW0yOCUyMTFtMTIlMjExbTMlMjExZDU5ODUuMjIzNzQwMTg3MDA4JTIxMmQyLjEyNzMwNzQ3NjgxODIxNDMlMjEzZDQxLjQwNDIzNDY2NzA1MDM2JTIxMm0zJTIxMWYwJTIxMmYwJTIxM2YwJTIxM20yJTIxMWkxMDI0JTIxMmk3NjglMjE0ZjEzLjElMjE0bTEzJTIxM2UyJTIxNG01JTIxMXMweDEyYTQ5ODBkZWMwZTY2Y2QlMjUzQTB4YjI3OTljOGNkNjkzYmM0ZCUyMTJzQXBhcnRob3RlbCUyNTIwQm9uYW5vdmElMjUyQyUyNTIwQ2FycmVyJTI1MjBkZWwlMjUyMEJpc2JlJTI1MjBTaXZpbGxhJTI1MkMlMjUyMEJhcmNlbG9uYSUyMTNtMiUyMTFkNDEuNDA1NDkxNSUyMTJkMi4xMzYxMTI4JTIxNG01JTIxMXMweDEyYTQ5ODE1MDY5ZGFmNjUlMjUzQTB4MTRmYzIxYmVlOGUxY2I3YyUyMTJzQmFyY2Vsb25hJTI1MjBJVkYlMjUyMCUyNUUyJTI1ODAlMjU5MyUyNTIwQ2wlMjVDMyUyNUFEbmljYSUyNTIwZGUlMjUyMFJlcHJvZHVjY2klMjVDMyUyNUIzbiUyNTIwQXNpc3RpZGElMjUyMHklMjUyMEZlcnRpbGlkYWQlMjUyQyUyNTIwQ2FycmVyJTI1MjBkZSUyNTIwbGVzJTI1MjBFc2NvbGVzJTI1MjBQaWVzJTI1MkMlMjUyMEJhcmNlbG9uYSUyMTNtMiUyMTFkNDEuNDA0MDczMyUyMTJkMi4xMjcyNTY3JTIxNWUwJTIxM20yJTIxMXNlcyUyMTJzZXMlMjE0djE2NTUyMDEzODk1NjUlMjE1bTIlMjExc2VzJTIxMnNlcyUyMiUyMHdpZHRoJTNEJTIyMTkwMCUyMiUyMGhlaWdodCUzRCUyMjQwMCUyMiUyMHN0eWxlJTNEJTIyYm9yZGVyJTNBMCUzQiUyMiUyMGFsbG93ZnVsbHNjcmVlbiUzRCUyMiUyMiUyMGxvYWRpbmclM0QlMjJsYXp5JTIyJTIwcmVmZXJyZXJwb2xpY3klM0QlMjJuby1yZWZlcnJlci13aGVuLWRvd25ncmFkZSUyMiUzRSUzQyUyRmlmcmFtZSUzRQ==[\/vc_raw_html][\/vc_column][\/vc_row]\n","protected":false},"excerpt":{"rendered":"<p>[vc_row type=&#8221;in_container&#8221; full_screen_row_position=&#8221;middle&#8221; column_margin=&#8221;default&#8221; column_direction=&#8221;default&#8221; column_direction_tablet=&#8221;default&#8221; column_direction_phone=&#8221;default&#8221; scene_position=&#8221;center&#8221; text_color=&#8221;dark&#8221; text_align=&#8221;left&#8221; row_border_radius=&#8221;none&#8221; row_border_radius_applies=&#8221;bg&#8221; overlay_strength=&#8221;0.3&#8243; gradient_direction=&#8221;left_to_right&#8221; shape_divider_position=&#8221;bottom&#8221; bg_image_animation=&#8221;none&#8221; shape_type=&#8221;&#8221;][vc_column column_padding=&#8221;no-extra-padding&#8221; column_padding_tablet=&#8221;inherit&#8221; column_padding_phone=&#8221;inherit&#8221; column_padding_position=&#8221;all&#8221; background_color_opacity=&#8221;1&#8243; background_hover_color_opacity=&#8221;1&#8243; column_shadow=&#8221;none&#8221; column_border_radius=&#8221;none&#8221; column_link_target=&#8221;_self&#8221; gradient_direction=&#8221;left_to_right&#8221; overlay_strength=&#8221;0.3&#8243; width=&#8221;1\/1&#8243; tablet_width_inherit=&#8221;default&#8221;&#8230;<\/p>\n","protected":false},"author":3,"featured_media":0,"parent":0,"menu_order":0,"comment_status":"closed","ping_status":"closed","template":"","meta":[],"yoast_head":"<!-- This site is optimized with the Yoast SEO plugin v19.6.1 - https:\/\/yoast.com\/wordpress\/plugins\/seo\/ -->\n<title>Clinica IVI Bonanova Suite Hotel, Barcelona, Espagne.<\/title>\n<meta name=\"description\" content=\"H\u00f4tel situ\u00e9 \u00e0 proximit\u00e9 de la clinique IVI Barcelona, \u00e0 20 minutes en voiture. Appartements enti\u00e8rement \u00e9quip\u00e9s avec cuisine. R\u00e9servez d\u00e8s maintenant.\" \/>\n<meta name=\"robots\" content=\"index, follow, max-snippet:-1, max-image-preview:large, max-video-preview:-1\" \/>\n<link rel=\"canonical\" href=\"https:\/\/www.premiumsuitehotels.com\/bonanova-suite-hotel\/fr\/clinica-ivi\/\" \/>\n<meta property=\"og:locale\" content=\"fr_FR\" \/>\n<meta property=\"og:type\" content=\"article\" \/>\n<meta property=\"og:title\" content=\"Clinica IVI Bonanova Suite Hotel, Barcelona, Espagne.\" \/>\n<meta property=\"og:description\" content=\"H\u00f4tel situ\u00e9 \u00e0 proximit\u00e9 de la clinique IVI Barcelona, \u00e0 20 minutes en voiture. Appartements enti\u00e8rement \u00e9quip\u00e9s avec cuisine. R\u00e9servez d\u00e8s maintenant.\" \/>\n<meta property=\"og:url\" content=\"https:\/\/www.premiumsuitehotels.com\/bonanova-suite-hotel\/fr\/clinica-ivi\/\" \/>\n<meta property=\"og:site_name\" content=\"Bonanova Suite Hotel\" \/>\n<meta property=\"article:modified_time\" content=\"2026-02-09T15:27:26+00:00\" \/>\n<meta name=\"twitter:card\" content=\"summary_large_image\" \/>\n<meta name=\"twitter:label1\" content=\"Est. reading time\" \/>\n\t<meta name=\"twitter:data1\" content=\"2 minutes\" \/>\n<script type=\"application\/ld+json\" class=\"yoast-schema-graph\">{\"@context\":\"https:\/\/schema.org\",\"@graph\":[{\"@type\":\"WebPage\",\"@id\":\"https:\/\/www.premiumsuitehotels.com\/bonanova-suite-hotel\/fr\/clinica-ivi\/\",\"url\":\"https:\/\/www.premiumsuitehotels.com\/bonanova-suite-hotel\/fr\/clinica-ivi\/\",\"name\":\"Clinica IVI Bonanova Suite Hotel, Barcelona, Espagne.\",\"isPartOf\":{\"@id\":\"https:\/\/www.premiumsuitehotels.com\/bonanova-suite-hotel\/#website\"},\"datePublished\":\"2022-06-14T10:50:45+00:00\",\"dateModified\":\"2026-02-09T15:27:26+00:00\",\"description\":\"H\u00f4tel situ\u00e9 \u00e0 proximit\u00e9 de la clinique IVI Barcelona, \u00e0 20 minutes en voiture. Appartements enti\u00e8rement \u00e9quip\u00e9s avec cuisine. R\u00e9servez d\u00e8s maintenant.\",\"breadcrumb\":{\"@id\":\"https:\/\/www.premiumsuitehotels.com\/bonanova-suite-hotel\/fr\/clinica-ivi\/#breadcrumb\"},\"inLanguage\":\"fr-FR\",\"potentialAction\":[{\"@type\":\"ReadAction\",\"target\":[\"https:\/\/www.premiumsuitehotels.com\/bonanova-suite-hotel\/fr\/clinica-ivi\/\"]}]},{\"@type\":\"BreadcrumbList\",\"@id\":\"https:\/\/www.premiumsuitehotels.com\/bonanova-suite-hotel\/fr\/clinica-ivi\/#breadcrumb\",\"itemListElement\":[{\"@type\":\"ListItem\",\"position\":1,\"name\":\"Portada\",\"item\":\"https:\/\/www.premiumsuitehotels.com\/bonanova-suite-hotel\/fr\/\"},{\"@type\":\"ListItem\",\"position\":2,\"name\":\"Cl\u00ednica IVI\"}]},{\"@type\":\"WebSite\",\"@id\":\"https:\/\/www.premiumsuitehotels.com\/bonanova-suite-hotel\/#website\",\"url\":\"https:\/\/www.premiumsuitehotels.com\/bonanova-suite-hotel\/\",\"name\":\"Bonanova Suite Hotel\",\"description\":\"Bonanova Suite Hotel\",\"potentialAction\":[{\"@type\":\"SearchAction\",\"target\":{\"@type\":\"EntryPoint\",\"urlTemplate\":\"https:\/\/www.premiumsuitehotels.com\/bonanova-suite-hotel\/?s={search_term_string}\"},\"query-input\":\"required name=search_term_string\"}],\"inLanguage\":\"fr-FR\"}]}<\/script>\n<!-- \/ Yoast SEO plugin. -->","yoast_head_json":{"title":"Clinica IVI Bonanova Suite Hotel, Barcelona, Espagne.","description":"H\u00f4tel situ\u00e9 \u00e0 proximit\u00e9 de la clinique IVI Barcelona, \u00e0 20 minutes en voiture. Appartements enti\u00e8rement \u00e9quip\u00e9s avec cuisine. R\u00e9servez d\u00e8s maintenant.","robots":{"index":"index","follow":"follow","max-snippet":"max-snippet:-1","max-image-preview":"max-image-preview:large","max-video-preview":"max-video-preview:-1"},"canonical":"https:\/\/www.premiumsuitehotels.com\/bonanova-suite-hotel\/fr\/clinica-ivi\/","og_locale":"fr_FR","og_type":"article","og_title":"Clinica IVI Bonanova Suite Hotel, Barcelona, Espagne.","og_description":"H\u00f4tel situ\u00e9 \u00e0 proximit\u00e9 de la clinique IVI Barcelona, \u00e0 20 minutes en voiture. Appartements enti\u00e8rement \u00e9quip\u00e9s avec cuisine. R\u00e9servez d\u00e8s maintenant.","og_url":"https:\/\/www.premiumsuitehotels.com\/bonanova-suite-hotel\/fr\/clinica-ivi\/","og_site_name":"Bonanova Suite Hotel","article_modified_time":"2026-02-09T15:27:26+00:00","twitter_card":"summary_large_image","twitter_misc":{"Est. reading time":"2 minutes"},"schema":{"@context":"https:\/\/schema.org","@graph":[{"@type":"WebPage","@id":"https:\/\/www.premiumsuitehotels.com\/bonanova-suite-hotel\/fr\/clinica-ivi\/","url":"https:\/\/www.premiumsuitehotels.com\/bonanova-suite-hotel\/fr\/clinica-ivi\/","name":"Clinica IVI Bonanova Suite Hotel, Barcelona, Espagne.","isPartOf":{"@id":"https:\/\/www.premiumsuitehotels.com\/bonanova-suite-hotel\/#website"},"datePublished":"2022-06-14T10:50:45+00:00","dateModified":"2026-02-09T15:27:26+00:00","description":"H\u00f4tel situ\u00e9 \u00e0 proximit\u00e9 de la clinique IVI Barcelona, \u00e0 20 minutes en voiture. Appartements enti\u00e8rement \u00e9quip\u00e9s avec cuisine. R\u00e9servez d\u00e8s maintenant.","breadcrumb":{"@id":"https:\/\/www.premiumsuitehotels.com\/bonanova-suite-hotel\/fr\/clinica-ivi\/#breadcrumb"},"inLanguage":"fr-FR","potentialAction":[{"@type":"ReadAction","target":["https:\/\/www.premiumsuitehotels.com\/bonanova-suite-hotel\/fr\/clinica-ivi\/"]}]},{"@type":"BreadcrumbList","@id":"https:\/\/www.premiumsuitehotels.com\/bonanova-suite-hotel\/fr\/clinica-ivi\/#breadcrumb","itemListElement":[{"@type":"ListItem","position":1,"name":"Portada","item":"https:\/\/www.premiumsuitehotels.com\/bonanova-suite-hotel\/fr\/"},{"@type":"ListItem","position":2,"name":"Cl\u00ednica IVI"}]},{"@type":"WebSite","@id":"https:\/\/www.premiumsuitehotels.com\/bonanova-suite-hotel\/#website","url":"https:\/\/www.premiumsuitehotels.com\/bonanova-suite-hotel\/","name":"Bonanova Suite Hotel","description":"Bonanova Suite Hotel","potentialAction":[{"@type":"SearchAction","target":{"@type":"EntryPoint","urlTemplate":"https:\/\/www.premiumsuitehotels.com\/bonanova-suite-hotel\/?s={search_term_string}"},"query-input":"required name=search_term_string"}],"inLanguage":"fr-FR"}]}},"_links":{"self":[{"href":"https:\/\/www.premiumsuitehotels.com\/bonanova-suite-hotel\/fr\/wp-json\/wp\/v2\/pages\/24776"}],"collection":[{"href":"https:\/\/www.premiumsuitehotels.com\/bonanova-suite-hotel\/fr\/wp-json\/wp\/v2\/pages"}],"about":[{"href":"https:\/\/www.premiumsuitehotels.com\/bonanova-suite-hotel\/fr\/wp-json\/wp\/v2\/types\/page"}],"author":[{"embeddable":true,"href":"https:\/\/www.premiumsuitehotels.com\/bonanova-suite-hotel\/fr\/wp-json\/wp\/v2\/users\/3"}],"replies":[{"embeddable":true,"href":"https:\/\/www.premiumsuitehotels.com\/bonanova-suite-hotel\/fr\/wp-json\/wp\/v2\/comments?post=24776"}],"version-history":[{"count":8,"href":"https:\/\/www.premiumsuitehotels.com\/bonanova-suite-hotel\/fr\/wp-json\/wp\/v2\/pages\/24776\/revisions"}],"predecessor-version":[{"id":25702,"href":"https:\/\/www.premiumsuitehotels.com\/bonanova-suite-hotel\/fr\/wp-json\/wp\/v2\/pages\/24776\/revisions\/25702"}],"wp:attachment":[{"href":"https:\/\/www.premiumsuitehotels.com\/bonanova-suite-hotel\/fr\/wp-json\/wp\/v2\/media?parent=24776"}],"curies":[{"name":"wp","href":"https:\/\/api.w.org\/{rel}","templated":true}]}}