{"id":24558,"date":"2021-12-03T13:04:50","date_gmt":"2021-12-03T12:04:50","guid":{"rendered":"https:\/\/www.premiumsuitehotels.com\/ako-suite-hotel\/reuniones\/"},"modified":"2026-02-09T15:19:46","modified_gmt":"2026-02-09T15:19:46","slug":"reunions","status":"publish","type":"page","link":"https:\/\/www.premiumsuitehotels.com\/ako-suite-hotel\/fr\/reunions\/","title":{"rendered":"R\u00e9unions"},"content":{"rendered":"[vc_row type=&#8221;in_container&#8221; full_screen_row_position=&#8221;middle&#8221; column_margin=&#8221;default&#8221; column_direction=&#8221;default&#8221; column_direction_tablet=&#8221;default&#8221; column_direction_phone=&#8221;default&#8221; scene_position=&#8221;center&#8221; bottom_padding=&#8221;2%&#8221; text_color=&#8221;dark&#8221; text_align=&#8221;left&#8221; row_border_radius=&#8221;none&#8221; row_border_radius_applies=&#8221;bg&#8221; overlay_strength=&#8221;0.3&#8243; gradient_direction=&#8221;left_to_right&#8221; shape_divider_position=&#8221;bottom&#8221; bg_image_animation=&#8221;none&#8221; shape_type=&#8221;&#8221;][vc_column column_padding=&#8221;no-extra-padding&#8221; column_padding_tablet=&#8221;inherit&#8221; column_padding_phone=&#8221;inherit&#8221; column_padding_position=&#8221;all&#8221; background_color_opacity=&#8221;1&#8243; background_hover_color_opacity=&#8221;1&#8243; column_shadow=&#8221;none&#8221; column_border_radius=&#8221;none&#8221; column_link_target=&#8221;_self&#8221; gradient_direction=&#8221;left_to_right&#8221; overlay_strength=&#8221;0.3&#8243; width=&#8221;1\/1&#8243; tablet_width_inherit=&#8221;default&#8221; tablet_text_alignment=&#8221;default&#8221; phone_text_alignment=&#8221;default&#8221; column_border_width=&#8221;none&#8221; column_border_style=&#8221;solid&#8221; bg_image_animation=&#8221;none&#8221;]<div  data-transition=\"fade\" data-overall_style=\"classic\" data-flexible-height=\"\" data-animate-in-effect=\"none\" data-fullscreen=\"true\" data-button-sizing=\"regular\" data-button-styling=\"btn_with_count\" data-autorotate=\"22000\" data-parallax=\"false\" data-parallax-disable-mobile=\"\" data-caption-trans=\"reveal_title\" data-parallax-style=\"bg_only\" data-bg-animation=\"none\" data-full-width=\"true\" class=\"nectar-slider-wrap \" id=\"nectar-slider-instance-1\"><div class=\"swiper-container\"  data-tho=\"auto\" data-tco=\"auto\" data-pho=\"auto\" data-pco=\"auto\" data-loop=\"false\" data-height=\"650\" data-min-height=\"\" data-arrows=\"false\" data-bullets=\"true\" data-bullet_style=\"see_through_ar_visualized\" data-bullet_position=\"left\" data-desktop-swipe=\"false\" data-settings=\"\"> <div class=\"swiper-wrapper\"><div class=\"swiper-slide\" data-desktop-content-width=\"auto\" data-tablet-content-width=\"auto\" data-bg-alignment=\"center\" data-color-scheme=\"light\" data-x-pos=\"centered\" data-y-pos=\"middle\" ><div class=\"slide-bg-wrap\"><div class=\"image-bg\" style=\"background-image: url(https:\/\/www.premiumsuitehotels.com\/ako-suite-hotel\/wp-content\/uploads\/sites\/4\/2022\/05\/salas_ako.jpg);\"> &nbsp; <\/div><\/div><div class=\"container\">\n\t\t\t\t\t\t<div class=\"content\"><h1>R\u00e9unions<\/h1><\/div>\n\t\t\t\t\t\t\t\t<\/div><!--\/container--><a href=\"#\" class=\"slider-down-arrow no-border\"><svg class=\"nectar-scroll-icon\" viewBox=\"0 0 30 45\" enable-background=\"new 0 0 30 45\">\n\t\t\t\t\t\t\t\t\t<path class=\"nectar-scroll-icon-path\" fill=\"none\" stroke=\"#ffffff\" stroke-width=\"2\" stroke-miterlimit=\"10\" d=\"M15,1.118c12.352,0,13.967,12.88,13.967,12.88v18.76  c0,0-1.514,11.204-13.967,11.204S0.931,32.966,0.931,32.966V14.05C0.931,14.05,2.648,1.118,15,1.118z\"><\/path>\n\t\t\t\t\t\t\t\t\t<\/svg><\/a><div class=\"video-texture \"> <span class=\"ie-fix\"><\/span> <\/div><\/div> <!--\/swiper-slide--><\/div><div class=\"nectar-slider-loading \"> <span class=\"loading-icon none\">   <\/span> <\/div> <\/div> \n\t\t\t\t\t\n\t\t\t\t\t<\/div>[\/vc_column][\/vc_row][vc_row type=&#8221;full_width_content&#8221; full_screen_row_position=&#8221;middle&#8221; column_margin=&#8221;default&#8221; column_direction=&#8221;default&#8221; column_direction_tablet=&#8221;default&#8221; column_direction_phone=&#8221;default&#8221; scene_position=&#8221;center&#8221; bottom_padding=&#8221;2%&#8221; text_color=&#8221;dark&#8221; text_align=&#8221;left&#8221; row_border_radius=&#8221;none&#8221; row_border_radius_applies=&#8221;bg&#8221; overlay_strength=&#8221;0.3&#8243; gradient_direction=&#8221;left_to_right&#8221; shape_divider_position=&#8221;bottom&#8221; bg_image_animation=&#8221;none&#8221; shape_type=&#8221;&#8221;][vc_column column_padding=&#8221;padding-3-percent&#8221; column_padding_tablet=&#8221;inherit&#8221; column_padding_phone=&#8221;inherit&#8221; column_padding_position=&#8221;all&#8221; background_color_opacity=&#8221;1&#8243; background_hover_color_opacity=&#8221;1&#8243; column_shadow=&#8221;none&#8221; column_border_radius=&#8221;none&#8221; column_link_target=&#8221;_self&#8221; gradient_direction=&#8221;left_to_right&#8221; overlay_strength=&#8221;0.3&#8243; width=&#8221;1\/1&#8243; tablet_width_inherit=&#8221;default&#8221; tablet_text_alignment=&#8221;default&#8221; phone_text_alignment=&#8221;default&#8221; column_border_width=&#8221;none&#8221; column_border_style=&#8221;solid&#8221; bg_image_animation=&#8221;none&#8221;][vc_text_separator title=&#8221;R\u00e9unions Ako&#8221; color=&#8221;custom&#8221; accent_color=&#8221;#354044&#8243;][\/vc_column][\/vc_row][vc_row type=&#8221;in_container&#8221; full_screen_row_position=&#8221;middle&#8221; column_margin=&#8221;default&#8221; column_direction=&#8221;default&#8221; column_direction_tablet=&#8221;default&#8221; column_direction_phone=&#8221;default&#8221; scene_position=&#8221;center&#8221; bottom_padding=&#8221;2%&#8221; text_color=&#8221;dark&#8221; text_align=&#8221;left&#8221; row_border_radius=&#8221;none&#8221; row_border_radius_applies=&#8221;bg&#8221; overlay_strength=&#8221;0.3&#8243; gradient_direction=&#8221;left_to_right&#8221; shape_divider_position=&#8221;bottom&#8221; bg_image_animation=&#8221;none&#8221; shape_type=&#8221;&#8221;][vc_column column_padding=&#8221;no-extra-padding&#8221; column_padding_tablet=&#8221;inherit&#8221; column_padding_phone=&#8221;inherit&#8221; column_padding_position=&#8221;all&#8221; background_color_opacity=&#8221;1&#8243; background_hover_color_opacity=&#8221;1&#8243; column_shadow=&#8221;none&#8221; column_border_radius=&#8221;none&#8221; column_link_target=&#8221;_self&#8221; gradient_direction=&#8221;left_to_right&#8221; overlay_strength=&#8221;0.3&#8243; width=&#8221;1\/1&#8243; tablet_width_inherit=&#8221;default&#8221; tablet_text_alignment=&#8221;default&#8221; phone_text_alignment=&#8221;default&#8221; column_border_width=&#8221;none&#8221; column_border_style=&#8221;solid&#8221; bg_image_animation=&#8221;none&#8221;][vc_column_text]L&#8217;<strong>Ako Suite Hotel<\/strong> vous propose une salle de r\u00e9union spacieuse au centre de <strong>Barcelone<\/strong>, \u00e0 10 minutes de la Pla\u00e7a Catalunya et de la Pla\u00e7a Universitat. Elle est tr\u00e8s fonctionnelle gr\u00e2ce \u00e0 ses installations compl\u00e8tes et \u00e0 l&#8217;acc\u00e8s agr\u00e9able \u00e0 un patio ext\u00e9rieur pour faire de vos \u00e9v\u00e9nements un succ\u00e8s.<\/p>\n<p>La salle de r\u00e9union peut accueillir jusqu&#8217;\u00e0 30 personnes, b\u00e9n\u00e9ficie de la lumi\u00e8re naturelle et d&#8217;un patio ext\u00e9rieur exclusif, id\u00e9al pour les pauses-caf\u00e9 et le networking. Cette salle \u00e9l\u00e9gante et spacieuse est situ\u00e9e au rez-de-chauss\u00e9e de l&#8217;h\u00f4tel et offre un espace confortable et facile d&#8217;acc\u00e8s pour tous types d&#8217;\u00e9v\u00e9nements, r\u00e9unions, s\u00e9minaires, \u00e9v\u00e9nements sociaux ou expositions.[\/vc_column_text][\/vc_column][\/vc_row][vc_row type=&#8221;full_width_content&#8221; full_screen_row_position=&#8221;middle&#8221; column_margin=&#8221;default&#8221; column_direction=&#8221;default&#8221; column_direction_tablet=&#8221;default&#8221; column_direction_phone=&#8221;default&#8221; scene_position=&#8221;center&#8221; bottom_padding=&#8221;4%&#8221; text_color=&#8221;dark&#8221; text_align=&#8221;left&#8221; row_border_radius=&#8221;none&#8221; row_border_radius_applies=&#8221;bg&#8221; overlay_strength=&#8221;0.3&#8243; gradient_direction=&#8221;left_to_right&#8221; shape_divider_position=&#8221;bottom&#8221; bg_image_animation=&#8221;none&#8221; shape_type=&#8221;&#8221;][vc_column column_padding=&#8221;no-extra-padding&#8221; column_padding_tablet=&#8221;inherit&#8221; column_padding_phone=&#8221;inherit&#8221; column_padding_position=&#8221;all&#8221; background_color_opacity=&#8221;1&#8243; background_hover_color_opacity=&#8221;1&#8243; column_shadow=&#8221;none&#8221; column_border_radius=&#8221;none&#8221; column_link_target=&#8221;_self&#8221; gradient_direction=&#8221;left_to_right&#8221; overlay_strength=&#8221;0.3&#8243; width=&#8221;1\/1&#8243; tablet_width_inherit=&#8221;default&#8221; tablet_text_alignment=&#8221;default&#8221; phone_text_alignment=&#8221;default&#8221; column_border_width=&#8221;none&#8221; column_border_style=&#8221;solid&#8221; bg_image_animation=&#8221;none&#8221;][vc_gallery type=&#8221;image_grid&#8221; images=&#8221;24329,24323,24320,24317,24260,24254,24251,24308&#8243; layout=&#8221;4&#8243; item_spacing=&#8221;2px&#8221; gallery_style=&#8221;7&#8243; load_in_animation=&#8221;none&#8221; img_size=&#8221;600&#215;600&#8243;][\/vc_column][\/vc_row][vc_row type=&#8221;full_width_content&#8221; full_screen_row_position=&#8221;middle&#8221; column_margin=&#8221;default&#8221; column_direction=&#8221;default&#8221; column_direction_tablet=&#8221;default&#8221; column_direction_phone=&#8221;default&#8221; scene_position=&#8221;center&#8221; bottom_padding=&#8221;4%&#8221; text_color=&#8221;dark&#8221; text_align=&#8221;center&#8221; row_border_radius=&#8221;none&#8221; row_border_radius_applies=&#8221;bg&#8221; overlay_strength=&#8221;0.3&#8243; gradient_direction=&#8221;left_to_right&#8221; shape_divider_position=&#8221;bottom&#8221; bg_image_animation=&#8221;none&#8221; shape_type=&#8221;&#8221;][vc_column column_padding=&#8221;padding-3-percent&#8221; column_padding_tablet=&#8221;inherit&#8221; column_padding_phone=&#8221;inherit&#8221; column_padding_position=&#8221;left-right&#8221; background_color_opacity=&#8221;1&#8243; background_hover_color_opacity=&#8221;1&#8243; font_color=&#8221;#354044&#8243; column_shadow=&#8221;none&#8221; column_border_radius=&#8221;none&#8221; column_link_target=&#8221;_self&#8221; gradient_direction=&#8221;left_to_right&#8221; overlay_strength=&#8221;0.3&#8243; width=&#8221;1\/1&#8243; tablet_width_inherit=&#8221;default&#8221; tablet_text_alignment=&#8221;default&#8221; phone_text_alignment=&#8221;default&#8221; column_border_width=&#8221;none&#8221; column_border_style=&#8221;solid&#8221; bg_image_animation=&#8221;none&#8221;][vc_text_separator title=&#8221;Votre \u00e9v\u00e9nement au centre de Barcelone&#8221; color=&#8221;custom&#8221; accent_color=&#8221;#354044&#8243;][\/vc_column][\/vc_row][vc_row type=&#8221;in_container&#8221; full_screen_row_position=&#8221;middle&#8221; column_margin=&#8221;default&#8221; column_direction=&#8221;default&#8221; column_direction_tablet=&#8221;default&#8221; column_direction_phone=&#8221;default&#8221; scene_position=&#8221;center&#8221; bottom_padding=&#8221;2%&#8221; text_color=&#8221;dark&#8221; text_align=&#8221;left&#8221; row_border_radius=&#8221;none&#8221; row_border_radius_applies=&#8221;bg&#8221; overlay_strength=&#8221;0.3&#8243; gradient_direction=&#8221;left_to_right&#8221; shape_divider_position=&#8221;bottom&#8221; bg_image_animation=&#8221;none&#8221; shape_type=&#8221;&#8221;][vc_column column_padding=&#8221;no-extra-padding&#8221; column_padding_tablet=&#8221;inherit&#8221; column_padding_phone=&#8221;inherit&#8221; column_padding_position=&#8221;all&#8221; background_color_opacity=&#8221;1&#8243; background_hover_color_opacity=&#8221;1&#8243; column_shadow=&#8221;none&#8221; column_border_radius=&#8221;none&#8221; column_link_target=&#8221;_self&#8221; gradient_direction=&#8221;left_to_right&#8221; overlay_strength=&#8221;0.3&#8243; width=&#8221;1\/1&#8243; tablet_width_inherit=&#8221;default&#8221; tablet_text_alignment=&#8221;default&#8221; phone_text_alignment=&#8221;default&#8221; column_border_width=&#8221;none&#8221; column_border_style=&#8221;solid&#8221; bg_image_animation=&#8221;none&#8221;][vc_column_text]La salle dispose d&#8217;un \u00e9quipement audiovisuel complet pour les besoins de votre \u00e9v\u00e9nement, et d&#8217;options de location si n\u00e9cessaire.<\/p>\n<p>Si vous souhaitez compl\u00e9ter votre \u00e9v\u00e9nement avec une pause-caf\u00e9, veuillez consulter les options avec notre \u00e9quipe de vente.<\/p>\n<p>L&#8217;\u00e9quipe de vente de l&#8217;h\u00f4tel <strong>Ako Suite<\/strong> vous offre un service complet pour vous conseiller sur la planification, la r\u00e9servation et l&#8217;organisation de votre \u00e9v\u00e9nement, en prenant soin du moindre d\u00e9tail.<\/p>\n<p>Faites-nous part de vos besoins et nous vous pr\u00e9senterons notre meilleure proposition. Contactez le d\u00e9partement de ventes :<\/p>\n<p class=\"p5\" style=\"text-align: justify\"><span style=\"color: #000000\"><span class=\"s2\">T\u00e9l\u00e9phone: +34 93 453 34 19<br \/>\n<\/span>Email: <a style=\"color: #000000\" href=\"mailto:info@akosuite.com\"><span class=\"s4\">info@akosuite.com<\/span><\/a><\/span><\/p>\n[\/vc_column_text][\/vc_column][\/vc_row]\n","protected":false},"excerpt":{"rendered":"<p>[vc_row type=&#8221;in_container&#8221; full_screen_row_position=&#8221;middle&#8221; column_margin=&#8221;default&#8221; column_direction=&#8221;default&#8221; column_direction_tablet=&#8221;default&#8221; column_direction_phone=&#8221;default&#8221; scene_position=&#8221;center&#8221; bottom_padding=&#8221;2%&#8221; text_color=&#8221;dark&#8221; text_align=&#8221;left&#8221; row_border_radius=&#8221;none&#8221; row_border_radius_applies=&#8221;bg&#8221; overlay_strength=&#8221;0.3&#8243; gradient_direction=&#8221;left_to_right&#8221; shape_divider_position=&#8221;bottom&#8221; bg_image_animation=&#8221;none&#8221; shape_type=&#8221;&#8221;][vc_column column_padding=&#8221;no-extra-padding&#8221; column_padding_tablet=&#8221;inherit&#8221; column_padding_phone=&#8221;inherit&#8221; column_padding_position=&#8221;all&#8221; background_color_opacity=&#8221;1&#8243; background_hover_color_opacity=&#8221;1&#8243; column_shadow=&#8221;none&#8221; column_border_radius=&#8221;none&#8221; column_link_target=&#8221;_self&#8221; gradient_direction=&#8221;left_to_right&#8221; overlay_strength=&#8221;0.3&#8243; width=&#8221;1\/1&#8243;&#8230;<\/p>\n","protected":false},"author":3,"featured_media":0,"parent":0,"menu_order":0,"comment_status":"closed","ping_status":"closed","template":"","meta":[],"yoast_head":"<!-- This site is optimized with the Yoast SEO plugin v19.6.1 - https:\/\/yoast.com\/wordpress\/plugins\/seo\/ -->\n<title>R\u00e9unions Ako Suite Hotel, Barcelone, Espagne.<\/title>\n<meta name=\"description\" content=\"Grande salle de r\u00e9union dans le centre de Barcelone, \u00e0 seulement 10 minutes de la Plaza Catalu\u00f1a. Enti\u00e8rement \u00e9quip\u00e9e et avec un patio ext\u00e9rieur.\" \/>\n<meta name=\"robots\" content=\"index, follow, max-snippet:-1, max-image-preview:large, max-video-preview:-1\" \/>\n<link rel=\"canonical\" href=\"https:\/\/www.premiumsuitehotels.com\/ako-suite-hotel\/fr\/reunions\/\" \/>\n<meta property=\"og:locale\" content=\"fr_FR\" \/>\n<meta property=\"og:type\" content=\"article\" \/>\n<meta property=\"og:title\" content=\"R\u00e9unions Ako Suite Hotel, Barcelone, Espagne.\" \/>\n<meta property=\"og:description\" content=\"Grande salle de r\u00e9union dans le centre de Barcelone, \u00e0 seulement 10 minutes de la Plaza Catalu\u00f1a. Enti\u00e8rement \u00e9quip\u00e9e et avec un patio ext\u00e9rieur.\" \/>\n<meta property=\"og:url\" content=\"https:\/\/www.premiumsuitehotels.com\/ako-suite-hotel\/fr\/reunions\/\" \/>\n<meta property=\"og:site_name\" content=\"Ako Suite Hotel\" \/>\n<meta property=\"article:modified_time\" content=\"2026-02-09T15:19:46+00:00\" \/>\n<meta name=\"twitter:card\" content=\"summary_large_image\" \/>\n<meta name=\"twitter:label1\" content=\"Est. reading time\" \/>\n\t<meta name=\"twitter:data1\" content=\"3 minutes\" \/>\n<script type=\"application\/ld+json\" class=\"yoast-schema-graph\">{\"@context\":\"https:\/\/schema.org\",\"@graph\":[{\"@type\":\"WebPage\",\"@id\":\"https:\/\/www.premiumsuitehotels.com\/ako-suite-hotel\/fr\/reunions\/\",\"url\":\"https:\/\/www.premiumsuitehotels.com\/ako-suite-hotel\/fr\/reunions\/\",\"name\":\"R\u00e9unions Ako Suite Hotel, Barcelone, Espagne.\",\"isPartOf\":{\"@id\":\"https:\/\/www.premiumsuitehotels.com\/ako-suite-hotel\/#website\"},\"datePublished\":\"2021-12-03T12:04:50+00:00\",\"dateModified\":\"2026-02-09T15:19:46+00:00\",\"description\":\"Grande salle de r\u00e9union dans le centre de Barcelone, \u00e0 seulement 10 minutes de la Plaza Catalu\u00f1a. Enti\u00e8rement \u00e9quip\u00e9e et avec un patio ext\u00e9rieur.\",\"breadcrumb\":{\"@id\":\"https:\/\/www.premiumsuitehotels.com\/ako-suite-hotel\/fr\/reunions\/#breadcrumb\"},\"inLanguage\":\"fr-FR\",\"potentialAction\":[{\"@type\":\"ReadAction\",\"target\":[\"https:\/\/www.premiumsuitehotels.com\/ako-suite-hotel\/fr\/reunions\/\"]}]},{\"@type\":\"BreadcrumbList\",\"@id\":\"https:\/\/www.premiumsuitehotels.com\/ako-suite-hotel\/fr\/reunions\/#breadcrumb\",\"itemListElement\":[{\"@type\":\"ListItem\",\"position\":1,\"name\":\"Home\",\"item\":\"https:\/\/www.premiumsuitehotels.com\/ako-suite-hotel\/fr\/\"},{\"@type\":\"ListItem\",\"position\":2,\"name\":\"R\u00e9unions\"}]},{\"@type\":\"WebSite\",\"@id\":\"https:\/\/www.premiumsuitehotels.com\/ako-suite-hotel\/#website\",\"url\":\"https:\/\/www.premiumsuitehotels.com\/ako-suite-hotel\/\",\"name\":\"Ako Suite Hotel\",\"description\":\"Ako Suite Hotel\",\"potentialAction\":[{\"@type\":\"SearchAction\",\"target\":{\"@type\":\"EntryPoint\",\"urlTemplate\":\"https:\/\/www.premiumsuitehotels.com\/ako-suite-hotel\/?s={search_term_string}\"},\"query-input\":\"required name=search_term_string\"}],\"inLanguage\":\"fr-FR\"}]}<\/script>\n<!-- \/ Yoast SEO plugin. -->","yoast_head_json":{"title":"R\u00e9unions Ako Suite Hotel, Barcelone, Espagne.","description":"Grande salle de r\u00e9union dans le centre de Barcelone, \u00e0 seulement 10 minutes de la Plaza Catalu\u00f1a. Enti\u00e8rement \u00e9quip\u00e9e et avec un patio ext\u00e9rieur.","robots":{"index":"index","follow":"follow","max-snippet":"max-snippet:-1","max-image-preview":"max-image-preview:large","max-video-preview":"max-video-preview:-1"},"canonical":"https:\/\/www.premiumsuitehotels.com\/ako-suite-hotel\/fr\/reunions\/","og_locale":"fr_FR","og_type":"article","og_title":"R\u00e9unions Ako Suite Hotel, Barcelone, Espagne.","og_description":"Grande salle de r\u00e9union dans le centre de Barcelone, \u00e0 seulement 10 minutes de la Plaza Catalu\u00f1a. Enti\u00e8rement \u00e9quip\u00e9e et avec un patio ext\u00e9rieur.","og_url":"https:\/\/www.premiumsuitehotels.com\/ako-suite-hotel\/fr\/reunions\/","og_site_name":"Ako Suite Hotel","article_modified_time":"2026-02-09T15:19:46+00:00","twitter_card":"summary_large_image","twitter_misc":{"Est. reading time":"3 minutes"},"schema":{"@context":"https:\/\/schema.org","@graph":[{"@type":"WebPage","@id":"https:\/\/www.premiumsuitehotels.com\/ako-suite-hotel\/fr\/reunions\/","url":"https:\/\/www.premiumsuitehotels.com\/ako-suite-hotel\/fr\/reunions\/","name":"R\u00e9unions Ako Suite Hotel, Barcelone, Espagne.","isPartOf":{"@id":"https:\/\/www.premiumsuitehotels.com\/ako-suite-hotel\/#website"},"datePublished":"2021-12-03T12:04:50+00:00","dateModified":"2026-02-09T15:19:46+00:00","description":"Grande salle de r\u00e9union dans le centre de Barcelone, \u00e0 seulement 10 minutes de la Plaza Catalu\u00f1a. Enti\u00e8rement \u00e9quip\u00e9e et avec un patio ext\u00e9rieur.","breadcrumb":{"@id":"https:\/\/www.premiumsuitehotels.com\/ako-suite-hotel\/fr\/reunions\/#breadcrumb"},"inLanguage":"fr-FR","potentialAction":[{"@type":"ReadAction","target":["https:\/\/www.premiumsuitehotels.com\/ako-suite-hotel\/fr\/reunions\/"]}]},{"@type":"BreadcrumbList","@id":"https:\/\/www.premiumsuitehotels.com\/ako-suite-hotel\/fr\/reunions\/#breadcrumb","itemListElement":[{"@type":"ListItem","position":1,"name":"Home","item":"https:\/\/www.premiumsuitehotels.com\/ako-suite-hotel\/fr\/"},{"@type":"ListItem","position":2,"name":"R\u00e9unions"}]},{"@type":"WebSite","@id":"https:\/\/www.premiumsuitehotels.com\/ako-suite-hotel\/#website","url":"https:\/\/www.premiumsuitehotels.com\/ako-suite-hotel\/","name":"Ako Suite Hotel","description":"Ako Suite Hotel","potentialAction":[{"@type":"SearchAction","target":{"@type":"EntryPoint","urlTemplate":"https:\/\/www.premiumsuitehotels.com\/ako-suite-hotel\/?s={search_term_string}"},"query-input":"required name=search_term_string"}],"inLanguage":"fr-FR"}]}},"_links":{"self":[{"href":"https:\/\/www.premiumsuitehotels.com\/ako-suite-hotel\/fr\/wp-json\/wp\/v2\/pages\/24558"}],"collection":[{"href":"https:\/\/www.premiumsuitehotels.com\/ako-suite-hotel\/fr\/wp-json\/wp\/v2\/pages"}],"about":[{"href":"https:\/\/www.premiumsuitehotels.com\/ako-suite-hotel\/fr\/wp-json\/wp\/v2\/types\/page"}],"author":[{"embeddable":true,"href":"https:\/\/www.premiumsuitehotels.com\/ako-suite-hotel\/fr\/wp-json\/wp\/v2\/users\/3"}],"replies":[{"embeddable":true,"href":"https:\/\/www.premiumsuitehotels.com\/ako-suite-hotel\/fr\/wp-json\/wp\/v2\/comments?post=24558"}],"version-history":[{"count":8,"href":"https:\/\/www.premiumsuitehotels.com\/ako-suite-hotel\/fr\/wp-json\/wp\/v2\/pages\/24558\/revisions"}],"predecessor-version":[{"id":25462,"href":"https:\/\/www.premiumsuitehotels.com\/ako-suite-hotel\/fr\/wp-json\/wp\/v2\/pages\/24558\/revisions\/25462"}],"wp:attachment":[{"href":"https:\/\/www.premiumsuitehotels.com\/ako-suite-hotel\/fr\/wp-json\/wp\/v2\/media?parent=24558"}],"curies":[{"name":"wp","href":"https:\/\/api.w.org\/{rel}","templated":true}]}}