{"id":24656,"date":"2021-12-06T12:03:43","date_gmt":"2021-12-06T11:03:43","guid":{"rendered":"https:\/\/www.premiumsuitehotels.com\/acacia-suite-hotel\/suites\/"},"modified":"2026-01-20T10:17:26","modified_gmt":"2026-01-20T10:17:26","slug":"suites","status":"publish","type":"page","link":"https:\/\/www.premiumsuitehotels.com\/acacia-suite-hotel\/fr\/suites\/","title":{"rendered":"Suites"},"content":{"rendered":"[vc_row type=&#8221;in_container&#8221; full_screen_row_position=&#8221;middle&#8221; column_margin=&#8221;default&#8221; column_direction=&#8221;default&#8221; column_direction_tablet=&#8221;default&#8221; column_direction_phone=&#8221;default&#8221; scene_position=&#8221;center&#8221; text_color=&#8221;dark&#8221; text_align=&#8221;left&#8221; row_border_radius=&#8221;none&#8221; row_border_radius_applies=&#8221;bg&#8221; overlay_strength=&#8221;0.3&#8243; gradient_direction=&#8221;left_to_right&#8221; shape_divider_position=&#8221;bottom&#8221; bg_image_animation=&#8221;none&#8221;][vc_column column_padding=&#8221;no-extra-padding&#8221; column_padding_tablet=&#8221;inherit&#8221; column_padding_phone=&#8221;inherit&#8221; column_padding_position=&#8221;all&#8221; background_color_opacity=&#8221;1&#8243; background_hover_color_opacity=&#8221;1&#8243; column_shadow=&#8221;none&#8221; column_border_radius=&#8221;none&#8221; column_link_target=&#8221;_self&#8221; gradient_direction=&#8221;left_to_right&#8221; overlay_strength=&#8221;0.3&#8243; width=&#8221;1\/1&#8243; tablet_width_inherit=&#8221;default&#8221; tablet_text_alignment=&#8221;default&#8221; phone_text_alignment=&#8221;default&#8221; column_border_width=&#8221;none&#8221; column_border_style=&#8221;solid&#8221; bg_image_animation=&#8221;none&#8221;]<div  data-transition=\"slide\" data-overall_style=\"classic\" data-flexible-height=\"\" data-animate-in-effect=\"none\" data-fullscreen=\"true\" data-button-sizing=\"regular\" data-button-styling=\"btn_with_count\" data-autorotate=\"\" data-parallax=\"false\" data-parallax-disable-mobile=\"\" data-caption-trans=\"fade_in_from_bottom\" data-parallax-style=\"bg_only\" data-bg-animation=\"none\" data-full-width=\"true\" class=\"nectar-slider-wrap \" id=\"nectar-slider-instance-1\"><div class=\"swiper-container\"  data-tho=\"auto\" data-tco=\"auto\" data-pho=\"auto\" data-pco=\"auto\" data-loop=\"false\" data-height=\"650\" data-min-height=\"\" data-arrows=\"false\" data-bullets=\"false\" data-bullet_style=\"see_through\" data-bullet_position=\"bottom\" data-desktop-swipe=\"false\" data-settings=\"\"> <div class=\"swiper-wrapper\"><div class=\"swiper-slide\" data-desktop-content-width=\"auto\" data-tablet-content-width=\"auto\" data-bg-alignment=\"center\" data-color-scheme=\"light\" data-x-pos=\"centered\" data-y-pos=\"middle\" ><div class=\"slide-bg-wrap\"><div class=\"image-bg\" style=\"background-image: url(https:\/\/www.premiumsuitehotels.com\/acacia-suite-hotel\/wp-content\/uploads\/sites\/5\/2026\/01\/Acacia-suite-BPS-Acacia-suiteHD.jpg);\"> &nbsp; <\/div><\/div><div class=\"container\">\n\t\t\t\t\t\t<div class=\"content\"><h1>Suites Spacieuses<\/h1><\/div>\n\t\t\t\t\t\t\t\t<\/div><!--\/container--><a href=\"#\" class=\"slider-down-arrow no-border\"><svg class=\"nectar-scroll-icon\" viewBox=\"0 0 30 45\" enable-background=\"new 0 0 30 45\">\n\t\t\t\t\t\t\t\t\t<path class=\"nectar-scroll-icon-path\" fill=\"none\" stroke=\"#ffffff\" stroke-width=\"2\" stroke-miterlimit=\"10\" d=\"M15,1.118c12.352,0,13.967,12.88,13.967,12.88v18.76  c0,0-1.514,11.204-13.967,11.204S0.931,32.966,0.931,32.966V14.05C0.931,14.05,2.648,1.118,15,1.118z\"><\/path>\n\t\t\t\t\t\t\t\t\t<\/svg><\/a><div class=\"video-texture \"> <span class=\"ie-fix\"><\/span> <\/div><\/div> <!--\/swiper-slide--><\/div><div class=\"nectar-slider-loading \"> <span class=\"loading-icon none\">   <\/span> <\/div> <\/div> \n\t\t\t\t\t\n\t\t\t\t\t<\/div>[\/vc_column][\/vc_row][vc_row type=&#8221;full_width_content&#8221; full_screen_row_position=&#8221;middle&#8221; column_margin=&#8221;default&#8221; equal_height=&#8221;yes&#8221; content_placement=&#8221;bottom&#8221; column_direction=&#8221;default&#8221; column_direction_tablet=&#8221;default&#8221; column_direction_phone=&#8221;default&#8221; bg_color=&#8221;#ffffff&#8221; scene_position=&#8221;center&#8221; top_padding=&#8221;4%&#8221; bottom_padding=&#8221;4%&#8221; text_color=&#8221;dark&#8221; text_align=&#8221;center&#8221; row_border_radius=&#8221;none&#8221; row_border_radius_applies=&#8221;bg&#8221; color_overlay=&#8221;#ffffff&#8221; color_overlay_2=&#8221;#ffffff&#8221; overlay_strength=&#8221;0.5&#8243; gradient_direction=&#8221;left_to_right&#8221; shape_divider_position=&#8221;bottom&#8221; shape_divider_height=&#8221;350&#8243; bg_image_animation=&#8221;fade-in&#8221; parallax_bg=&#8221;true&#8221; parallax_bg_speed=&#8221;fast&#8221; shape_type=&#8221;mountains&#8221;][vc_column column_padding=&#8221;padding-3-percent&#8221; column_padding_tablet=&#8221;inherit&#8221; column_padding_phone=&#8221;inherit&#8221; column_padding_position=&#8221;all&#8221; background_color_opacity=&#8221;1&#8243; background_hover_color_opacity=&#8221;1&#8243; font_color=&#8221;#44443c&#8221; column_shadow=&#8221;none&#8221; column_border_radius=&#8221;none&#8221; column_link_target=&#8221;_self&#8221; gradient_direction=&#8221;left_to_right&#8221; overlay_strength=&#8221;0.3&#8243; width=&#8221;1\/1&#8243; tablet_width_inherit=&#8221;default&#8221; tablet_text_alignment=&#8221;default&#8221; phone_text_alignment=&#8221;default&#8221; column_border_width=&#8221;none&#8221; column_border_style=&#8221;solid&#8221; bg_image_animation=&#8221;none&#8221;][vc_text_separator title=&#8221;D\u00e9couvrez nos suites&#8221; color=&#8221;custom&#8221; accent_color=&#8221;#000000&#8243;][\/vc_column][\/vc_row][vc_row type=&#8221;full_width_content&#8221; full_screen_row_position=&#8221;middle&#8221; column_margin=&#8221;default&#8221; column_direction=&#8221;default&#8221; column_direction_tablet=&#8221;default&#8221; column_direction_phone=&#8221;default&#8221; scene_position=&#8221;center&#8221; top_padding=&#8221;0&#8243; bottom_padding=&#8221;4%&#8221; text_color=&#8221;dark&#8221; text_align=&#8221;left&#8221; row_border_radius=&#8221;none&#8221; row_border_radius_applies=&#8221;bg&#8221; id=&#8221;sleep&#8221; overlay_strength=&#8221;0.3&#8243; gradient_direction=&#8221;left_to_right&#8221; shape_divider_position=&#8221;bottom&#8221; bg_image_animation=&#8221;none&#8221; shape_type=&#8221;&#8221;][vc_column column_padding=&#8221;padding-5-percent&#8221; column_padding_tablet=&#8221;inherit&#8221; column_padding_phone=&#8221;padding-2-percent&#8221; column_padding_position=&#8221;left-right&#8221; centered_text=&#8221;true&#8221; background_color_opacity=&#8221;1&#8243; background_hover_color_opacity=&#8221;1&#8243; column_shadow=&#8221;none&#8221; column_border_radius=&#8221;none&#8221; column_link_target=&#8221;_self&#8221; gradient_direction=&#8221;left_to_right&#8221; overlay_strength=&#8221;0.3&#8243; width=&#8221;1\/2&#8243; tablet_width_inherit=&#8221;default&#8221; tablet_text_alignment=&#8221;default&#8221; phone_text_alignment=&#8221;default&#8221; column_border_width=&#8221;none&#8221; column_border_style=&#8221;solid&#8221; bg_image_animation=&#8221;none&#8221;][divider line_type=&#8221;No Line&#8221; custom_height=&#8221;20&#8243;][vc_column_text]\n<h2 style=\"text-align: left;\"><span style=\"color: #000000;\">SUITE 1 &#8211; 2\u00a0 ADULTES<\/span><\/h2>\n[\/vc_column_text][divider line_type=&#8221;No Line&#8221; custom_height=&#8221;20&#8243;][vc_column_text]\n<h3 style=\"text-align: left;\">Le s\u00e9jour id\u00e9al<\/h3>\n[\/vc_column_text][divider line_type=&#8221;No Line&#8221; custom_height=&#8221;20&#8243;][vc_column_text]\n<p style=\"text-align: justify;\">Cette suite d\u00e0 usage double ou simple comprend une chambre avec un lit double ou deux lits simples et un salon.<\/p>\n<p style=\"text-align: justify;\">Profitez d&#8217;un s\u00e9jour id\u00e9al dans l&#8217;Acacia Suite, avec des appartements spacieux, lumineux et confortables. Appartements dans le quartier de l&#8217;Eixample, en plein centre de Barcelone, con\u00e7us pour une ou deux personnes. C&#8217;est un choix parfait, que votre voyage soit pour des raisons professionnelles, de loisirs ou m\u00e9dicales. Notre personnel, toujours pr\u00eat \u00e0 collaborer, fera que votre s\u00e9jour soit excellent.<\/p>\n[\/vc_column_text][vc_column_text]\n<p style=\"text-align: justify;\"><strong>Services inclus :<\/strong><\/p>\n<p style=\"text-align: justify;\">WiFi gratuit, Micro-ondes, Bureau, Nettoyage quotidien, Climatisation, Petit-d\u00e9jeuner en chambre, Cuisine enti\u00e8rement \u00e9quip\u00e9e, Chauffage, R\u00e9frig\u00e9rateur, T\u00e9l\u00e9phone, Minibar, \u00c9quipements de salle de bains, Salon avec canap\u00e9, Plaques \u00e9lectriques, TV \u00e0 \u00e9cran plat. Autres appareils sur demande.<\/p>\n[\/vc_column_text][\/vc_column][vc_column column_padding=&#8221;padding-1-percent&#8221; column_padding_tablet=&#8221;inherit&#8221; column_padding_phone=&#8221;inherit&#8221; column_padding_position=&#8221;left-right&#8221; background_color_opacity=&#8221;1&#8243; background_hover_color_opacity=&#8221;1&#8243; background_image=&#8221;25815&#8243; background_image_position=&#8221;center center&#8221; column_shadow=&#8221;none&#8221; column_border_radius=&#8221;none&#8221; column_link_target=&#8221;_self&#8221; gradient_direction=&#8221;left_to_right&#8221; overlay_strength=&#8221;0.3&#8243; width=&#8221;1\/2&#8243; tablet_width_inherit=&#8221;default&#8221; tablet_text_alignment=&#8221;default&#8221; phone_text_alignment=&#8221;default&#8221; column_border_width=&#8221;none&#8221; column_border_style=&#8221;solid&#8221; bg_image_animation=&#8221;none&#8221;][\/vc_column][\/vc_row][vc_row type=&#8221;full_width_content&#8221; full_screen_row_position=&#8221;middle&#8221; column_margin=&#8221;default&#8221; column_direction=&#8221;default&#8221; column_direction_tablet=&#8221;default&#8221; column_direction_phone=&#8221;column_reverse&#8221; scene_position=&#8221;center&#8221; bottom_padding=&#8221;4%&#8221; text_color=&#8221;dark&#8221; text_align=&#8221;right&#8221; row_border_radius=&#8221;none&#8221; row_border_radius_applies=&#8221;bg&#8221; overlay_strength=&#8221;0.3&#8243; gradient_direction=&#8221;left_to_right&#8221; shape_divider_position=&#8221;bottom&#8221; bg_image_animation=&#8221;none&#8221; shape_type=&#8221;&#8221;][vc_column column_padding=&#8221;padding-1-percent&#8221; column_padding_tablet=&#8221;inherit&#8221; column_padding_phone=&#8221;no-extra-padding&#8221; column_padding_position=&#8221;left-right&#8221; centered_text=&#8221;true&#8221; background_color_opacity=&#8221;1&#8243; background_hover_color_opacity=&#8221;1&#8243; background_image=&#8221;25845&#8243; background_image_position=&#8221;center center&#8221; column_shadow=&#8221;none&#8221; column_border_radius=&#8221;none&#8221; column_link_target=&#8221;_self&#8221; gradient_direction=&#8221;left_to_right&#8221; overlay_strength=&#8221;0.3&#8243; width=&#8221;1\/2&#8243; tablet_width_inherit=&#8221;default&#8221; tablet_text_alignment=&#8221;default&#8221; phone_text_alignment=&#8221;default&#8221; column_border_width=&#8221;none&#8221; column_border_style=&#8221;solid&#8221; bg_image_animation=&#8221;none&#8221;][\/vc_column][vc_column column_padding=&#8221;padding-5-percent&#8221; column_padding_tablet=&#8221;inherit&#8221; column_padding_phone=&#8221;inherit&#8221; column_padding_position=&#8221;left-right&#8221; centered_text=&#8221;true&#8221; background_color_opacity=&#8221;1&#8243; background_hover_color_opacity=&#8221;1&#8243; column_shadow=&#8221;none&#8221; column_border_radius=&#8221;none&#8221; column_link_target=&#8221;_self&#8221; gradient_direction=&#8221;left_to_right&#8221; overlay_strength=&#8221;0.3&#8243; width=&#8221;1\/2&#8243; tablet_width_inherit=&#8221;default&#8221; tablet_text_alignment=&#8221;default&#8221; phone_text_alignment=&#8221;default&#8221; column_border_width=&#8221;none&#8221; column_border_style=&#8221;solid&#8221; bg_image_animation=&#8221;none&#8221;][divider line_type=&#8221;No Line&#8221; custom_height=&#8221;20&#8243;][vc_column_text]\n<h2 style=\"text-align: left;\"><span style=\"color: #000000;\">SUITE 3\u00a0 ADULTES<\/span><\/h2>\n[\/vc_column_text][divider line_type=&#8221;No Line&#8221; custom_height=&#8221;20&#8243;][vc_column_text]\n<h3 style=\"text-align: left;\">Confortable et fonctionnel<\/h3>\n[\/vc_column_text][vc_column_text]\n<p class=\"p1\" style=\"text-align: justify;\">La suite triple est un appartement confortable et fonctionnel comprenant une chambre \u00e0 coucher avec deux lits simples ou un lit double et un canap\u00e9-lit dans le salon. Il offre un s\u00e9jour parfait pour 3 personnes dans un confort total.<\/p>\n[\/vc_column_text][vc_column_text]\n<p style=\"text-align: justify;\"><strong>Services inclus :<\/strong><\/p>\n<p style=\"text-align: justify;\">WiFi gratuit, Micro-ondes, Bureau, Nettoyage quotidien, Climatisation, Petit-d\u00e9jeuner en chambre, Cuisine enti\u00e8rement \u00e9quip\u00e9e, Chauffage, R\u00e9frig\u00e9rateur, T\u00e9l\u00e9phone, Minibar, \u00c9quipements de salle de bains, Salon avec canap\u00e9, Plaques \u00e9lectriques, TV \u00e0 \u00e9cran plat. Autres appareils sur demande.<\/p>\n[\/vc_column_text][\/vc_column][\/vc_row][vc_row type=&#8221;full_width_content&#8221; full_screen_row_position=&#8221;middle&#8221; column_margin=&#8221;default&#8221; column_direction=&#8221;default&#8221; column_direction_tablet=&#8221;default&#8221; column_direction_phone=&#8221;default&#8221; scene_position=&#8221;center&#8221; bottom_padding=&#8221;4%&#8221; text_color=&#8221;dark&#8221; text_align=&#8221;left&#8221; row_border_radius=&#8221;none&#8221; row_border_radius_applies=&#8221;bg&#8221; overlay_strength=&#8221;0.3&#8243; gradient_direction=&#8221;left_to_right&#8221; shape_divider_position=&#8221;bottom&#8221; bg_image_animation=&#8221;none&#8221; shape_type=&#8221;&#8221;][vc_column column_padding=&#8221;padding-5-percent&#8221; column_padding_tablet=&#8221;inherit&#8221; column_padding_phone=&#8221;no-extra-padding&#8221; column_padding_position=&#8221;left-right&#8221; centered_text=&#8221;true&#8221; background_color_opacity=&#8221;1&#8243; background_hover_color_opacity=&#8221;1&#8243; column_shadow=&#8221;none&#8221; column_border_radius=&#8221;none&#8221; column_link_target=&#8221;_self&#8221; gradient_direction=&#8221;left_to_right&#8221; overlay_strength=&#8221;0.3&#8243; width=&#8221;1\/2&#8243; tablet_width_inherit=&#8221;default&#8221; tablet_text_alignment=&#8221;default&#8221; phone_text_alignment=&#8221;default&#8221; column_border_width=&#8221;none&#8221; column_border_style=&#8221;solid&#8221; bg_image_animation=&#8221;none&#8221;][divider line_type=&#8221;No Line&#8221; custom_height=&#8221;20&#8243;][vc_column_text]\n<h2 style=\"text-align: left;\"><span style=\"color: #000000;\">SUITE 4\u00a0 ADULTES<\/span><\/h2>\n[\/vc_column_text][divider line_type=&#8221;No Line&#8221; custom_height=&#8221;20&#8243;][vc_column_text]\n<h3 style=\"text-align: left;\">Avec la famille ou les amis<\/h3>\n[\/vc_column_text][vc_column_text]\n<p class=\"p1\" style=\"text-align: justify;\">Avec les amis ou la famille, notre suite quadruple est id\u00e9ale pour profiter du centre de Barcelone. Il s&#8217;agit d&#8217;une chambre spacieuse avec 2 lits simples ou 1 lit double et un canap\u00e9-lit double dans le salon.<\/p>\n[\/vc_column_text][vc_column_text]\n<p style=\"text-align: justify;\"><strong>Services inclus :<\/strong><\/p>\n<p style=\"text-align: justify;\">WiFi gratuit, Micro-ondes, Bureau, Nettoyage quotidien, Climatisation, Petit-d\u00e9jeuner en chambre, Cuisine enti\u00e8rement \u00e9quip\u00e9e, Chauffage, R\u00e9frig\u00e9rateur, T\u00e9l\u00e9phone, Minibar, \u00c9quipements de salle de bains, Salon avec canap\u00e9, Plaques \u00e9lectriques, TV \u00e0 \u00e9cran plat. Autres appareils sur demande.<\/p>\n[\/vc_column_text][\/vc_column][vc_column column_padding=&#8221;padding-1-percent&#8221; column_padding_tablet=&#8221;inherit&#8221; column_padding_phone=&#8221;inherit&#8221; column_padding_position=&#8221;left-right&#8221; centered_text=&#8221;true&#8221; background_color_opacity=&#8221;1&#8243; background_hover_color_opacity=&#8221;1&#8243; background_image=&#8221;25707&#8243; background_image_position=&#8221;center center&#8221; column_shadow=&#8221;none&#8221; column_border_radius=&#8221;none&#8221; column_link_target=&#8221;_self&#8221; gradient_direction=&#8221;left_to_right&#8221; overlay_strength=&#8221;0.3&#8243; width=&#8221;1\/2&#8243; tablet_width_inherit=&#8221;default&#8221; tablet_text_alignment=&#8221;default&#8221; phone_text_alignment=&#8221;default&#8221; column_border_width=&#8221;none&#8221; column_border_style=&#8221;solid&#8221; bg_image_animation=&#8221;none&#8221;][\/vc_column][\/vc_row]\n","protected":false},"excerpt":{"rendered":"<p>[vc_row type=&#8221;in_container&#8221; full_screen_row_position=&#8221;middle&#8221; column_margin=&#8221;default&#8221; column_direction=&#8221;default&#8221; column_direction_tablet=&#8221;default&#8221; column_direction_phone=&#8221;default&#8221; scene_position=&#8221;center&#8221; text_color=&#8221;dark&#8221; text_align=&#8221;left&#8221; row_border_radius=&#8221;none&#8221; row_border_radius_applies=&#8221;bg&#8221; overlay_strength=&#8221;0.3&#8243; gradient_direction=&#8221;left_to_right&#8221; shape_divider_position=&#8221;bottom&#8221; bg_image_animation=&#8221;none&#8221;][vc_column column_padding=&#8221;no-extra-padding&#8221; column_padding_tablet=&#8221;inherit&#8221; column_padding_phone=&#8221;inherit&#8221; column_padding_position=&#8221;all&#8221; background_color_opacity=&#8221;1&#8243; background_hover_color_opacity=&#8221;1&#8243; column_shadow=&#8221;none&#8221; column_border_radius=&#8221;none&#8221; column_link_target=&#8221;_self&#8221; gradient_direction=&#8221;left_to_right&#8221; overlay_strength=&#8221;0.3&#8243; width=&#8221;1\/1&#8243; tablet_width_inherit=&#8221;default&#8221; tablet_text_alignment=&#8221;default&#8221;&#8230;<\/p>\n","protected":false},"author":3,"featured_media":0,"parent":0,"menu_order":0,"comment_status":"closed","ping_status":"closed","template":"","meta":[],"yoast_head":"<!-- This site is optimized with the Yoast SEO plugin v19.6.1 - https:\/\/yoast.com\/wordpress\/plugins\/seo\/ -->\n<title>Suites \u00e0 Acacia Suite Hotel, Barcelona, Espagne<\/title>\n<meta name=\"description\" content=\"Nos appartements \/ suites peuvent accueillir confortablement de 1 \u00e0 5 personnes selon les besoins de nos clients. Nous disposons \u00e9galement d&#039;appartements communiqu\u00e9s, id\u00e9aux pour les familles.\" \/>\n<meta name=\"robots\" content=\"index, follow, max-snippet:-1, max-image-preview:large, max-video-preview:-1\" \/>\n<link rel=\"canonical\" href=\"https:\/\/www.premiumsuitehotels.com\/acacia-suite-hotel\/fr\/suites\/\" \/>\n<meta property=\"og:locale\" content=\"fr_FR\" \/>\n<meta property=\"og:type\" content=\"article\" \/>\n<meta property=\"og:title\" content=\"Suites \u00e0 Acacia Suite Hotel, Barcelona, Espagne\" \/>\n<meta property=\"og:description\" content=\"Nos appartements \/ suites peuvent accueillir confortablement de 1 \u00e0 5 personnes selon les besoins de nos clients. Nous disposons \u00e9galement d&#039;appartements communiqu\u00e9s, id\u00e9aux pour les familles.\" \/>\n<meta property=\"og:url\" content=\"https:\/\/www.premiumsuitehotels.com\/acacia-suite-hotel\/fr\/suites\/\" \/>\n<meta property=\"og:site_name\" content=\"Acacia Suite Hotel\" \/>\n<meta property=\"article:modified_time\" content=\"2026-01-20T10:17:26+00:00\" \/>\n<meta name=\"twitter:card\" content=\"summary_large_image\" \/>\n<meta name=\"twitter:label1\" content=\"Est. reading time\" \/>\n\t<meta name=\"twitter:data1\" content=\"3 minutes\" \/>\n<script type=\"application\/ld+json\" class=\"yoast-schema-graph\">{\"@context\":\"https:\/\/schema.org\",\"@graph\":[{\"@type\":\"WebPage\",\"@id\":\"https:\/\/www.premiumsuitehotels.com\/acacia-suite-hotel\/fr\/suites\/\",\"url\":\"https:\/\/www.premiumsuitehotels.com\/acacia-suite-hotel\/fr\/suites\/\",\"name\":\"Suites \u00e0 Acacia Suite Hotel, Barcelona, Espagne\",\"isPartOf\":{\"@id\":\"https:\/\/www.premiumsuitehotels.com\/acacia-suite-hotel\/#website\"},\"datePublished\":\"2021-12-06T11:03:43+00:00\",\"dateModified\":\"2026-01-20T10:17:26+00:00\",\"description\":\"Nos appartements \/ suites peuvent accueillir confortablement de 1 \u00e0 5 personnes selon les besoins de nos clients. Nous disposons \u00e9galement d'appartements communiqu\u00e9s, id\u00e9aux pour les familles.\",\"breadcrumb\":{\"@id\":\"https:\/\/www.premiumsuitehotels.com\/acacia-suite-hotel\/fr\/suites\/#breadcrumb\"},\"inLanguage\":\"fr-FR\",\"potentialAction\":[{\"@type\":\"ReadAction\",\"target\":[\"https:\/\/www.premiumsuitehotels.com\/acacia-suite-hotel\/fr\/suites\/\"]}]},{\"@type\":\"BreadcrumbList\",\"@id\":\"https:\/\/www.premiumsuitehotels.com\/acacia-suite-hotel\/fr\/suites\/#breadcrumb\",\"itemListElement\":[{\"@type\":\"ListItem\",\"position\":1,\"name\":\"Portada\",\"item\":\"https:\/\/www.premiumsuitehotels.com\/acacia-suite-hotel\/fr\/\"},{\"@type\":\"ListItem\",\"position\":2,\"name\":\"Suites\"}]},{\"@type\":\"WebSite\",\"@id\":\"https:\/\/www.premiumsuitehotels.com\/acacia-suite-hotel\/#website\",\"url\":\"https:\/\/www.premiumsuitehotels.com\/acacia-suite-hotel\/\",\"name\":\"Acacia Suite Hotel\",\"description\":\"Premium Suite Hotels\",\"potentialAction\":[{\"@type\":\"SearchAction\",\"target\":{\"@type\":\"EntryPoint\",\"urlTemplate\":\"https:\/\/www.premiumsuitehotels.com\/acacia-suite-hotel\/?s={search_term_string}\"},\"query-input\":\"required name=search_term_string\"}],\"inLanguage\":\"fr-FR\"}]}<\/script>\n<!-- \/ Yoast SEO plugin. -->","yoast_head_json":{"title":"Suites \u00e0 Acacia Suite Hotel, Barcelona, Espagne","description":"Nos appartements \/ suites peuvent accueillir confortablement de 1 \u00e0 5 personnes selon les besoins de nos clients. Nous disposons \u00e9galement d'appartements communiqu\u00e9s, id\u00e9aux pour les familles.","robots":{"index":"index","follow":"follow","max-snippet":"max-snippet:-1","max-image-preview":"max-image-preview:large","max-video-preview":"max-video-preview:-1"},"canonical":"https:\/\/www.premiumsuitehotels.com\/acacia-suite-hotel\/fr\/suites\/","og_locale":"fr_FR","og_type":"article","og_title":"Suites \u00e0 Acacia Suite Hotel, Barcelona, Espagne","og_description":"Nos appartements \/ suites peuvent accueillir confortablement de 1 \u00e0 5 personnes selon les besoins de nos clients. Nous disposons \u00e9galement d'appartements communiqu\u00e9s, id\u00e9aux pour les familles.","og_url":"https:\/\/www.premiumsuitehotels.com\/acacia-suite-hotel\/fr\/suites\/","og_site_name":"Acacia Suite Hotel","article_modified_time":"2026-01-20T10:17:26+00:00","twitter_card":"summary_large_image","twitter_misc":{"Est. reading time":"3 minutes"},"schema":{"@context":"https:\/\/schema.org","@graph":[{"@type":"WebPage","@id":"https:\/\/www.premiumsuitehotels.com\/acacia-suite-hotel\/fr\/suites\/","url":"https:\/\/www.premiumsuitehotels.com\/acacia-suite-hotel\/fr\/suites\/","name":"Suites \u00e0 Acacia Suite Hotel, Barcelona, Espagne","isPartOf":{"@id":"https:\/\/www.premiumsuitehotels.com\/acacia-suite-hotel\/#website"},"datePublished":"2021-12-06T11:03:43+00:00","dateModified":"2026-01-20T10:17:26+00:00","description":"Nos appartements \/ suites peuvent accueillir confortablement de 1 \u00e0 5 personnes selon les besoins de nos clients. Nous disposons \u00e9galement d'appartements communiqu\u00e9s, id\u00e9aux pour les familles.","breadcrumb":{"@id":"https:\/\/www.premiumsuitehotels.com\/acacia-suite-hotel\/fr\/suites\/#breadcrumb"},"inLanguage":"fr-FR","potentialAction":[{"@type":"ReadAction","target":["https:\/\/www.premiumsuitehotels.com\/acacia-suite-hotel\/fr\/suites\/"]}]},{"@type":"BreadcrumbList","@id":"https:\/\/www.premiumsuitehotels.com\/acacia-suite-hotel\/fr\/suites\/#breadcrumb","itemListElement":[{"@type":"ListItem","position":1,"name":"Portada","item":"https:\/\/www.premiumsuitehotels.com\/acacia-suite-hotel\/fr\/"},{"@type":"ListItem","position":2,"name":"Suites"}]},{"@type":"WebSite","@id":"https:\/\/www.premiumsuitehotels.com\/acacia-suite-hotel\/#website","url":"https:\/\/www.premiumsuitehotels.com\/acacia-suite-hotel\/","name":"Acacia Suite Hotel","description":"Premium Suite Hotels","potentialAction":[{"@type":"SearchAction","target":{"@type":"EntryPoint","urlTemplate":"https:\/\/www.premiumsuitehotels.com\/acacia-suite-hotel\/?s={search_term_string}"},"query-input":"required name=search_term_string"}],"inLanguage":"fr-FR"}]}},"_links":{"self":[{"href":"https:\/\/www.premiumsuitehotels.com\/acacia-suite-hotel\/fr\/wp-json\/wp\/v2\/pages\/24656"}],"collection":[{"href":"https:\/\/www.premiumsuitehotels.com\/acacia-suite-hotel\/fr\/wp-json\/wp\/v2\/pages"}],"about":[{"href":"https:\/\/www.premiumsuitehotels.com\/acacia-suite-hotel\/fr\/wp-json\/wp\/v2\/types\/page"}],"author":[{"embeddable":true,"href":"https:\/\/www.premiumsuitehotels.com\/acacia-suite-hotel\/fr\/wp-json\/wp\/v2\/users\/3"}],"replies":[{"embeddable":true,"href":"https:\/\/www.premiumsuitehotels.com\/acacia-suite-hotel\/fr\/wp-json\/wp\/v2\/comments?post=24656"}],"version-history":[{"count":8,"href":"https:\/\/www.premiumsuitehotels.com\/acacia-suite-hotel\/fr\/wp-json\/wp\/v2\/pages\/24656\/revisions"}],"predecessor-version":[{"id":25892,"href":"https:\/\/www.premiumsuitehotels.com\/acacia-suite-hotel\/fr\/wp-json\/wp\/v2\/pages\/24656\/revisions\/25892"}],"wp:attachment":[{"href":"https:\/\/www.premiumsuitehotels.com\/acacia-suite-hotel\/fr\/wp-json\/wp\/v2\/media?parent=24656"}],"curies":[{"name":"wp","href":"https:\/\/api.w.org\/{rel}","templated":true}]}}