{"id":24729,"date":"2022-06-15T10:46:39","date_gmt":"2022-06-15T10:46:39","guid":{"rendered":"https:\/\/www.premiumsuitehotels.com\/abarco-apartments\/?page_id=24729"},"modified":"2022-06-15T11:02:50","modified_gmt":"2022-06-15T11:02:50","slug":"hospital-hm-sant-jordi","status":"publish","type":"page","link":"https:\/\/www.premiumsuitehotels.com\/abarco-apartments\/hospital-hm-sant-jordi\/","title":{"rendered":"Hospital HM Sant Jordi"},"content":{"rendered":"[vc_row type=\u00bbin_container\u00bb full_screen_row_position=\u00bbmiddle\u00bb column_margin=\u00bbdefault\u00bb column_direction=\u00bbdefault\u00bb column_direction_tablet=\u00bbdefault\u00bb column_direction_phone=\u00bbdefault\u00bb scene_position=\u00bbcenter\u00bb text_color=\u00bbdark\u00bb text_align=\u00bbleft\u00bb row_border_radius=\u00bbnone\u00bb row_border_radius_applies=\u00bbbg\u00bb overlay_strength=\u00bb0.3&#8243; gradient_direction=\u00bbleft_to_right\u00bb shape_divider_position=\u00bbbottom\u00bb bg_image_animation=\u00bbnone\u00bb shape_type=\u00bb\u00bb][vc_column column_padding=\u00bbno-extra-padding\u00bb column_padding_tablet=\u00bbinherit\u00bb column_padding_phone=\u00bbinherit\u00bb column_padding_position=\u00bball\u00bb background_color_opacity=\u00bb1&#8243; background_hover_color_opacity=\u00bb1&#8243; column_shadow=\u00bbnone\u00bb column_border_radius=\u00bbnone\u00bb column_link_target=\u00bb_self\u00bb gradient_direction=\u00bbleft_to_right\u00bb overlay_strength=\u00bb0.3&#8243; width=\u00bb1\/1&#8243; tablet_width_inherit=\u00bbdefault\u00bb tablet_text_alignment=\u00bbdefault\u00bb phone_text_alignment=\u00bbdefault\u00bb column_border_width=\u00bbnone\u00bb column_border_style=\u00bbsolid\u00bb bg_image_animation=\u00bbnone\u00bb]<div  data-transition=\"slide\" data-overall_style=\"classic\" data-flexible-height=\"\" data-animate-in-effect=\"none\" data-fullscreen=\"true\" data-button-sizing=\"regular\" data-button-styling=\"btn_with_count\" data-autorotate=\"\" data-parallax=\"false\" data-parallax-disable-mobile=\"\" data-caption-trans=\"fade_in_from_bottom\" data-parallax-style=\"bg_only\" data-bg-animation=\"none\" data-full-width=\"true\" class=\"nectar-slider-wrap \" id=\"nectar-slider-instance-1\"><div class=\"swiper-container\"  data-tho=\"auto\" data-tco=\"auto\" data-pho=\"auto\" data-pco=\"auto\" data-loop=\"false\" data-height=\"650\" data-min-height=\"\" data-arrows=\"false\" data-bullets=\"false\" data-bullet_style=\"see_through\" data-bullet_position=\"bottom\" data-desktop-swipe=\"false\" data-settings=\"\"> <div class=\"swiper-wrapper\"><div class=\"swiper-slide\" data-desktop-content-width=\"auto\" data-tablet-content-width=\"auto\" data-bg-alignment=\"center\" data-color-scheme=\"light\" data-x-pos=\"centered\" data-y-pos=\"middle\" ><div class=\"slide-bg-wrap\"><div class=\"image-bg\" style=\"background-image: url(https:\/\/www.premiumsuitehotels.com\/abarco-apartments\/wp-content\/uploads\/sites\/8\/2022\/06\/f.elconfidencial.com_original_5d3_362_aab_5d3362aab484ed8bcbdc1e17763e84a4.jpg);\"> &nbsp; <\/div><\/div><div class=\"container\">\n\t\t\t\t\t\t<div class=\"content\"><h1>Cl\u00ednica Sant Jordi<\/h1><\/div>\n\t\t\t\t\t\t\t\t<\/div><!--\/container--><a href=\"#\" class=\"slider-down-arrow no-border\"><svg class=\"nectar-scroll-icon\" viewBox=\"0 0 30 45\" enable-background=\"new 0 0 30 45\">\n\t\t\t\t\t\t\t\t\t<path class=\"nectar-scroll-icon-path\" fill=\"none\" stroke=\"#ffffff\" stroke-width=\"2\" stroke-miterlimit=\"10\" d=\"M15,1.118c12.352,0,13.967,12.88,13.967,12.88v18.76  c0,0-1.514,11.204-13.967,11.204S0.931,32.966,0.931,32.966V14.05C0.931,14.05,2.648,1.118,15,1.118z\"><\/path>\n\t\t\t\t\t\t\t\t\t<\/svg><\/a><div class=\"video-texture \"> <span class=\"ie-fix\"><\/span> <\/div><\/div> <!--\/swiper-slide--><\/div><div class=\"nectar-slider-loading \"> <span class=\"loading-icon none\">   <\/span> <\/div> <\/div> \n\t\t\t\t\t\n\t\t\t\t\t<\/div>[\/vc_column][\/vc_row][vc_row type=\u00bbfull_width_content\u00bb full_screen_row_position=\u00bbmiddle\u00bb column_margin=\u00bbdefault\u00bb equal_height=\u00bbyes\u00bb content_placement=\u00bbbottom\u00bb column_direction=\u00bbdefault\u00bb column_direction_tablet=\u00bbdefault\u00bb column_direction_phone=\u00bbdefault\u00bb bg_color=\u00bb#ffffff\u00bb scene_position=\u00bbcenter\u00bb top_padding=\u00bb2%\u00bb bottom_padding=\u00bb2%\u00bb text_color=\u00bbdark\u00bb text_align=\u00bbcenter\u00bb row_border_radius=\u00bbnone\u00bb row_border_radius_applies=\u00bbbg\u00bb color_overlay=\u00bb#ffffff\u00bb color_overlay_2=\u00bb#ffffff\u00bb overlay_strength=\u00bb0.5&#8243; gradient_direction=\u00bbleft_to_right\u00bb shape_divider_position=\u00bbbottom\u00bb shape_divider_height=\u00bb350&#8243; bg_image_animation=\u00bbfade-in\u00bb parallax_bg=\u00bbtrue\u00bb parallax_bg_speed=\u00bbfast\u00bb shape_type=\u00bbmountains\u00bb][vc_column column_padding=\u00bbpadding-3-percent\u00bb column_padding_tablet=\u00bbinherit\u00bb column_padding_phone=\u00bbinherit\u00bb column_padding_position=\u00bball\u00bb background_color_opacity=\u00bb1&#8243; background_hover_color_opacity=\u00bb1&#8243; font_color=\u00bb#44443c\u00bb column_shadow=\u00bbnone\u00bb column_border_radius=\u00bbnone\u00bb column_link_target=\u00bb_self\u00bb gradient_direction=\u00bbleft_to_right\u00bb overlay_strength=\u00bb0.3&#8243; width=\u00bb1\/1&#8243; tablet_width_inherit=\u00bbdefault\u00bb tablet_text_alignment=\u00bbdefault\u00bb phone_text_alignment=\u00bbdefault\u00bb column_border_width=\u00bbnone\u00bb column_border_style=\u00bbsolid\u00bb bg_image_animation=\u00bbnone\u00bb][vc_text_separator title=\u00bbHospital HM Sant Jordi\u00bb color=\u00bbcustom\u00bb accent_color=\u00bb#000000&#8243;][\/vc_column][\/vc_row][vc_row type=\u00bbfull_width_content\u00bb full_screen_row_position=\u00bbmiddle\u00bb column_margin=\u00bbdefault\u00bb column_direction=\u00bbdefault\u00bb column_direction_tablet=\u00bbdefault\u00bb column_direction_phone=\u00bbdefault\u00bb scene_position=\u00bbcenter\u00bb top_padding=\u00bb0&#8243; bottom_padding=\u00bb4%\u00bb text_color=\u00bbdark\u00bb text_align=\u00bbleft\u00bb row_border_radius=\u00bbnone\u00bb row_border_radius_applies=\u00bbbg\u00bb id=\u00bbsleep\u00bb overlay_strength=\u00bb0.3&#8243; gradient_direction=\u00bbleft_to_right\u00bb shape_divider_position=\u00bbbottom\u00bb bg_image_animation=\u00bbnone\u00bb shape_type=\u00bb\u00bb][vc_column column_padding=\u00bbpadding-5-percent\u00bb column_padding_tablet=\u00bbinherit\u00bb column_padding_phone=\u00bbpadding-2-percent\u00bb column_padding_position=\u00bbleft-right\u00bb centered_text=\u00bbtrue\u00bb background_color_opacity=\u00bb1&#8243; background_hover_color_opacity=\u00bb1&#8243; column_shadow=\u00bbnone\u00bb column_border_radius=\u00bbnone\u00bb column_link_target=\u00bb_self\u00bb gradient_direction=\u00bbleft_to_right\u00bb overlay_strength=\u00bb0.3&#8243; width=\u00bb1\/1&#8243; tablet_width_inherit=\u00bbdefault\u00bb tablet_text_alignment=\u00bbdefault\u00bb phone_text_alignment=\u00bbdefault\u00bb column_border_width=\u00bbnone\u00bb column_border_style=\u00bbsolid\u00bb bg_image_animation=\u00bbnone\u00bb][vc_column_text]\n<div class=\"wpb_text_column wpb_content_element \">\n<div class=\"wpb_wrapper\">\n<p style=\"text-align: justify;\">El\u00a0Hospital HM Sant Jordi\u00a0es un hospital medico-quir\u00fargico y obst\u00e9trico\u00a0situado en el coraz\u00f3n del barrio de Sant Andreu en la Plaza de la Estaci\u00f3n, en Barcelona.<\/p>\n<\/div>\n<\/div>\n[\/vc_column_text][vc_column_text]\n<p style=\"text-align: justify;\"><span style=\"color: #000000;\"><strong>Estancias en Hospital HM Sant Jordi:<\/strong><\/span><\/p>\n<div>\n<p style=\"text-align: justify;\">El hecho de que la Cl\u00ednica Sant Jordi est\u00e9 ubicada en el coraz\u00f3n del Plan de la Sagrera, a unos mil metros de la futura estaci\u00f3n central del AVE, hace que el centro est\u00e9 estrechamente relacionado con el crecimiento demogr\u00e1fico de la zona, as\u00ed como con el crecimiento inmobiliario, fruto de un nuevo plan urban\u00edstico de la zona, en m\u00e1xima expansi\u00f3n. La ubicaci\u00f3n de la cl\u00ednica tiene dos importantes activos. Uno, el del crecimiento de toda la zona y su equipamiento correspondiente, y otro, el de su situaci\u00f3n estrat\u00e9gica. Seg\u00fan se puede ver en el mapa de los distritos de Barcelona, en cuanto a la ubicaci\u00f3n de los centros hospitalarios p\u00fablicos y cl\u00ednicas privadas, la Cl\u00ednica Sant Jordi tiene garantizada su exclusividad como cl\u00ednica privada m\u00e9dico-quir\u00fargica y obst\u00e9trica de los distritos de Sant Andreu, Nou Barris, San Marti y Horta. Esta condici\u00f3n proporciona al futuro proyecto del centro una gran fuerza estrat\u00e9gica a corto plazo.<\/p>\n<p style=\"text-align: justify;\">Los apartamentos Abarco son ideales para una estancia en\u00a0Santa Coloma de Gramenet relacionada con el hospital\u00a0HM Sant Jordi.<\/p>\n<\/div>\n<p style=\"text-align: justify;\"><span style=\"color: #000000;\"><strong>Servicios Abarco para acompa\u00f1antes:<\/strong><\/span><\/p>\n<div>\n<p style=\"text-align: justify;\">Los apartamentos Abarco disponen de una cocina totalmente equipada, espacio para dos, tres o cuatro personas, y limpieza semanal. Adem\u00e1s, los apartamentos\u00a0 tambi\u00e9n disponen de servicio de conexi\u00f3n a internet wifi sin coste adicional.<\/p>\n<p style=\"text-align: justify;\">Abarco Apartments, la mejor opci\u00f3n de hotel cerca de la cl\u00ednica Sant Jordi.<\/p>\n<\/div>\n[\/vc_column_text][\/vc_column][\/vc_row][vc_row type=\u00bbfull_width_content\u00bb full_screen_row_position=\u00bbmiddle\u00bb column_margin=\u00bbdefault\u00bb column_direction=\u00bbdefault\u00bb column_direction_tablet=\u00bbdefault\u00bb column_direction_phone=\u00bbdefault\u00bb scene_position=\u00bbcenter\u00bb text_color=\u00bbdark\u00bb text_align=\u00bbleft\u00bb row_border_radius=\u00bbnone\u00bb row_border_radius_applies=\u00bbbg\u00bb overlay_strength=\u00bb0.3&#8243; gradient_direction=\u00bbleft_to_right\u00bb shape_divider_position=\u00bbbottom\u00bb bg_image_animation=\u00bbnone\u00bb shape_type=\u00bb\u00bb][vc_column column_padding=\u00bbno-extra-padding\u00bb column_padding_tablet=\u00bbinherit\u00bb column_padding_phone=\u00bbinherit\u00bb column_padding_position=\u00bball\u00bb background_color_opacity=\u00bb1&#8243; background_hover_color_opacity=\u00bb1&#8243; column_shadow=\u00bbnone\u00bb column_border_radius=\u00bbnone\u00bb column_link_target=\u00bb_self\u00bb gradient_direction=\u00bbleft_to_right\u00bb overlay_strength=\u00bb0.3&#8243; width=\u00bb1\/1&#8243; tablet_width_inherit=\u00bbdefault\u00bb tablet_text_alignment=\u00bbdefault\u00bb phone_text_alignment=\u00bbdefault\u00bb column_border_width=\u00bbnone\u00bb column_border_style=\u00bbsolid\u00bb bg_image_animation=\u00bbnone\u00bb][vc_raw_html]JTNDaWZyYW1lJTIwc3JjJTNEJTIyaHR0cHMlM0ElMkYlMkZ3d3cuZ29vZ2xlLmNvbSUyRm1hcHMlMkZlbWJlZCUzRnBiJTNEJTIxMW0yNCUyMTFtOCUyMTFtMyUyMTFkMTE5NjIuOTkzMjc4MjI4MDAxJTIxMmQyLjE5MDY2MDMlMjEzZDQxLjQ0NDY4MjQlMjEzbTIlMjExaTEwMjQlMjEyaTc2OCUyMTRmMTMuMSUyMTRtMTMlMjEzZTIlMjE0bTUlMjExczB4MTJhNGJjZjMzMWJiZjYxYiUyNTNBMHg1ZmVmOWU1NGJjY2U0ODYlMjEyc0FiYXJjbyUyNTIwQXBhcnRhbWVudHMlMjVDMiUyNUFFJTI1MjAtJTI1MjBXRUIlMjUyME9GSUNJQUwlMjUyQyUyNTIwQXZpbmd1ZGElMjUyMFBhbGxhcmVzYSUyNTJDJTI1MjBTYW50YSUyNTIwQ29sb21hJTI1MjBkZSUyNTIwR3JhbWFuZXQlMjEzbTIlMjExZDQxLjQ1MzQ1NTk5OTk5OTk5NiUyMTJkMi4yMDM1OTAzJTIxNG01JTIxMXMweDEyYTRiY2RiNWMwNmZlZDklMjUzQTB4ZmRmMWQ2ZTM0MzE1ODhhOSUyMTJzSG9zcGl0YWwlMjUyMEhNJTI1MjBTYW50JTI1MjBKb3JkaSUyNTJDJTI1MjBQbGF6YSUyNTIwZGUlMjUyMGxhJTI1MjBFc3RhY2lvbiUyNTJDJTI1MjBCYXJjZWxvbmElMjEzbTIlMjExZDQxLjQzNjI5ODE5OTk5OTk5NiUyMTJkMi4xOTI2MjI0JTIxNWUwJTIxM20yJTIxMXNlcyUyMTJzZXMlMjE0djE2NTUyODk5NzU4NTclMjE1bTIlMjExc2VzJTIxMnNlcyUyMiUyMHdpZHRoJTNEJTIyMTkwMCUyMiUyMGhlaWdodCUzRCUyMjQwMCUyMiUyMHN0eWxlJTNEJTIyYm9yZGVyJTNBMCUzQiUyMiUyMGFsbG93ZnVsbHNjcmVlbiUzRCUyMiUyMiUyMGxvYWRpbmclM0QlMjJsYXp5JTIyJTIwcmVmZXJyZXJwb2xpY3klM0QlMjJuby1yZWZlcnJlci13aGVuLWRvd25ncmFkZSUyMiUzRSUzQyUyRmlmcmFtZSUzRQ==[\/vc_raw_html][\/vc_column][\/vc_row]\n","protected":false},"excerpt":{"rendered":"<p>[vc_row type=\u00bbin_container\u00bb full_screen_row_position=\u00bbmiddle\u00bb column_margin=\u00bbdefault\u00bb column_direction=\u00bbdefault\u00bb column_direction_tablet=\u00bbdefault\u00bb column_direction_phone=\u00bbdefault\u00bb scene_position=\u00bbcenter\u00bb text_color=\u00bbdark\u00bb text_align=\u00bbleft\u00bb row_border_radius=\u00bbnone\u00bb row_border_radius_applies=\u00bbbg\u00bb overlay_strength=\u00bb0.3&#8243; gradient_direction=\u00bbleft_to_right\u00bb shape_divider_position=\u00bbbottom\u00bb bg_image_animation=\u00bbnone\u00bb shape_type=\u00bb\u00bb][vc_column column_padding=\u00bbno-extra-padding\u00bb column_padding_tablet=\u00bbinherit\u00bb column_padding_phone=\u00bbinherit\u00bb column_padding_position=\u00bball\u00bb background_color_opacity=\u00bb1&#8243; background_hover_color_opacity=\u00bb1&#8243; column_shadow=\u00bbnone\u00bb column_border_radius=\u00bbnone\u00bb column_link_target=\u00bb_self\u00bb gradient_direction=\u00bbleft_to_right\u00bb overlay_strength=\u00bb0.3&#8243; width=\u00bb1\/1&#8243; tablet_width_inherit=\u00bbdefault\u00bb&#8230;<\/p>\n","protected":false},"author":3,"featured_media":0,"parent":0,"menu_order":0,"comment_status":"closed","ping_status":"closed","template":"","meta":[],"yoast_head":"<!-- This site is optimized with the Yoast SEO plugin v19.6.1 - https:\/\/yoast.com\/wordpress\/plugins\/seo\/ -->\n<title>Hospital HM Sant Jordi Sant Abarco Apartment , Coloma de Gramenet.<\/title>\n<meta name=\"description\" content=\"Hospital HM Sant Jordi Sant Abarco Apartment , Santa Coloma de Gramenet\" \/>\n<meta name=\"robots\" content=\"index, follow, max-snippet:-1, max-image-preview:large, max-video-preview:-1\" \/>\n<link rel=\"canonical\" href=\"https:\/\/www.premiumsuitehotels.com\/abarco-apartments\/hospital-hm-sant-jordi\/\" \/>\n<meta property=\"og:locale\" content=\"es_ES\" \/>\n<meta property=\"og:type\" content=\"article\" \/>\n<meta property=\"og:title\" content=\"Hospital HM Sant Jordi Sant Abarco Apartment , Coloma de Gramenet.\" \/>\n<meta property=\"og:description\" content=\"Hospital HM Sant Jordi Sant Abarco Apartment , Santa Coloma de Gramenet\" \/>\n<meta property=\"og:url\" content=\"https:\/\/www.premiumsuitehotels.com\/abarco-apartments\/hospital-hm-sant-jordi\/\" \/>\n<meta property=\"og:site_name\" content=\"Abarco Apartments\" \/>\n<meta property=\"article:modified_time\" content=\"2022-06-15T11:02:50+00:00\" \/>\n<meta name=\"twitter:card\" content=\"summary_large_image\" \/>\n<meta name=\"twitter:label1\" content=\"Tiempo de lectura\" \/>\n\t<meta name=\"twitter:data1\" content=\"2 minutos\" \/>\n<script type=\"application\/ld+json\" class=\"yoast-schema-graph\">{\"@context\":\"https:\/\/schema.org\",\"@graph\":[{\"@type\":\"WebPage\",\"@id\":\"https:\/\/www.premiumsuitehotels.com\/abarco-apartments\/hospital-hm-sant-jordi\/\",\"url\":\"https:\/\/www.premiumsuitehotels.com\/abarco-apartments\/hospital-hm-sant-jordi\/\",\"name\":\"Hospital HM Sant Jordi Sant Abarco Apartment , Coloma de Gramenet.\",\"isPartOf\":{\"@id\":\"https:\/\/www.premiumsuitehotels.com\/abarco-apartments\/#website\"},\"datePublished\":\"2022-06-15T10:46:39+00:00\",\"dateModified\":\"2022-06-15T11:02:50+00:00\",\"description\":\"Hospital HM Sant Jordi Sant Abarco Apartment , Santa Coloma de Gramenet\",\"breadcrumb\":{\"@id\":\"https:\/\/www.premiumsuitehotels.com\/abarco-apartments\/hospital-hm-sant-jordi\/#breadcrumb\"},\"inLanguage\":\"es\",\"potentialAction\":[{\"@type\":\"ReadAction\",\"target\":[\"https:\/\/www.premiumsuitehotels.com\/abarco-apartments\/hospital-hm-sant-jordi\/\"]}]},{\"@type\":\"BreadcrumbList\",\"@id\":\"https:\/\/www.premiumsuitehotels.com\/abarco-apartments\/hospital-hm-sant-jordi\/#breadcrumb\",\"itemListElement\":[{\"@type\":\"ListItem\",\"position\":1,\"name\":\"Portada\",\"item\":\"https:\/\/www.premiumsuitehotels.com\/abarco-apartments\/\"},{\"@type\":\"ListItem\",\"position\":2,\"name\":\"Hospital HM Sant Jordi\"}]},{\"@type\":\"WebSite\",\"@id\":\"https:\/\/www.premiumsuitehotels.com\/abarco-apartments\/#website\",\"url\":\"https:\/\/www.premiumsuitehotels.com\/abarco-apartments\/\",\"name\":\"Abarco Apartments\",\"description\":\"Abarco Apartments\",\"potentialAction\":[{\"@type\":\"SearchAction\",\"target\":{\"@type\":\"EntryPoint\",\"urlTemplate\":\"https:\/\/www.premiumsuitehotels.com\/abarco-apartments\/?s={search_term_string}\"},\"query-input\":\"required name=search_term_string\"}],\"inLanguage\":\"es\"}]}<\/script>\n<!-- \/ Yoast SEO plugin. -->","yoast_head_json":{"title":"Hospital HM Sant Jordi Sant Abarco Apartment , Coloma de Gramenet.","description":"Hospital HM Sant Jordi Sant Abarco Apartment , Santa Coloma de Gramenet","robots":{"index":"index","follow":"follow","max-snippet":"max-snippet:-1","max-image-preview":"max-image-preview:large","max-video-preview":"max-video-preview:-1"},"canonical":"https:\/\/www.premiumsuitehotels.com\/abarco-apartments\/hospital-hm-sant-jordi\/","og_locale":"es_ES","og_type":"article","og_title":"Hospital HM Sant Jordi Sant Abarco Apartment , Coloma de Gramenet.","og_description":"Hospital HM Sant Jordi Sant Abarco Apartment , Santa Coloma de Gramenet","og_url":"https:\/\/www.premiumsuitehotels.com\/abarco-apartments\/hospital-hm-sant-jordi\/","og_site_name":"Abarco Apartments","article_modified_time":"2022-06-15T11:02:50+00:00","twitter_card":"summary_large_image","twitter_misc":{"Tiempo de lectura":"2 minutos"},"schema":{"@context":"https:\/\/schema.org","@graph":[{"@type":"WebPage","@id":"https:\/\/www.premiumsuitehotels.com\/abarco-apartments\/hospital-hm-sant-jordi\/","url":"https:\/\/www.premiumsuitehotels.com\/abarco-apartments\/hospital-hm-sant-jordi\/","name":"Hospital HM Sant Jordi Sant Abarco Apartment , Coloma de Gramenet.","isPartOf":{"@id":"https:\/\/www.premiumsuitehotels.com\/abarco-apartments\/#website"},"datePublished":"2022-06-15T10:46:39+00:00","dateModified":"2022-06-15T11:02:50+00:00","description":"Hospital HM Sant Jordi Sant Abarco Apartment , Santa Coloma de Gramenet","breadcrumb":{"@id":"https:\/\/www.premiumsuitehotels.com\/abarco-apartments\/hospital-hm-sant-jordi\/#breadcrumb"},"inLanguage":"es","potentialAction":[{"@type":"ReadAction","target":["https:\/\/www.premiumsuitehotels.com\/abarco-apartments\/hospital-hm-sant-jordi\/"]}]},{"@type":"BreadcrumbList","@id":"https:\/\/www.premiumsuitehotels.com\/abarco-apartments\/hospital-hm-sant-jordi\/#breadcrumb","itemListElement":[{"@type":"ListItem","position":1,"name":"Portada","item":"https:\/\/www.premiumsuitehotels.com\/abarco-apartments\/"},{"@type":"ListItem","position":2,"name":"Hospital HM Sant Jordi"}]},{"@type":"WebSite","@id":"https:\/\/www.premiumsuitehotels.com\/abarco-apartments\/#website","url":"https:\/\/www.premiumsuitehotels.com\/abarco-apartments\/","name":"Abarco Apartments","description":"Abarco Apartments","potentialAction":[{"@type":"SearchAction","target":{"@type":"EntryPoint","urlTemplate":"https:\/\/www.premiumsuitehotels.com\/abarco-apartments\/?s={search_term_string}"},"query-input":"required name=search_term_string"}],"inLanguage":"es"}]}},"_links":{"self":[{"href":"https:\/\/www.premiumsuitehotels.com\/abarco-apartments\/wp-json\/wp\/v2\/pages\/24729"}],"collection":[{"href":"https:\/\/www.premiumsuitehotels.com\/abarco-apartments\/wp-json\/wp\/v2\/pages"}],"about":[{"href":"https:\/\/www.premiumsuitehotels.com\/abarco-apartments\/wp-json\/wp\/v2\/types\/page"}],"author":[{"embeddable":true,"href":"https:\/\/www.premiumsuitehotels.com\/abarco-apartments\/wp-json\/wp\/v2\/users\/3"}],"replies":[{"embeddable":true,"href":"https:\/\/www.premiumsuitehotels.com\/abarco-apartments\/wp-json\/wp\/v2\/comments?post=24729"}],"version-history":[{"count":4,"href":"https:\/\/www.premiumsuitehotels.com\/abarco-apartments\/wp-json\/wp\/v2\/pages\/24729\/revisions"}],"predecessor-version":[{"id":24764,"href":"https:\/\/www.premiumsuitehotels.com\/abarco-apartments\/wp-json\/wp\/v2\/pages\/24729\/revisions\/24764"}],"wp:attachment":[{"href":"https:\/\/www.premiumsuitehotels.com\/abarco-apartments\/wp-json\/wp\/v2\/media?parent=24729"}],"curies":[{"name":"wp","href":"https:\/\/api.w.org\/{rel}","templated":true}]}}