{"id":24724,"date":"2022-06-15T10:37:47","date_gmt":"2022-06-15T10:37:47","guid":{"rendered":"https:\/\/www.premiumsuitehotels.com\/abarco-apartments\/?page_id=24724"},"modified":"2022-06-15T11:00:52","modified_gmt":"2022-06-15T11:00:52","slug":"fundacio-vidal-i-barraquer","status":"publish","type":"page","link":"https:\/\/www.premiumsuitehotels.com\/abarco-apartments\/fundacio-vidal-i-barraquer\/","title":{"rendered":"Fundaci\u00f3 Vidal i Barraquer"},"content":{"rendered":"[vc_row type=\u00bbin_container\u00bb full_screen_row_position=\u00bbmiddle\u00bb column_margin=\u00bbdefault\u00bb column_direction=\u00bbdefault\u00bb column_direction_tablet=\u00bbdefault\u00bb column_direction_phone=\u00bbdefault\u00bb scene_position=\u00bbcenter\u00bb text_color=\u00bbdark\u00bb text_align=\u00bbleft\u00bb row_border_radius=\u00bbnone\u00bb row_border_radius_applies=\u00bbbg\u00bb overlay_strength=\u00bb0.3&#8243; gradient_direction=\u00bbleft_to_right\u00bb shape_divider_position=\u00bbbottom\u00bb bg_image_animation=\u00bbnone\u00bb shape_type=\u00bb\u00bb][vc_column column_padding=\u00bbno-extra-padding\u00bb column_padding_tablet=\u00bbinherit\u00bb column_padding_phone=\u00bbinherit\u00bb column_padding_position=\u00bball\u00bb background_color_opacity=\u00bb1&#8243; background_hover_color_opacity=\u00bb1&#8243; column_shadow=\u00bbnone\u00bb column_border_radius=\u00bbnone\u00bb column_link_target=\u00bb_self\u00bb gradient_direction=\u00bbleft_to_right\u00bb overlay_strength=\u00bb0.3&#8243; width=\u00bb1\/1&#8243; tablet_width_inherit=\u00bbdefault\u00bb tablet_text_alignment=\u00bbdefault\u00bb phone_text_alignment=\u00bbdefault\u00bb column_border_width=\u00bbnone\u00bb column_border_style=\u00bbsolid\u00bb bg_image_animation=\u00bbnone\u00bb]<div  data-transition=\"slide\" data-overall_style=\"classic\" data-flexible-height=\"\" data-animate-in-effect=\"none\" data-fullscreen=\"true\" data-button-sizing=\"regular\" data-button-styling=\"btn_with_count\" data-autorotate=\"\" data-parallax=\"false\" data-parallax-disable-mobile=\"\" data-caption-trans=\"fade_in_from_bottom\" data-parallax-style=\"bg_only\" data-bg-animation=\"none\" data-full-width=\"true\" class=\"nectar-slider-wrap \" id=\"nectar-slider-instance-1\"><div class=\"swiper-container\"  data-tho=\"auto\" data-tco=\"auto\" data-pho=\"auto\" data-pco=\"auto\" data-loop=\"false\" data-height=\"650\" data-min-height=\"\" data-arrows=\"false\" data-bullets=\"false\" data-bullet_style=\"see_through\" data-bullet_position=\"bottom\" data-desktop-swipe=\"false\" data-settings=\"\"> <div class=\"swiper-wrapper\"><div class=\"swiper-slide\" data-desktop-content-width=\"auto\" data-tablet-content-width=\"auto\" data-bg-alignment=\"center\" data-color-scheme=\"light\" data-x-pos=\"centered\" data-y-pos=\"middle\" ><div class=\"slide-bg-wrap\"><div class=\"image-bg\" style=\"background-image: url(https:\/\/www.premiumsuitehotels.com\/abarco-apartments\/wp-content\/uploads\/sites\/8\/2022\/06\/fundacio.jpeg);\"> &nbsp; <\/div><\/div><div class=\"container\">\n\t\t\t\t\t\t<div class=\"content\"><h1>Fundaci\u00f3 Vidal I Barraquer<\/h1><\/div>\n\t\t\t\t\t\t\t\t<\/div><!--\/container--><a href=\"#\" class=\"slider-down-arrow no-border\"><svg class=\"nectar-scroll-icon\" viewBox=\"0 0 30 45\" enable-background=\"new 0 0 30 45\">\n\t\t\t\t\t\t\t\t\t<path class=\"nectar-scroll-icon-path\" fill=\"none\" stroke=\"#ffffff\" stroke-width=\"2\" stroke-miterlimit=\"10\" d=\"M15,1.118c12.352,0,13.967,12.88,13.967,12.88v18.76  c0,0-1.514,11.204-13.967,11.204S0.931,32.966,0.931,32.966V14.05C0.931,14.05,2.648,1.118,15,1.118z\"><\/path>\n\t\t\t\t\t\t\t\t\t<\/svg><\/a><div class=\"video-texture \"> <span class=\"ie-fix\"><\/span> <\/div><\/div> <!--\/swiper-slide--><\/div><div class=\"nectar-slider-loading \"> <span class=\"loading-icon none\">   <\/span> <\/div> <\/div> \n\t\t\t\t\t\n\t\t\t\t\t<\/div>[\/vc_column][\/vc_row][vc_row type=\u00bbfull_width_content\u00bb full_screen_row_position=\u00bbmiddle\u00bb column_margin=\u00bbdefault\u00bb equal_height=\u00bbyes\u00bb content_placement=\u00bbbottom\u00bb column_direction=\u00bbdefault\u00bb column_direction_tablet=\u00bbdefault\u00bb column_direction_phone=\u00bbdefault\u00bb bg_color=\u00bb#ffffff\u00bb scene_position=\u00bbcenter\u00bb top_padding=\u00bb2%\u00bb bottom_padding=\u00bb2%\u00bb text_color=\u00bbdark\u00bb text_align=\u00bbcenter\u00bb row_border_radius=\u00bbnone\u00bb row_border_radius_applies=\u00bbbg\u00bb color_overlay=\u00bb#ffffff\u00bb color_overlay_2=\u00bb#ffffff\u00bb overlay_strength=\u00bb0.5&#8243; gradient_direction=\u00bbleft_to_right\u00bb shape_divider_position=\u00bbbottom\u00bb shape_divider_height=\u00bb350&#8243; bg_image_animation=\u00bbfade-in\u00bb parallax_bg=\u00bbtrue\u00bb parallax_bg_speed=\u00bbfast\u00bb shape_type=\u00bbmountains\u00bb][vc_column column_padding=\u00bbpadding-3-percent\u00bb column_padding_tablet=\u00bbinherit\u00bb column_padding_phone=\u00bbinherit\u00bb column_padding_position=\u00bball\u00bb background_color_opacity=\u00bb1&#8243; background_hover_color_opacity=\u00bb1&#8243; font_color=\u00bb#44443c\u00bb column_shadow=\u00bbnone\u00bb column_border_radius=\u00bbnone\u00bb column_link_target=\u00bb_self\u00bb gradient_direction=\u00bbleft_to_right\u00bb overlay_strength=\u00bb0.3&#8243; width=\u00bb1\/1&#8243; tablet_width_inherit=\u00bbdefault\u00bb tablet_text_alignment=\u00bbdefault\u00bb phone_text_alignment=\u00bbdefault\u00bb column_border_width=\u00bbnone\u00bb column_border_style=\u00bbsolid\u00bb bg_image_animation=\u00bbnone\u00bb][vc_text_separator title=\u00bbFundaci\u00f3 Vidal i Barraquer\u00bb color=\u00bbcustom\u00bb accent_color=\u00bb#000000&#8243;][\/vc_column][\/vc_row][vc_row type=\u00bbfull_width_content\u00bb full_screen_row_position=\u00bbmiddle\u00bb column_margin=\u00bbdefault\u00bb column_direction=\u00bbdefault\u00bb column_direction_tablet=\u00bbdefault\u00bb column_direction_phone=\u00bbdefault\u00bb scene_position=\u00bbcenter\u00bb top_padding=\u00bb0&#8243; bottom_padding=\u00bb4%\u00bb text_color=\u00bbdark\u00bb text_align=\u00bbleft\u00bb row_border_radius=\u00bbnone\u00bb row_border_radius_applies=\u00bbbg\u00bb id=\u00bbsleep\u00bb overlay_strength=\u00bb0.3&#8243; gradient_direction=\u00bbleft_to_right\u00bb shape_divider_position=\u00bbbottom\u00bb bg_image_animation=\u00bbnone\u00bb shape_type=\u00bb\u00bb][vc_column column_padding=\u00bbpadding-5-percent\u00bb column_padding_tablet=\u00bbinherit\u00bb column_padding_phone=\u00bbpadding-2-percent\u00bb column_padding_position=\u00bbleft-right\u00bb centered_text=\u00bbtrue\u00bb background_color_opacity=\u00bb1&#8243; background_hover_color_opacity=\u00bb1&#8243; column_shadow=\u00bbnone\u00bb column_border_radius=\u00bbnone\u00bb column_link_target=\u00bb_self\u00bb gradient_direction=\u00bbleft_to_right\u00bb overlay_strength=\u00bb0.3&#8243; width=\u00bb1\/1&#8243; tablet_width_inherit=\u00bbdefault\u00bb tablet_text_alignment=\u00bbdefault\u00bb phone_text_alignment=\u00bbdefault\u00bb column_border_width=\u00bbnone\u00bb column_border_style=\u00bbsolid\u00bb bg_image_animation=\u00bbnone\u00bb][vc_column_text]\n<div class=\"wpb_text_column wpb_content_element \">\n<div class=\"wpb_wrapper\">\n<p style=\"text-align: justify;\">La Fundaci\u00f3 Vidal i Barraquer es una instituci\u00f3n creada en 1964 y dedicada al \u00e1mbito de la Salud y espec\u00edficamente al de la Salud Mental. Integramos el assit\u00e8ncia, la docencia y la investigaci\u00f3n en la salud mental, con una mirada psicol\u00f3gica, social, biol\u00f3gica y espiritual.<\/p>\n<\/div>\n<\/div>\n[\/vc_column_text][vc_column_text]\n<p style=\"text-align: justify;\"><span style=\"color: #000000;\"><strong>Estancias en Fundaci\u00f3 Vidal i Barraquer:<\/strong><\/span><\/p>\n<div>\n<p style=\"text-align: justify;\">Se ofrece un tratamiento global des de las vertientes biol\u00f3gica, psicol\u00f3gica, familiar, socioeducativa y comunitaria. La intervenci\u00f3n se focaliza tanto en los pacientes y sus familias como en el trabajo en red con los servicios y dispositivos de la zona.<\/p>\n<p style=\"text-align: justify;\">Se atienden chicos y chicas de 12 a 18 a\u00f1os con problemas de salud mental\u00a0que requieren un abordaje intensivo y pluridisciplinar espec\u00edfico que no se puede ofrecer desde una atenci\u00f3n ambulatoria, pero que tampoco precisa de una contenci\u00f3n dentro de un \u00e1mbito de hospitalizaci\u00f3n total.<\/p>\n<p style=\"text-align: justify;\">Los apartamentos Abarco son ideales para una estancia en\u00a0Santa Coloma de Gramenet relacionada con la Fundaci\u00f3n Vidal i Barraquer<\/p>\n<\/div>\n<p style=\"text-align: justify;\"><span style=\"color: #000000;\"><strong>Servicios Abarco para acompa\u00f1antes:<\/strong><\/span><\/p>\n<div>\n<p style=\"text-align: justify;\">Los apartamentos Abarco disponen de una cocina totalmente equipada, espacio para dos, tres o cuatro personas, y limpieza semanal. Adem\u00e1s, los apartamentos\u00a0 tambi\u00e9n disponen de servicio de conexi\u00f3n a internet wifi sin coste adicional.<\/p>\n<p style=\"text-align: justify;\">Abarco Apartaments, la mejor opci\u00f3n de alojamiento, cerca de la Fundaci\u00f3n Vidal i Barraquer.<\/p>\n<\/div>\n[\/vc_column_text][\/vc_column][\/vc_row][vc_row type=\u00bbfull_width_content\u00bb full_screen_row_position=\u00bbmiddle\u00bb column_margin=\u00bbdefault\u00bb column_direction=\u00bbdefault\u00bb column_direction_tablet=\u00bbdefault\u00bb column_direction_phone=\u00bbdefault\u00bb scene_position=\u00bbcenter\u00bb text_color=\u00bbdark\u00bb text_align=\u00bbleft\u00bb row_border_radius=\u00bbnone\u00bb row_border_radius_applies=\u00bbbg\u00bb overlay_strength=\u00bb0.3&#8243; gradient_direction=\u00bbleft_to_right\u00bb shape_divider_position=\u00bbbottom\u00bb bg_image_animation=\u00bbnone\u00bb shape_type=\u00bb\u00bb][vc_column column_padding=\u00bbno-extra-padding\u00bb column_padding_tablet=\u00bbinherit\u00bb column_padding_phone=\u00bbinherit\u00bb column_padding_position=\u00bball\u00bb background_color_opacity=\u00bb1&#8243; background_hover_color_opacity=\u00bb1&#8243; column_shadow=\u00bbnone\u00bb column_border_radius=\u00bbnone\u00bb column_link_target=\u00bb_self\u00bb gradient_direction=\u00bbleft_to_right\u00bb overlay_strength=\u00bb0.3&#8243; width=\u00bb1\/1&#8243; tablet_width_inherit=\u00bbdefault\u00bb tablet_text_alignment=\u00bbdefault\u00bb phone_text_alignment=\u00bbdefault\u00bb column_border_width=\u00bbnone\u00bb column_border_style=\u00bbsolid\u00bb bg_image_animation=\u00bbnone\u00bb][vc_raw_html]JTNDaWZyYW1lJTIwc3JjJTNEJTIyaHR0cHMlM0ElMkYlMkZ3d3cuZ29vZ2xlLmNvbSUyRm1hcHMlMkZlbWJlZCUzRnBiJTNEJTIxMW0yNCUyMTFtOCUyMTFtMyUyMTFkMTE5NjAuNzQxOTcyNDIyMzU2JTIxMmQyLjE5NDQ2NTIlMjEzZDQxLjQ1Njg5MiUyMTNtMiUyMTFpMTAyNCUyMTJpNzY4JTIxNGYxMy4xJTIxNG0xMyUyMTNlMiUyMTRtNSUyMTFzMHgxMmE0YmNmMzMxYmJmNjFiJTI1M0EweDVmZWY5ZTU0YmNjZTQ4NiUyMTJzQWJhcmNvJTI1MjBBcGFydGFtZW50cyUyNUMyJTI1QUUlMjUyMC0lMjUyMFdFQiUyNTIwT0ZJQ0lBTCUyNTJDJTI1MjBBdmluZ3VkYSUyNTIwUGFsbGFyZXNhJTI1MkMlMjUyMFNhbnRhJTI1MjBDb2xvbWElMjUyMGRlJTI1MjBHcmFtYW5ldCUyMTNtMiUyMTFkNDEuNDUzNDU1OTk5OTk5OTk2JTIxMmQyLjIwMzU5MDMlMjE0bTUlMjExczB4MTJhNGJjZjU0OTZiYmE1ZCUyNTNBMHhlN2ZiZmYxNjVlZGMwNmZjJTIxMnNIb3NwaXRhbCUyNTIwRGUlMjUyMEQlMjVDMyUyNUFEYSUyNTJDJTI1MjBQYXNzYXRnZSUyNTIwU2FudCUyNTIwTWlxdWVsJTI1MkMlMjUyMFNhbnRhJTI1MjBDb2xvbWElMjUyMGRlJTI1MjBHcmFtYW5ldCUyMTNtMiUyMTFkNDEuNDQ5MDI5NDk5OTk5OTk1JTIxMmQyLjIwOTI5NDUlMjE1ZTAlMjEzbTIlMjExc2VzJTIxMnNlcyUyMTR2MTY1NTI4OTM2MTQyMSUyMTVtMiUyMTFzZXMlMjEyc2VzJTIyJTIwd2lkdGglM0QlMjIxOTAwJTIyJTIwaGVpZ2h0JTNEJTIyNDAwJTIyJTIwc3R5bGUlM0QlMjJib3JkZXIlM0EwJTNCJTIyJTIwYWxsb3dmdWxsc2NyZWVuJTNEJTIyJTIyJTIwbG9hZGluZyUzRCUyMmxhenklMjIlMjByZWZlcnJlcnBvbGljeSUzRCUyMm5vLXJlZmVycmVyLXdoZW4tZG93bmdyYWRlJTIyJTNFJTNDJTJGaWZyYW1lJTNF[\/vc_raw_html][\/vc_column][\/vc_row]\n","protected":false},"excerpt":{"rendered":"<p>[vc_row type=\u00bbin_container\u00bb full_screen_row_position=\u00bbmiddle\u00bb column_margin=\u00bbdefault\u00bb column_direction=\u00bbdefault\u00bb column_direction_tablet=\u00bbdefault\u00bb column_direction_phone=\u00bbdefault\u00bb scene_position=\u00bbcenter\u00bb text_color=\u00bbdark\u00bb text_align=\u00bbleft\u00bb row_border_radius=\u00bbnone\u00bb row_border_radius_applies=\u00bbbg\u00bb overlay_strength=\u00bb0.3&#8243; gradient_direction=\u00bbleft_to_right\u00bb shape_divider_position=\u00bbbottom\u00bb bg_image_animation=\u00bbnone\u00bb shape_type=\u00bb\u00bb][vc_column column_padding=\u00bbno-extra-padding\u00bb column_padding_tablet=\u00bbinherit\u00bb column_padding_phone=\u00bbinherit\u00bb column_padding_position=\u00bball\u00bb background_color_opacity=\u00bb1&#8243; background_hover_color_opacity=\u00bb1&#8243; column_shadow=\u00bbnone\u00bb column_border_radius=\u00bbnone\u00bb column_link_target=\u00bb_self\u00bb gradient_direction=\u00bbleft_to_right\u00bb overlay_strength=\u00bb0.3&#8243; width=\u00bb1\/1&#8243; tablet_width_inherit=\u00bbdefault\u00bb&#8230;<\/p>\n","protected":false},"author":3,"featured_media":0,"parent":0,"menu_order":0,"comment_status":"closed","ping_status":"closed","template":"","meta":[],"yoast_head":"<!-- This site is optimized with the Yoast SEO plugin v19.6.1 - https:\/\/yoast.com\/wordpress\/plugins\/seo\/ -->\n<title>Fundaci\u00f3 Vidal i Barraquer Sant Abarco Apartment , Coloma de Gramenet.<\/title>\n<meta name=\"description\" content=\"Fundaci\u00f3 Vidal i Barraquer Sant Abarco Apartment , Santa Coloma de Gramenet\" \/>\n<meta name=\"robots\" content=\"index, follow, max-snippet:-1, max-image-preview:large, max-video-preview:-1\" \/>\n<link rel=\"canonical\" href=\"https:\/\/www.premiumsuitehotels.com\/abarco-apartments\/fundacio-vidal-i-barraquer\/\" \/>\n<meta property=\"og:locale\" content=\"es_ES\" \/>\n<meta property=\"og:type\" content=\"article\" \/>\n<meta property=\"og:title\" content=\"Fundaci\u00f3 Vidal i Barraquer Sant Abarco Apartment , Coloma de Gramenet.\" \/>\n<meta property=\"og:description\" content=\"Fundaci\u00f3 Vidal i Barraquer Sant Abarco Apartment , Santa Coloma de Gramenet\" \/>\n<meta property=\"og:url\" content=\"https:\/\/www.premiumsuitehotels.com\/abarco-apartments\/fundacio-vidal-i-barraquer\/\" \/>\n<meta property=\"og:site_name\" content=\"Abarco Apartments\" \/>\n<meta property=\"article:modified_time\" content=\"2022-06-15T11:00:52+00:00\" \/>\n<meta name=\"twitter:card\" content=\"summary_large_image\" \/>\n<meta name=\"twitter:label1\" content=\"Tiempo de lectura\" \/>\n\t<meta name=\"twitter:data1\" content=\"2 minutos\" \/>\n<script type=\"application\/ld+json\" class=\"yoast-schema-graph\">{\"@context\":\"https:\/\/schema.org\",\"@graph\":[{\"@type\":\"WebPage\",\"@id\":\"https:\/\/www.premiumsuitehotels.com\/abarco-apartments\/fundacio-vidal-i-barraquer\/\",\"url\":\"https:\/\/www.premiumsuitehotels.com\/abarco-apartments\/fundacio-vidal-i-barraquer\/\",\"name\":\"Fundaci\u00f3 Vidal i Barraquer Sant Abarco Apartment , Coloma de Gramenet.\",\"isPartOf\":{\"@id\":\"https:\/\/www.premiumsuitehotels.com\/abarco-apartments\/#website\"},\"datePublished\":\"2022-06-15T10:37:47+00:00\",\"dateModified\":\"2022-06-15T11:00:52+00:00\",\"description\":\"Fundaci\u00f3 Vidal i Barraquer Sant Abarco Apartment , Santa Coloma de Gramenet\",\"breadcrumb\":{\"@id\":\"https:\/\/www.premiumsuitehotels.com\/abarco-apartments\/fundacio-vidal-i-barraquer\/#breadcrumb\"},\"inLanguage\":\"es\",\"potentialAction\":[{\"@type\":\"ReadAction\",\"target\":[\"https:\/\/www.premiumsuitehotels.com\/abarco-apartments\/fundacio-vidal-i-barraquer\/\"]}]},{\"@type\":\"BreadcrumbList\",\"@id\":\"https:\/\/www.premiumsuitehotels.com\/abarco-apartments\/fundacio-vidal-i-barraquer\/#breadcrumb\",\"itemListElement\":[{\"@type\":\"ListItem\",\"position\":1,\"name\":\"Portada\",\"item\":\"https:\/\/www.premiumsuitehotels.com\/abarco-apartments\/\"},{\"@type\":\"ListItem\",\"position\":2,\"name\":\"Fundaci\u00f3 Vidal i Barraquer\"}]},{\"@type\":\"WebSite\",\"@id\":\"https:\/\/www.premiumsuitehotels.com\/abarco-apartments\/#website\",\"url\":\"https:\/\/www.premiumsuitehotels.com\/abarco-apartments\/\",\"name\":\"Abarco Apartments\",\"description\":\"Abarco Apartments\",\"potentialAction\":[{\"@type\":\"SearchAction\",\"target\":{\"@type\":\"EntryPoint\",\"urlTemplate\":\"https:\/\/www.premiumsuitehotels.com\/abarco-apartments\/?s={search_term_string}\"},\"query-input\":\"required name=search_term_string\"}],\"inLanguage\":\"es\"}]}<\/script>\n<!-- \/ Yoast SEO plugin. -->","yoast_head_json":{"title":"Fundaci\u00f3 Vidal i Barraquer Sant Abarco Apartment , Coloma de Gramenet.","description":"Fundaci\u00f3 Vidal i Barraquer Sant Abarco Apartment , Santa Coloma de Gramenet","robots":{"index":"index","follow":"follow","max-snippet":"max-snippet:-1","max-image-preview":"max-image-preview:large","max-video-preview":"max-video-preview:-1"},"canonical":"https:\/\/www.premiumsuitehotels.com\/abarco-apartments\/fundacio-vidal-i-barraquer\/","og_locale":"es_ES","og_type":"article","og_title":"Fundaci\u00f3 Vidal i Barraquer Sant Abarco Apartment , Coloma de Gramenet.","og_description":"Fundaci\u00f3 Vidal i Barraquer Sant Abarco Apartment , Santa Coloma de Gramenet","og_url":"https:\/\/www.premiumsuitehotels.com\/abarco-apartments\/fundacio-vidal-i-barraquer\/","og_site_name":"Abarco Apartments","article_modified_time":"2022-06-15T11:00:52+00:00","twitter_card":"summary_large_image","twitter_misc":{"Tiempo de lectura":"2 minutos"},"schema":{"@context":"https:\/\/schema.org","@graph":[{"@type":"WebPage","@id":"https:\/\/www.premiumsuitehotels.com\/abarco-apartments\/fundacio-vidal-i-barraquer\/","url":"https:\/\/www.premiumsuitehotels.com\/abarco-apartments\/fundacio-vidal-i-barraquer\/","name":"Fundaci\u00f3 Vidal i Barraquer Sant Abarco Apartment , Coloma de Gramenet.","isPartOf":{"@id":"https:\/\/www.premiumsuitehotels.com\/abarco-apartments\/#website"},"datePublished":"2022-06-15T10:37:47+00:00","dateModified":"2022-06-15T11:00:52+00:00","description":"Fundaci\u00f3 Vidal i Barraquer Sant Abarco Apartment , Santa Coloma de Gramenet","breadcrumb":{"@id":"https:\/\/www.premiumsuitehotels.com\/abarco-apartments\/fundacio-vidal-i-barraquer\/#breadcrumb"},"inLanguage":"es","potentialAction":[{"@type":"ReadAction","target":["https:\/\/www.premiumsuitehotels.com\/abarco-apartments\/fundacio-vidal-i-barraquer\/"]}]},{"@type":"BreadcrumbList","@id":"https:\/\/www.premiumsuitehotels.com\/abarco-apartments\/fundacio-vidal-i-barraquer\/#breadcrumb","itemListElement":[{"@type":"ListItem","position":1,"name":"Portada","item":"https:\/\/www.premiumsuitehotels.com\/abarco-apartments\/"},{"@type":"ListItem","position":2,"name":"Fundaci\u00f3 Vidal i Barraquer"}]},{"@type":"WebSite","@id":"https:\/\/www.premiumsuitehotels.com\/abarco-apartments\/#website","url":"https:\/\/www.premiumsuitehotels.com\/abarco-apartments\/","name":"Abarco Apartments","description":"Abarco Apartments","potentialAction":[{"@type":"SearchAction","target":{"@type":"EntryPoint","urlTemplate":"https:\/\/www.premiumsuitehotels.com\/abarco-apartments\/?s={search_term_string}"},"query-input":"required name=search_term_string"}],"inLanguage":"es"}]}},"_links":{"self":[{"href":"https:\/\/www.premiumsuitehotels.com\/abarco-apartments\/wp-json\/wp\/v2\/pages\/24724"}],"collection":[{"href":"https:\/\/www.premiumsuitehotels.com\/abarco-apartments\/wp-json\/wp\/v2\/pages"}],"about":[{"href":"https:\/\/www.premiumsuitehotels.com\/abarco-apartments\/wp-json\/wp\/v2\/types\/page"}],"author":[{"embeddable":true,"href":"https:\/\/www.premiumsuitehotels.com\/abarco-apartments\/wp-json\/wp\/v2\/users\/3"}],"replies":[{"embeddable":true,"href":"https:\/\/www.premiumsuitehotels.com\/abarco-apartments\/wp-json\/wp\/v2\/comments?post=24724"}],"version-history":[{"count":5,"href":"https:\/\/www.premiumsuitehotels.com\/abarco-apartments\/wp-json\/wp\/v2\/pages\/24724\/revisions"}],"predecessor-version":[{"id":24758,"href":"https:\/\/www.premiumsuitehotels.com\/abarco-apartments\/wp-json\/wp\/v2\/pages\/24724\/revisions\/24758"}],"wp:attachment":[{"href":"https:\/\/www.premiumsuitehotels.com\/abarco-apartments\/wp-json\/wp\/v2\/media?parent=24724"}],"curies":[{"name":"wp","href":"https:\/\/api.w.org\/{rel}","templated":true}]}}