{"id":24712,"date":"2022-06-15T10:17:19","date_gmt":"2022-06-15T10:17:19","guid":{"rendered":"https:\/\/www.premiumsuitehotels.com\/abarco-apartments\/?page_id=24712"},"modified":"2022-06-15T11:02:11","modified_gmt":"2022-06-15T11:02:11","slug":"hospital-germans-trias-i-pujol","status":"publish","type":"page","link":"https:\/\/www.premiumsuitehotels.com\/abarco-apartments\/hospital-germans-trias-i-pujol\/","title":{"rendered":"Hospital Germans Trias I Pujol"},"content":{"rendered":"[vc_row type=\u00bbin_container\u00bb full_screen_row_position=\u00bbmiddle\u00bb column_margin=\u00bbdefault\u00bb column_direction=\u00bbdefault\u00bb column_direction_tablet=\u00bbdefault\u00bb column_direction_phone=\u00bbdefault\u00bb scene_position=\u00bbcenter\u00bb text_color=\u00bbdark\u00bb text_align=\u00bbleft\u00bb row_border_radius=\u00bbnone\u00bb row_border_radius_applies=\u00bbbg\u00bb overlay_strength=\u00bb0.3&#8243; gradient_direction=\u00bbleft_to_right\u00bb shape_divider_position=\u00bbbottom\u00bb bg_image_animation=\u00bbnone\u00bb shape_type=\u00bb\u00bb][vc_column column_padding=\u00bbno-extra-padding\u00bb column_padding_tablet=\u00bbinherit\u00bb column_padding_phone=\u00bbinherit\u00bb column_padding_position=\u00bball\u00bb background_color_opacity=\u00bb1&#8243; background_hover_color_opacity=\u00bb1&#8243; column_shadow=\u00bbnone\u00bb column_border_radius=\u00bbnone\u00bb column_link_target=\u00bb_self\u00bb gradient_direction=\u00bbleft_to_right\u00bb overlay_strength=\u00bb0.3&#8243; width=\u00bb1\/1&#8243; tablet_width_inherit=\u00bbdefault\u00bb tablet_text_alignment=\u00bbdefault\u00bb phone_text_alignment=\u00bbdefault\u00bb column_border_width=\u00bbnone\u00bb column_border_style=\u00bbsolid\u00bb bg_image_animation=\u00bbnone\u00bb]<div  data-transition=\"slide\" data-overall_style=\"classic\" data-flexible-height=\"\" data-animate-in-effect=\"none\" data-fullscreen=\"true\" data-button-sizing=\"regular\" data-button-styling=\"btn_with_count\" data-autorotate=\"\" data-parallax=\"false\" data-parallax-disable-mobile=\"\" data-caption-trans=\"fade_in_from_bottom\" data-parallax-style=\"bg_only\" data-bg-animation=\"none\" data-full-width=\"true\" class=\"nectar-slider-wrap \" id=\"nectar-slider-instance-1\"><div class=\"swiper-container\"  data-tho=\"auto\" data-tco=\"auto\" data-pho=\"auto\" data-pco=\"auto\" data-loop=\"false\" data-height=\"650\" data-min-height=\"\" data-arrows=\"false\" data-bullets=\"false\" data-bullet_style=\"see_through\" data-bullet_position=\"bottom\" data-desktop-swipe=\"false\" data-settings=\"\"> <div class=\"swiper-wrapper\"><div class=\"swiper-slide\" data-desktop-content-width=\"auto\" data-tablet-content-width=\"auto\" data-bg-alignment=\"center\" data-color-scheme=\"light\" data-x-pos=\"centered\" data-y-pos=\"middle\" ><div class=\"slide-bg-wrap\"><div class=\"image-bg\" style=\"background-image: url(https:\/\/www.premiumsuitehotels.com\/abarco-apartments\/wp-content\/uploads\/sites\/8\/2022\/06\/estructura-espacial-entrada-hospital-01-scaled.jpeg);\"> &nbsp; <\/div><\/div><div class=\"container\">\n\t\t\t\t\t\t<div class=\"content\"><h1>Hospital Germans Trias I Pujol<\/h1><\/div>\n\t\t\t\t\t\t\t\t<\/div><!--\/container--><a href=\"#\" class=\"slider-down-arrow no-border\"><svg class=\"nectar-scroll-icon\" viewBox=\"0 0 30 45\" enable-background=\"new 0 0 30 45\">\n\t\t\t\t\t\t\t\t\t<path class=\"nectar-scroll-icon-path\" fill=\"none\" stroke=\"#ffffff\" stroke-width=\"2\" stroke-miterlimit=\"10\" d=\"M15,1.118c12.352,0,13.967,12.88,13.967,12.88v18.76  c0,0-1.514,11.204-13.967,11.204S0.931,32.966,0.931,32.966V14.05C0.931,14.05,2.648,1.118,15,1.118z\"><\/path>\n\t\t\t\t\t\t\t\t\t<\/svg><\/a><div class=\"video-texture \"> <span class=\"ie-fix\"><\/span> <\/div><\/div> <!--\/swiper-slide--><\/div><div class=\"nectar-slider-loading \"> <span class=\"loading-icon none\">   <\/span> <\/div> <\/div> \n\t\t\t\t\t\n\t\t\t\t\t<\/div>[\/vc_column][\/vc_row][vc_row type=\u00bbfull_width_content\u00bb full_screen_row_position=\u00bbmiddle\u00bb column_margin=\u00bbdefault\u00bb equal_height=\u00bbyes\u00bb content_placement=\u00bbbottom\u00bb column_direction=\u00bbdefault\u00bb column_direction_tablet=\u00bbdefault\u00bb column_direction_phone=\u00bbdefault\u00bb bg_color=\u00bb#ffffff\u00bb scene_position=\u00bbcenter\u00bb top_padding=\u00bb2%\u00bb bottom_padding=\u00bb2%\u00bb text_color=\u00bbdark\u00bb text_align=\u00bbcenter\u00bb row_border_radius=\u00bbnone\u00bb row_border_radius_applies=\u00bbbg\u00bb color_overlay=\u00bb#ffffff\u00bb color_overlay_2=\u00bb#ffffff\u00bb overlay_strength=\u00bb0.5&#8243; gradient_direction=\u00bbleft_to_right\u00bb shape_divider_position=\u00bbbottom\u00bb shape_divider_height=\u00bb350&#8243; bg_image_animation=\u00bbfade-in\u00bb parallax_bg=\u00bbtrue\u00bb parallax_bg_speed=\u00bbfast\u00bb shape_type=\u00bbmountains\u00bb][vc_column column_padding=\u00bbpadding-3-percent\u00bb column_padding_tablet=\u00bbinherit\u00bb column_padding_phone=\u00bbinherit\u00bb column_padding_position=\u00bball\u00bb background_color_opacity=\u00bb1&#8243; background_hover_color_opacity=\u00bb1&#8243; font_color=\u00bb#44443c\u00bb column_shadow=\u00bbnone\u00bb column_border_radius=\u00bbnone\u00bb column_link_target=\u00bb_self\u00bb gradient_direction=\u00bbleft_to_right\u00bb overlay_strength=\u00bb0.3&#8243; width=\u00bb1\/1&#8243; tablet_width_inherit=\u00bbdefault\u00bb tablet_text_alignment=\u00bbdefault\u00bb phone_text_alignment=\u00bbdefault\u00bb column_border_width=\u00bbnone\u00bb column_border_style=\u00bbsolid\u00bb bg_image_animation=\u00bbnone\u00bb][vc_text_separator title=\u00bbHospital Germans Trias I Pujol\u00bb color=\u00bbcustom\u00bb accent_color=\u00bb#000000&#8243;][\/vc_column][\/vc_row][vc_row type=\u00bbfull_width_content\u00bb full_screen_row_position=\u00bbmiddle\u00bb column_margin=\u00bbdefault\u00bb column_direction=\u00bbdefault\u00bb column_direction_tablet=\u00bbdefault\u00bb column_direction_phone=\u00bbdefault\u00bb scene_position=\u00bbcenter\u00bb top_padding=\u00bb0&#8243; bottom_padding=\u00bb4%\u00bb text_color=\u00bbdark\u00bb text_align=\u00bbleft\u00bb row_border_radius=\u00bbnone\u00bb row_border_radius_applies=\u00bbbg\u00bb id=\u00bbsleep\u00bb overlay_strength=\u00bb0.3&#8243; gradient_direction=\u00bbleft_to_right\u00bb shape_divider_position=\u00bbbottom\u00bb bg_image_animation=\u00bbnone\u00bb shape_type=\u00bb\u00bb][vc_column column_padding=\u00bbpadding-5-percent\u00bb column_padding_tablet=\u00bbinherit\u00bb column_padding_phone=\u00bbpadding-2-percent\u00bb column_padding_position=\u00bbleft-right\u00bb centered_text=\u00bbtrue\u00bb background_color_opacity=\u00bb1&#8243; background_hover_color_opacity=\u00bb1&#8243; column_shadow=\u00bbnone\u00bb column_border_radius=\u00bbnone\u00bb column_link_target=\u00bb_self\u00bb gradient_direction=\u00bbleft_to_right\u00bb overlay_strength=\u00bb0.3&#8243; width=\u00bb1\/1&#8243; tablet_width_inherit=\u00bbdefault\u00bb tablet_text_alignment=\u00bbdefault\u00bb phone_text_alignment=\u00bbdefault\u00bb column_border_width=\u00bbnone\u00bb column_border_style=\u00bbsolid\u00bb bg_image_animation=\u00bbnone\u00bb][vc_column_text]\n<div class=\"wpb_text_column wpb_content_element \">\n<div class=\"wpb_wrapper\">\n<p style=\"text-align: justify;\">Germans Trias es un centro p\u00fablico que presta atenci\u00f3n sanitaria de alta complejidad a las 800.000 personas que viven en el Barcelon\u00e9s Norte y en el Maresme, as\u00ed como a algunos ciudadanos de otros territorios catalanes en ciertas patolog\u00edas, en las que el hospital es referencia para hasta 1.200.000 habitantes.<\/p>\n<\/div>\n<\/div>\n[\/vc_column_text][vc_column_text]\n<p style=\"text-align: justify;\"><span style=\"color: #000000;\"><strong>Estancias en\u00a0 Germans Trias I Pujol:<\/strong><\/span><\/p>\n<div>\n<p style=\"text-align: justify;\">Como centro de referencia en la asistencia sanitaria del \u00e1rea Metropolitana Norte de Barcelona, en el engranaje del hospital existen dos piezas m\u00e1s que son fundamentales: la investigaci\u00f3n, por v\u00eda del Institut d\u2019Investigaci\u00f3 en Ci\u00e8ncies de la Salut Germans Trias i Pujol, y la docencia de estudios sanitarios de pregrado y de posgrado.<\/p>\n<p style=\"text-align: justify;\">Germans Trias es, a su vez, hospital general b\u00e1sico para m\u00e1s de 200.000 personas de Badalona y de varios municipios de su entorno. Todo ello es posible gracias a la labor intensa y cualificada de unos 2.500 profesionales sanitarios y no sanitarios.<\/p>\n<p style=\"text-align: justify;\">Los apartamentos Abarco son ideales para una estancia en\u00a0Santa Coloma de Gramenet relacionada con el hospital Germans Trias i Pujol.<\/p>\n<\/div>\n<p style=\"text-align: justify;\"><span style=\"color: #000000;\"><strong>Servicios Abarco para acompa\u00f1antes:<\/strong><\/span><\/p>\n<div>\n<p style=\"text-align: justify;\">Los apartamentos Abarco disponen de una cocina totalmente equipada, espacio para dos, tres o cuatro personas, y limpieza semanal. Adem\u00e1s, los apartamentos\u00a0 tambi\u00e9n disponen de servicio de conexi\u00f3n a internet wifi sin coste adicional.<\/p>\n<\/div>\n[\/vc_column_text][\/vc_column][\/vc_row][vc_row type=\u00bbfull_width_content\u00bb full_screen_row_position=\u00bbmiddle\u00bb column_margin=\u00bbdefault\u00bb column_direction=\u00bbdefault\u00bb column_direction_tablet=\u00bbdefault\u00bb column_direction_phone=\u00bbdefault\u00bb scene_position=\u00bbcenter\u00bb text_color=\u00bbdark\u00bb text_align=\u00bbleft\u00bb row_border_radius=\u00bbnone\u00bb row_border_radius_applies=\u00bbbg\u00bb overlay_strength=\u00bb0.3&#8243; gradient_direction=\u00bbleft_to_right\u00bb shape_divider_position=\u00bbbottom\u00bb bg_image_animation=\u00bbnone\u00bb shape_type=\u00bb\u00bb][vc_column column_padding=\u00bbno-extra-padding\u00bb column_padding_tablet=\u00bbinherit\u00bb column_padding_phone=\u00bbinherit\u00bb column_padding_position=\u00bball\u00bb background_color_opacity=\u00bb1&#8243; background_hover_color_opacity=\u00bb1&#8243; column_shadow=\u00bbnone\u00bb column_border_radius=\u00bbnone\u00bb column_link_target=\u00bb_self\u00bb gradient_direction=\u00bbleft_to_right\u00bb overlay_strength=\u00bb0.3&#8243; width=\u00bb1\/1&#8243; tablet_width_inherit=\u00bbdefault\u00bb tablet_text_alignment=\u00bbdefault\u00bb phone_text_alignment=\u00bbdefault\u00bb column_border_width=\u00bbnone\u00bb column_border_style=\u00bbsolid\u00bb bg_image_animation=\u00bbnone\u00bb][vc_raw_html]JTNDaWZyYW1lJTIwc3JjJTNEJTIyaHR0cHMlM0ElMkYlMkZ3d3cuZ29vZ2xlLmNvbSUyRm1hcHMlMkZlbWJlZCUzRnBiJTNEJTIxMW0yOCUyMTFtMTIlMjExbTMlMjExZDQ3ODM0Ljg2MzkxMzgxNTEwNSUyMTJkMi4xOTI5MDk4MTM3NTA4MTUlMjEzZDQxLjQ2Nzg3NzEzOTYxMDgzNSUyMTJtMyUyMTFmMCUyMTJmMCUyMTNmMCUyMTNtMiUyMTFpMTAyNCUyMTJpNzY4JTIxNGYxMy4xJTIxNG0xMyUyMTNlMCUyMTRtNSUyMTFzMHgxMmE0YmNmMzMxYmJmNjFiJTI1M0EweDVmZWY5ZTU0YmNjZTQ4NiUyMTJzQWJhcmNvJTI1MjBBcGFydGFtZW50cyUyNUMyJTI1QUUlMjUyMC0lMjUyMFdFQiUyNTIwT0ZJQ0lBTCUyNTJDJTI1MjBBdmluZ3VkYSUyNTIwUGFsbGFyZXNhJTI1MkMlMjUyMFNhbnRhJTI1MjBDb2xvbWElMjUyMGRlJTI1MjBHcmFtYW5ldCUyMTNtMiUyMTFkNDEuNDUzNDU1OTk5OTk5OTk2JTIxMmQyLjIwMzU5MDMlMjE0bTUlMjExczB4MTJhNGJiMTJlMjYyZTRmNyUyNTNBMHg1ZGQwMmVmMzE2ZGVhMjdkJTIxMnNIb3NwaXRhbCUyNTIwVW5pdmVyc2l0YXJpJTI1MjBHZXJtYW5zJTI1MjBUcmlhcyUyNTIwaSUyNTIwUHVqb2wlMjUyQyUyNTIwQ2FycmV0ZXJhJTI1MjBkZSUyNTIwQ2FueWV0JTI1MkMlMjUyMEJhZGFsb25hJTIxM20yJTIxMWQ0MS40ODExODclMjEyZDIuMjM3NTQ3Mjk5OTk5OTk5NyUyMTVlMCUyMTNtMiUyMTFzZXMlMjEyc2VzJTIxNHYxNjU1Mjg4MTEzNDg1JTIxNW0yJTIxMXNlcyUyMTJzZXMlMjIlMjB3aWR0aCUzRCUyMjE5MDAlMjIlMjBoZWlnaHQlM0QlMjI0MDAlMjIlMjBzdHlsZSUzRCUyMmJvcmRlciUzQTAlM0IlMjIlMjBhbGxvd2Z1bGxzY3JlZW4lM0QlMjIlMjIlMjBsb2FkaW5nJTNEJTIybGF6eSUyMiUyMHJlZmVycmVycG9saWN5JTNEJTIybm8tcmVmZXJyZXItd2hlbi1kb3duZ3JhZGUlMjIlM0UlM0MlMkZpZnJhbWUlM0U=[\/vc_raw_html][\/vc_column][\/vc_row]\n","protected":false},"excerpt":{"rendered":"<p>[vc_row type=\u00bbin_container\u00bb full_screen_row_position=\u00bbmiddle\u00bb column_margin=\u00bbdefault\u00bb column_direction=\u00bbdefault\u00bb column_direction_tablet=\u00bbdefault\u00bb column_direction_phone=\u00bbdefault\u00bb scene_position=\u00bbcenter\u00bb text_color=\u00bbdark\u00bb text_align=\u00bbleft\u00bb row_border_radius=\u00bbnone\u00bb row_border_radius_applies=\u00bbbg\u00bb overlay_strength=\u00bb0.3&#8243; gradient_direction=\u00bbleft_to_right\u00bb shape_divider_position=\u00bbbottom\u00bb bg_image_animation=\u00bbnone\u00bb shape_type=\u00bb\u00bb][vc_column column_padding=\u00bbno-extra-padding\u00bb column_padding_tablet=\u00bbinherit\u00bb column_padding_phone=\u00bbinherit\u00bb column_padding_position=\u00bball\u00bb background_color_opacity=\u00bb1&#8243; background_hover_color_opacity=\u00bb1&#8243; column_shadow=\u00bbnone\u00bb column_border_radius=\u00bbnone\u00bb column_link_target=\u00bb_self\u00bb gradient_direction=\u00bbleft_to_right\u00bb overlay_strength=\u00bb0.3&#8243; width=\u00bb1\/1&#8243; tablet_width_inherit=\u00bbdefault\u00bb&#8230;<\/p>\n","protected":false},"author":3,"featured_media":0,"parent":0,"menu_order":0,"comment_status":"closed","ping_status":"closed","template":"","meta":[],"yoast_head":"<!-- This site is optimized with the Yoast SEO plugin v19.6.1 - https:\/\/yoast.com\/wordpress\/plugins\/seo\/ -->\n<title>Hospital Germans Trias I Pujol Abarco Apartment , S Coloma de Gramenet.<\/title>\n<meta name=\"description\" content=\"Hospital Germans Trias I Pujol Abarco Apartment , Santa Coloma de Gramenet\" \/>\n<meta name=\"robots\" content=\"index, follow, max-snippet:-1, max-image-preview:large, max-video-preview:-1\" \/>\n<link rel=\"canonical\" href=\"https:\/\/www.premiumsuitehotels.com\/abarco-apartments\/hospital-germans-trias-i-pujol\/\" \/>\n<meta property=\"og:locale\" content=\"es_ES\" \/>\n<meta property=\"og:type\" content=\"article\" \/>\n<meta property=\"og:title\" content=\"Hospital Germans Trias I Pujol Abarco Apartment , S Coloma de Gramenet.\" \/>\n<meta property=\"og:description\" content=\"Hospital Germans Trias I Pujol Abarco Apartment , Santa Coloma de Gramenet\" \/>\n<meta property=\"og:url\" content=\"https:\/\/www.premiumsuitehotels.com\/abarco-apartments\/hospital-germans-trias-i-pujol\/\" \/>\n<meta property=\"og:site_name\" content=\"Abarco Apartments\" \/>\n<meta property=\"article:modified_time\" content=\"2022-06-15T11:02:11+00:00\" \/>\n<meta name=\"twitter:card\" content=\"summary_large_image\" \/>\n<meta name=\"twitter:label1\" content=\"Tiempo de lectura\" \/>\n\t<meta name=\"twitter:data1\" content=\"2 minutos\" \/>\n<script type=\"application\/ld+json\" class=\"yoast-schema-graph\">{\"@context\":\"https:\/\/schema.org\",\"@graph\":[{\"@type\":\"WebPage\",\"@id\":\"https:\/\/www.premiumsuitehotels.com\/abarco-apartments\/hospital-germans-trias-i-pujol\/\",\"url\":\"https:\/\/www.premiumsuitehotels.com\/abarco-apartments\/hospital-germans-trias-i-pujol\/\",\"name\":\"Hospital Germans Trias I Pujol Abarco Apartment , S Coloma de Gramenet.\",\"isPartOf\":{\"@id\":\"https:\/\/www.premiumsuitehotels.com\/abarco-apartments\/#website\"},\"datePublished\":\"2022-06-15T10:17:19+00:00\",\"dateModified\":\"2022-06-15T11:02:11+00:00\",\"description\":\"Hospital Germans Trias I Pujol Abarco Apartment , Santa Coloma de Gramenet\",\"breadcrumb\":{\"@id\":\"https:\/\/www.premiumsuitehotels.com\/abarco-apartments\/hospital-germans-trias-i-pujol\/#breadcrumb\"},\"inLanguage\":\"es\",\"potentialAction\":[{\"@type\":\"ReadAction\",\"target\":[\"https:\/\/www.premiumsuitehotels.com\/abarco-apartments\/hospital-germans-trias-i-pujol\/\"]}]},{\"@type\":\"BreadcrumbList\",\"@id\":\"https:\/\/www.premiumsuitehotels.com\/abarco-apartments\/hospital-germans-trias-i-pujol\/#breadcrumb\",\"itemListElement\":[{\"@type\":\"ListItem\",\"position\":1,\"name\":\"Portada\",\"item\":\"https:\/\/www.premiumsuitehotels.com\/abarco-apartments\/\"},{\"@type\":\"ListItem\",\"position\":2,\"name\":\"Hospital Germans Trias I Pujol\"}]},{\"@type\":\"WebSite\",\"@id\":\"https:\/\/www.premiumsuitehotels.com\/abarco-apartments\/#website\",\"url\":\"https:\/\/www.premiumsuitehotels.com\/abarco-apartments\/\",\"name\":\"Abarco Apartments\",\"description\":\"Abarco Apartments\",\"potentialAction\":[{\"@type\":\"SearchAction\",\"target\":{\"@type\":\"EntryPoint\",\"urlTemplate\":\"https:\/\/www.premiumsuitehotels.com\/abarco-apartments\/?s={search_term_string}\"},\"query-input\":\"required name=search_term_string\"}],\"inLanguage\":\"es\"}]}<\/script>\n<!-- \/ Yoast SEO plugin. -->","yoast_head_json":{"title":"Hospital Germans Trias I Pujol Abarco Apartment , S Coloma de Gramenet.","description":"Hospital Germans Trias I Pujol Abarco Apartment , Santa Coloma de Gramenet","robots":{"index":"index","follow":"follow","max-snippet":"max-snippet:-1","max-image-preview":"max-image-preview:large","max-video-preview":"max-video-preview:-1"},"canonical":"https:\/\/www.premiumsuitehotels.com\/abarco-apartments\/hospital-germans-trias-i-pujol\/","og_locale":"es_ES","og_type":"article","og_title":"Hospital Germans Trias I Pujol Abarco Apartment , S Coloma de Gramenet.","og_description":"Hospital Germans Trias I Pujol Abarco Apartment , Santa Coloma de Gramenet","og_url":"https:\/\/www.premiumsuitehotels.com\/abarco-apartments\/hospital-germans-trias-i-pujol\/","og_site_name":"Abarco Apartments","article_modified_time":"2022-06-15T11:02:11+00:00","twitter_card":"summary_large_image","twitter_misc":{"Tiempo de lectura":"2 minutos"},"schema":{"@context":"https:\/\/schema.org","@graph":[{"@type":"WebPage","@id":"https:\/\/www.premiumsuitehotels.com\/abarco-apartments\/hospital-germans-trias-i-pujol\/","url":"https:\/\/www.premiumsuitehotels.com\/abarco-apartments\/hospital-germans-trias-i-pujol\/","name":"Hospital Germans Trias I Pujol Abarco Apartment , S Coloma de Gramenet.","isPartOf":{"@id":"https:\/\/www.premiumsuitehotels.com\/abarco-apartments\/#website"},"datePublished":"2022-06-15T10:17:19+00:00","dateModified":"2022-06-15T11:02:11+00:00","description":"Hospital Germans Trias I Pujol Abarco Apartment , Santa Coloma de Gramenet","breadcrumb":{"@id":"https:\/\/www.premiumsuitehotels.com\/abarco-apartments\/hospital-germans-trias-i-pujol\/#breadcrumb"},"inLanguage":"es","potentialAction":[{"@type":"ReadAction","target":["https:\/\/www.premiumsuitehotels.com\/abarco-apartments\/hospital-germans-trias-i-pujol\/"]}]},{"@type":"BreadcrumbList","@id":"https:\/\/www.premiumsuitehotels.com\/abarco-apartments\/hospital-germans-trias-i-pujol\/#breadcrumb","itemListElement":[{"@type":"ListItem","position":1,"name":"Portada","item":"https:\/\/www.premiumsuitehotels.com\/abarco-apartments\/"},{"@type":"ListItem","position":2,"name":"Hospital Germans Trias I Pujol"}]},{"@type":"WebSite","@id":"https:\/\/www.premiumsuitehotels.com\/abarco-apartments\/#website","url":"https:\/\/www.premiumsuitehotels.com\/abarco-apartments\/","name":"Abarco Apartments","description":"Abarco Apartments","potentialAction":[{"@type":"SearchAction","target":{"@type":"EntryPoint","urlTemplate":"https:\/\/www.premiumsuitehotels.com\/abarco-apartments\/?s={search_term_string}"},"query-input":"required name=search_term_string"}],"inLanguage":"es"}]}},"_links":{"self":[{"href":"https:\/\/www.premiumsuitehotels.com\/abarco-apartments\/wp-json\/wp\/v2\/pages\/24712"}],"collection":[{"href":"https:\/\/www.premiumsuitehotels.com\/abarco-apartments\/wp-json\/wp\/v2\/pages"}],"about":[{"href":"https:\/\/www.premiumsuitehotels.com\/abarco-apartments\/wp-json\/wp\/v2\/types\/page"}],"author":[{"embeddable":true,"href":"https:\/\/www.premiumsuitehotels.com\/abarco-apartments\/wp-json\/wp\/v2\/users\/3"}],"replies":[{"embeddable":true,"href":"https:\/\/www.premiumsuitehotels.com\/abarco-apartments\/wp-json\/wp\/v2\/comments?post=24712"}],"version-history":[{"count":5,"href":"https:\/\/www.premiumsuitehotels.com\/abarco-apartments\/wp-json\/wp\/v2\/pages\/24712\/revisions"}],"predecessor-version":[{"id":24762,"href":"https:\/\/www.premiumsuitehotels.com\/abarco-apartments\/wp-json\/wp\/v2\/pages\/24712\/revisions\/24762"}],"wp:attachment":[{"href":"https:\/\/www.premiumsuitehotels.com\/abarco-apartments\/wp-json\/wp\/v2\/media?parent=24712"}],"curies":[{"name":"wp","href":"https:\/\/api.w.org\/{rel}","templated":true}]}}