{"id":24876,"date":"2022-06-15T10:25:08","date_gmt":"2022-06-15T10:25:08","guid":{"rendered":"https:\/\/www.premiumsuitehotels.com\/abarco-apartments\/hospital-vall-dhebron\/"},"modified":"2022-07-13T06:16:31","modified_gmt":"2022-07-13T06:16:31","slug":"hospital-vall-dhebron","status":"publish","type":"page","link":"https:\/\/www.premiumsuitehotels.com\/abarco-apartments\/fr\/hospital-vall-dhebron\/","title":{"rendered":"Hospital Vall D\u00b4Hebron"},"content":{"rendered":"[vc_row type=&#8221;in_container&#8221; full_screen_row_position=&#8221;middle&#8221; column_margin=&#8221;default&#8221; column_direction=&#8221;default&#8221; column_direction_tablet=&#8221;default&#8221; column_direction_phone=&#8221;default&#8221; scene_position=&#8221;center&#8221; text_color=&#8221;dark&#8221; text_align=&#8221;left&#8221; row_border_radius=&#8221;none&#8221; row_border_radius_applies=&#8221;bg&#8221; overlay_strength=&#8221;0.3&#8243; gradient_direction=&#8221;left_to_right&#8221; shape_divider_position=&#8221;bottom&#8221; bg_image_animation=&#8221;none&#8221; shape_type=&#8221;&#8221;][vc_column column_padding=&#8221;no-extra-padding&#8221; column_padding_tablet=&#8221;inherit&#8221; column_padding_phone=&#8221;inherit&#8221; column_padding_position=&#8221;all&#8221; background_color_opacity=&#8221;1&#8243; background_hover_color_opacity=&#8221;1&#8243; column_shadow=&#8221;none&#8221; column_border_radius=&#8221;none&#8221; column_link_target=&#8221;_self&#8221; gradient_direction=&#8221;left_to_right&#8221; overlay_strength=&#8221;0.3&#8243; width=&#8221;1\/1&#8243; tablet_width_inherit=&#8221;default&#8221; tablet_text_alignment=&#8221;default&#8221; phone_text_alignment=&#8221;default&#8221; column_border_width=&#8221;none&#8221; column_border_style=&#8221;solid&#8221; bg_image_animation=&#8221;none&#8221;]<div  data-transition=\"slide\" data-overall_style=\"classic\" data-flexible-height=\"\" data-animate-in-effect=\"none\" data-fullscreen=\"true\" data-button-sizing=\"regular\" data-button-styling=\"btn_with_count\" data-autorotate=\"\" data-parallax=\"false\" data-parallax-disable-mobile=\"\" data-caption-trans=\"fade_in_from_bottom\" data-parallax-style=\"bg_only\" data-bg-animation=\"none\" data-full-width=\"true\" class=\"nectar-slider-wrap \" id=\"nectar-slider-instance-1\"><div class=\"swiper-container\"  data-tho=\"auto\" data-tco=\"auto\" data-pho=\"auto\" data-pco=\"auto\" data-loop=\"false\" data-height=\"650\" data-min-height=\"\" data-arrows=\"false\" data-bullets=\"false\" data-bullet_style=\"see_through\" data-bullet_position=\"bottom\" data-desktop-swipe=\"false\" data-settings=\"\"> <div class=\"swiper-wrapper\"><div class=\"swiper-slide\" data-desktop-content-width=\"auto\" data-tablet-content-width=\"auto\" data-bg-alignment=\"center\" data-color-scheme=\"light\" data-x-pos=\"centered\" data-y-pos=\"middle\" ><div class=\"slide-bg-wrap\"><div class=\"image-bg\" style=\"background-image: url(https:\/\/www.premiumsuitehotels.com\/abarco-apartments\/wp-content\/uploads\/sites\/8\/2022\/06\/vall-dhebron.jpeg);\"> &nbsp; <\/div><\/div><div class=\"container\">\n\t\t\t\t\t\t<div class=\"content\"><h1>Hospital Vall D\u00b4Hebron<\/h1><\/div>\n\t\t\t\t\t\t\t\t<\/div><!--\/container--><a href=\"#\" class=\"slider-down-arrow no-border\"><svg class=\"nectar-scroll-icon\" viewBox=\"0 0 30 45\" enable-background=\"new 0 0 30 45\">\n\t\t\t\t\t\t\t\t\t<path class=\"nectar-scroll-icon-path\" fill=\"none\" stroke=\"#ffffff\" stroke-width=\"2\" stroke-miterlimit=\"10\" d=\"M15,1.118c12.352,0,13.967,12.88,13.967,12.88v18.76  c0,0-1.514,11.204-13.967,11.204S0.931,32.966,0.931,32.966V14.05C0.931,14.05,2.648,1.118,15,1.118z\"><\/path>\n\t\t\t\t\t\t\t\t\t<\/svg><\/a><div class=\"video-texture \"> <span class=\"ie-fix\"><\/span> <\/div><\/div> <!--\/swiper-slide--><\/div><div class=\"nectar-slider-loading \"> <span class=\"loading-icon none\">   <\/span> <\/div> <\/div> \n\t\t\t\t\t\n\t\t\t\t\t<\/div>[\/vc_column][\/vc_row][vc_row type=&#8221;full_width_content&#8221; full_screen_row_position=&#8221;middle&#8221; column_margin=&#8221;default&#8221; equal_height=&#8221;yes&#8221; content_placement=&#8221;bottom&#8221; column_direction=&#8221;default&#8221; column_direction_tablet=&#8221;default&#8221; column_direction_phone=&#8221;default&#8221; bg_color=&#8221;#ffffff&#8221; scene_position=&#8221;center&#8221; top_padding=&#8221;2%&#8221; bottom_padding=&#8221;2%&#8221; text_color=&#8221;dark&#8221; text_align=&#8221;center&#8221; row_border_radius=&#8221;none&#8221; row_border_radius_applies=&#8221;bg&#8221; color_overlay=&#8221;#ffffff&#8221; color_overlay_2=&#8221;#ffffff&#8221; overlay_strength=&#8221;0.5&#8243; gradient_direction=&#8221;left_to_right&#8221; shape_divider_position=&#8221;bottom&#8221; shape_divider_height=&#8221;350&#8243; bg_image_animation=&#8221;fade-in&#8221; parallax_bg=&#8221;true&#8221; parallax_bg_speed=&#8221;fast&#8221; shape_type=&#8221;mountains&#8221;][vc_column column_padding=&#8221;padding-3-percent&#8221; column_padding_tablet=&#8221;inherit&#8221; column_padding_phone=&#8221;inherit&#8221; column_padding_position=&#8221;all&#8221; background_color_opacity=&#8221;1&#8243; background_hover_color_opacity=&#8221;1&#8243; font_color=&#8221;#44443c&#8221; column_shadow=&#8221;none&#8221; column_border_radius=&#8221;none&#8221; column_link_target=&#8221;_self&#8221; gradient_direction=&#8221;left_to_right&#8221; overlay_strength=&#8221;0.3&#8243; width=&#8221;1\/1&#8243; tablet_width_inherit=&#8221;default&#8221; tablet_text_alignment=&#8221;default&#8221; phone_text_alignment=&#8221;default&#8221; column_border_width=&#8221;none&#8221; column_border_style=&#8221;solid&#8221; bg_image_animation=&#8221;none&#8221;][vc_text_separator title=&#8221;Hospital Vall D\u00b4Hebron&#8221; color=&#8221;custom&#8221; accent_color=&#8221;#000000&#8243;][\/vc_column][\/vc_row][vc_row type=&#8221;full_width_content&#8221; full_screen_row_position=&#8221;middle&#8221; column_margin=&#8221;default&#8221; column_direction=&#8221;default&#8221; column_direction_tablet=&#8221;default&#8221; column_direction_phone=&#8221;default&#8221; scene_position=&#8221;center&#8221; top_padding=&#8221;0&#8243; bottom_padding=&#8221;4%&#8221; text_color=&#8221;dark&#8221; text_align=&#8221;left&#8221; row_border_radius=&#8221;none&#8221; row_border_radius_applies=&#8221;bg&#8221; id=&#8221;sleep&#8221; overlay_strength=&#8221;0.3&#8243; gradient_direction=&#8221;left_to_right&#8221; shape_divider_position=&#8221;bottom&#8221; bg_image_animation=&#8221;none&#8221; shape_type=&#8221;&#8221;][vc_column column_padding=&#8221;padding-5-percent&#8221; column_padding_tablet=&#8221;inherit&#8221; column_padding_phone=&#8221;padding-2-percent&#8221; column_padding_position=&#8221;left-right&#8221; centered_text=&#8221;true&#8221; background_color_opacity=&#8221;1&#8243; background_hover_color_opacity=&#8221;1&#8243; column_shadow=&#8221;none&#8221; column_border_radius=&#8221;none&#8221; column_link_target=&#8221;_self&#8221; gradient_direction=&#8221;left_to_right&#8221; overlay_strength=&#8221;0.3&#8243; width=&#8221;1\/1&#8243; tablet_width_inherit=&#8221;default&#8221; tablet_text_alignment=&#8221;default&#8221; phone_text_alignment=&#8221;default&#8221; column_border_width=&#8221;none&#8221; column_border_style=&#8221;solid&#8221; bg_image_animation=&#8221;none&#8221;][vc_column_text]\n<div class=\"wpb_text_column wpb_content_element \">\n<div class=\"wpb_wrapper\">\n<p style=\"text-align: justify;\">L&#8217;h\u00f4pital du Vall d&#8217;Hebron est un campus sanitaire de r\u00e9f\u00e9rence qui couvre tous les domaines de la sant\u00e9, des soins \u00e0 l&#8217;enseignement, sans oublier la recherche.<\/p>\n<\/div>\n<\/div>\n[\/vc_column_text][vc_column_text]\n<p style=\"text-align: justify;\"><strong>S\u00e9jours \u00e0 Vall D&#8217;Hebron :<\/strong><\/p>\n<p style=\"text-align: justify;\">Les meilleurs soins et la meilleure recherche dans un seul campus de sant\u00e9. Tel est le postulat du Campus hospitalier de Vall d&#8217;Hebron Barcelona, un parc de sant\u00e9 qui r\u00e9unit quatre institutions sp\u00e9cialis\u00e9es dans des domaines diff\u00e9rents : H\u00f4pital universitaire de Vall d&#8217;Hebron, Institut de recherche de Vall d&#8217;Hebron, Institut d&#8217;oncologie de Vall d&#8217;Hebron et Centre de scl\u00e9rose en plaques de Catalogne.<\/p>\n<p style=\"text-align: justify;\">L&#8217;h\u00f4pital universitaire du Vall d&#8217;Hebron est le plus grand h\u00f4pital de l&#8217;Institut catalan de la sant\u00e9 (ICS) et, par cons\u00e9quent, le plus grand de Catalogne. Elle comprend toutes les sp\u00e9cialit\u00e9s m\u00e9dicales et la plupart des sp\u00e9cialit\u00e9s chirurgicales pour les adultes, notamment celles dont la gravit\u00e9 et la complexit\u00e9 sont les plus \u00e9lev\u00e9es.\u00a0L&#8217;h\u00f4pital g\u00e9n\u00e9ral abrite \u00e9galement le premier h\u00f4pital de jour d&#8217;h\u00e9matologie en Espagne.<\/p>\n<p style=\"text-align: justify;\">Les appartements Abarco sont id\u00e9aux pour un s\u00e9jour \u00e0 Santa Coloma de Gramenet, \u00e0 proximit\u00e9 de l&#8217;h\u00f4pital Vall d&#8217;Hebron.<\/p>\n<p style=\"text-align: justify;\"><strong>Services Abarco pour les compagnons :<\/strong><\/p>\n<p style=\"text-align: justify;\">Les appartements Abarco disposent d&#8217;une cuisine enti\u00e8rement \u00e9quip\u00e9e, d&#8217;un espace pour deux, trois ou quatre personnes et d&#8217;un nettoyage hebdomadaire. En outre, les appartements disposent \u00e9galement d&#8217;un service de connexion Internet Wi-Fi sans frais suppl\u00e9mentaires.<\/p>\n<p style=\"text-align: justify;\">Abarco Apartaments, la meilleure option d&#8217;h\u00e9bergement, pr\u00e8s de l&#8217;h\u00f4pital Vall d&#8217;Hebron.<\/p>\n[\/vc_column_text][\/vc_column][\/vc_row][vc_row type=&#8221;full_width_content&#8221; full_screen_row_position=&#8221;middle&#8221; column_margin=&#8221;default&#8221; column_direction=&#8221;default&#8221; column_direction_tablet=&#8221;default&#8221; column_direction_phone=&#8221;default&#8221; scene_position=&#8221;center&#8221; text_color=&#8221;dark&#8221; text_align=&#8221;left&#8221; row_border_radius=&#8221;none&#8221; row_border_radius_applies=&#8221;bg&#8221; overlay_strength=&#8221;0.3&#8243; gradient_direction=&#8221;left_to_right&#8221; shape_divider_position=&#8221;bottom&#8221; bg_image_animation=&#8221;none&#8221; shape_type=&#8221;&#8221;][vc_column column_padding=&#8221;no-extra-padding&#8221; column_padding_tablet=&#8221;inherit&#8221; column_padding_phone=&#8221;inherit&#8221; column_padding_position=&#8221;all&#8221; background_color_opacity=&#8221;1&#8243; background_hover_color_opacity=&#8221;1&#8243; column_shadow=&#8221;none&#8221; column_border_radius=&#8221;none&#8221; column_link_target=&#8221;_self&#8221; gradient_direction=&#8221;left_to_right&#8221; overlay_strength=&#8221;0.3&#8243; width=&#8221;1\/1&#8243; tablet_width_inherit=&#8221;default&#8221; tablet_text_alignment=&#8221;default&#8221; phone_text_alignment=&#8221;default&#8221; column_border_width=&#8221;none&#8221; column_border_style=&#8221;solid&#8221; bg_image_animation=&#8221;none&#8221;][vc_raw_html]JTNDaWZyYW1lJTIwc3JjJTNEJTIyaHR0cHMlM0ElMkYlMkZ3d3cuZ29vZ2xlLmNvbSUyRm1hcHMlMkZlbWJlZCUzRnBiJTNEJTIxMW0yOCUyMTFtMTIlMjExbTMlMjExZDQ3ODU0LjI2NDI3NTc0MzIzJTIxMmQyLjEzODcxNjAxMzUzODU0NyUyMTNkNDEuNDQxNTc1NDkwMjE3MiUyMTJtMyUyMTFmMCUyMTJmMCUyMTNmMCUyMTNtMiUyMTFpMTAyNCUyMTJpNzY4JTIxNGYxMy4xJTIxNG0xMyUyMTNlMCUyMTRtNSUyMTFzMHgxMmE0YmNmMzMxYmJmNjFiJTI1M0EweDVmZWY5ZTU0YmNjZTQ4NiUyMTJzQWJhcmNvJTI1MjBBcGFydGFtZW50cyUyNUMyJTI1QUUlMjUyMC0lMjUyMFdFQiUyNTIwT0ZJQ0lBTCUyNTJDJTI1MjBBdmluZ3VkYSUyNTIwUGFsbGFyZXNhJTI1MkMlMjUyMFNhbnRhJTI1MjBDb2xvbWElMjUyMGRlJTI1MjBHcmFtYW5ldCUyMTNtMiUyMTFkNDEuNDUzNDU1OTk5OTk5OTk2JTIxMmQyLjIwMzU5MDMlMjE0bTUlMjExczB4MTJhNDk3ZmQxNzRiZWNkZiUyNTNBMHg2MDU1MTlhNzZlZDk4NzUlMjEyc0hvc3BpdGFsJTI1MjBVbml2ZXJzaXRhcmlvJTI1MjBWYWxsJTI1MjBkJTI2JTIzMzklM0JIZWJyb24lMjUyQyUyNTIwUGFzZW8lMjUyMGRlbCUyNTIwVmFsbGUlMjUyMGRlJTI1MjBIZWJyJTI1QzMlMjVCM24lMjUyQyUyNTIwQmFyY2Vsb25hJTIxM20yJTIxMWQ0MS40Mjc2ODczOTk5OTk5OTYlMjEyZDIuMTQyMzg2Nzk5OTk5OTk5NyUyMTVlMCUyMTNtMiUyMTFzZXMlMjEyc2VzJTIxNHYxNjU1Mjg4NTgzNjYxJTIxNW0yJTIxMXNlcyUyMTJzZXMlMjIlMjB3aWR0aCUzRCUyMjE5MDAlMjIlMjBoZWlnaHQlM0QlMjI0MDAlMjIlMjBzdHlsZSUzRCUyMmJvcmRlciUzQTAlM0IlMjIlMjBhbGxvd2Z1bGxzY3JlZW4lM0QlMjIlMjIlMjBsb2FkaW5nJTNEJTIybGF6eSUyMiUyMHJlZmVycmVycG9saWN5JTNEJTIybm8tcmVmZXJyZXItd2hlbi1kb3duZ3JhZGUlMjIlM0UlM0MlMkZpZnJhbWUlM0U=[\/vc_raw_html][\/vc_column][\/vc_row]\n","protected":false},"excerpt":{"rendered":"<p>[vc_row type=&#8221;in_container&#8221; full_screen_row_position=&#8221;middle&#8221; column_margin=&#8221;default&#8221; column_direction=&#8221;default&#8221; column_direction_tablet=&#8221;default&#8221; column_direction_phone=&#8221;default&#8221; scene_position=&#8221;center&#8221; text_color=&#8221;dark&#8221; text_align=&#8221;left&#8221; row_border_radius=&#8221;none&#8221; row_border_radius_applies=&#8221;bg&#8221; overlay_strength=&#8221;0.3&#8243; gradient_direction=&#8221;left_to_right&#8221; shape_divider_position=&#8221;bottom&#8221; bg_image_animation=&#8221;none&#8221; shape_type=&#8221;&#8221;][vc_column column_padding=&#8221;no-extra-padding&#8221; column_padding_tablet=&#8221;inherit&#8221; column_padding_phone=&#8221;inherit&#8221; column_padding_position=&#8221;all&#8221; background_color_opacity=&#8221;1&#8243; background_hover_color_opacity=&#8221;1&#8243; column_shadow=&#8221;none&#8221; column_border_radius=&#8221;none&#8221; column_link_target=&#8221;_self&#8221; gradient_direction=&#8221;left_to_right&#8221; overlay_strength=&#8221;0.3&#8243; width=&#8221;1\/1&#8243; tablet_width_inherit=&#8221;default&#8221;&#8230;<\/p>\n","protected":false},"author":3,"featured_media":0,"parent":0,"menu_order":0,"comment_status":"closed","ping_status":"closed","template":"","meta":[],"yoast_head":"<!-- This site is optimized with the Yoast SEO plugin v19.6.1 - https:\/\/yoast.com\/wordpress\/plugins\/seo\/ -->\n<title>Hospital Vall D\u00b4Hebron Apartment , S Coloma de Gramenet.<\/title>\n<meta name=\"description\" content=\"Hospital Vall D\u00b4Hebron Abarco Apartment , Santa Coloma de Gramenet\" \/>\n<meta name=\"robots\" content=\"index, follow, max-snippet:-1, max-image-preview:large, max-video-preview:-1\" \/>\n<link rel=\"canonical\" href=\"https:\/\/www.premiumsuitehotels.com\/abarco-apartments\/fr\/hospital-vall-dhebron\/\" \/>\n<meta property=\"og:locale\" content=\"fr_FR\" \/>\n<meta property=\"og:type\" content=\"article\" \/>\n<meta property=\"og:title\" content=\"Hospital Vall D\u00b4Hebron Apartment , S Coloma de Gramenet.\" \/>\n<meta property=\"og:description\" content=\"Hospital Vall D\u00b4Hebron Abarco Apartment , Santa Coloma de Gramenet\" \/>\n<meta property=\"og:url\" content=\"https:\/\/www.premiumsuitehotels.com\/abarco-apartments\/fr\/hospital-vall-dhebron\/\" \/>\n<meta property=\"og:site_name\" content=\"Abarco Apartments\" \/>\n<meta property=\"article:modified_time\" content=\"2022-07-13T06:16:31+00:00\" \/>\n<meta name=\"twitter:card\" content=\"summary_large_image\" \/>\n<meta name=\"twitter:label1\" content=\"Est. reading time\" \/>\n\t<meta name=\"twitter:data1\" content=\"2 minutes\" \/>\n<script type=\"application\/ld+json\" class=\"yoast-schema-graph\">{\"@context\":\"https:\/\/schema.org\",\"@graph\":[{\"@type\":\"WebPage\",\"@id\":\"https:\/\/www.premiumsuitehotels.com\/abarco-apartments\/fr\/hospital-vall-dhebron\/\",\"url\":\"https:\/\/www.premiumsuitehotels.com\/abarco-apartments\/fr\/hospital-vall-dhebron\/\",\"name\":\"Hospital Vall D\u00b4Hebron Apartment , S Coloma de Gramenet.\",\"isPartOf\":{\"@id\":\"https:\/\/www.premiumsuitehotels.com\/abarco-apartments\/#website\"},\"datePublished\":\"2022-06-15T10:25:08+00:00\",\"dateModified\":\"2022-07-13T06:16:31+00:00\",\"description\":\"Hospital Vall D\u00b4Hebron Abarco Apartment , Santa Coloma de Gramenet\",\"breadcrumb\":{\"@id\":\"https:\/\/www.premiumsuitehotels.com\/abarco-apartments\/fr\/hospital-vall-dhebron\/#breadcrumb\"},\"inLanguage\":\"fr-FR\",\"potentialAction\":[{\"@type\":\"ReadAction\",\"target\":[\"https:\/\/www.premiumsuitehotels.com\/abarco-apartments\/fr\/hospital-vall-dhebron\/\"]}]},{\"@type\":\"BreadcrumbList\",\"@id\":\"https:\/\/www.premiumsuitehotels.com\/abarco-apartments\/fr\/hospital-vall-dhebron\/#breadcrumb\",\"itemListElement\":[{\"@type\":\"ListItem\",\"position\":1,\"name\":\"Portada\",\"item\":\"https:\/\/www.premiumsuitehotels.com\/abarco-apartments\/fr\/\"},{\"@type\":\"ListItem\",\"position\":2,\"name\":\"Hospital Vall D\u00b4Hebron\"}]},{\"@type\":\"WebSite\",\"@id\":\"https:\/\/www.premiumsuitehotels.com\/abarco-apartments\/#website\",\"url\":\"https:\/\/www.premiumsuitehotels.com\/abarco-apartments\/\",\"name\":\"Abarco Apartments\",\"description\":\"Abarco Apartments\",\"potentialAction\":[{\"@type\":\"SearchAction\",\"target\":{\"@type\":\"EntryPoint\",\"urlTemplate\":\"https:\/\/www.premiumsuitehotels.com\/abarco-apartments\/?s={search_term_string}\"},\"query-input\":\"required name=search_term_string\"}],\"inLanguage\":\"fr-FR\"}]}<\/script>\n<!-- \/ Yoast SEO plugin. -->","yoast_head_json":{"title":"Hospital Vall D\u00b4Hebron Apartment , S Coloma de Gramenet.","description":"Hospital Vall D\u00b4Hebron Abarco Apartment , Santa Coloma de Gramenet","robots":{"index":"index","follow":"follow","max-snippet":"max-snippet:-1","max-image-preview":"max-image-preview:large","max-video-preview":"max-video-preview:-1"},"canonical":"https:\/\/www.premiumsuitehotels.com\/abarco-apartments\/fr\/hospital-vall-dhebron\/","og_locale":"fr_FR","og_type":"article","og_title":"Hospital Vall D\u00b4Hebron Apartment , S Coloma de Gramenet.","og_description":"Hospital Vall D\u00b4Hebron Abarco Apartment , Santa Coloma de Gramenet","og_url":"https:\/\/www.premiumsuitehotels.com\/abarco-apartments\/fr\/hospital-vall-dhebron\/","og_site_name":"Abarco Apartments","article_modified_time":"2022-07-13T06:16:31+00:00","twitter_card":"summary_large_image","twitter_misc":{"Est. reading time":"2 minutes"},"schema":{"@context":"https:\/\/schema.org","@graph":[{"@type":"WebPage","@id":"https:\/\/www.premiumsuitehotels.com\/abarco-apartments\/fr\/hospital-vall-dhebron\/","url":"https:\/\/www.premiumsuitehotels.com\/abarco-apartments\/fr\/hospital-vall-dhebron\/","name":"Hospital Vall D\u00b4Hebron Apartment , S Coloma de Gramenet.","isPartOf":{"@id":"https:\/\/www.premiumsuitehotels.com\/abarco-apartments\/#website"},"datePublished":"2022-06-15T10:25:08+00:00","dateModified":"2022-07-13T06:16:31+00:00","description":"Hospital Vall D\u00b4Hebron Abarco Apartment , Santa Coloma de Gramenet","breadcrumb":{"@id":"https:\/\/www.premiumsuitehotels.com\/abarco-apartments\/fr\/hospital-vall-dhebron\/#breadcrumb"},"inLanguage":"fr-FR","potentialAction":[{"@type":"ReadAction","target":["https:\/\/www.premiumsuitehotels.com\/abarco-apartments\/fr\/hospital-vall-dhebron\/"]}]},{"@type":"BreadcrumbList","@id":"https:\/\/www.premiumsuitehotels.com\/abarco-apartments\/fr\/hospital-vall-dhebron\/#breadcrumb","itemListElement":[{"@type":"ListItem","position":1,"name":"Portada","item":"https:\/\/www.premiumsuitehotels.com\/abarco-apartments\/fr\/"},{"@type":"ListItem","position":2,"name":"Hospital Vall D\u00b4Hebron"}]},{"@type":"WebSite","@id":"https:\/\/www.premiumsuitehotels.com\/abarco-apartments\/#website","url":"https:\/\/www.premiumsuitehotels.com\/abarco-apartments\/","name":"Abarco Apartments","description":"Abarco Apartments","potentialAction":[{"@type":"SearchAction","target":{"@type":"EntryPoint","urlTemplate":"https:\/\/www.premiumsuitehotels.com\/abarco-apartments\/?s={search_term_string}"},"query-input":"required name=search_term_string"}],"inLanguage":"fr-FR"}]}},"_links":{"self":[{"href":"https:\/\/www.premiumsuitehotels.com\/abarco-apartments\/fr\/wp-json\/wp\/v2\/pages\/24876"}],"collection":[{"href":"https:\/\/www.premiumsuitehotels.com\/abarco-apartments\/fr\/wp-json\/wp\/v2\/pages"}],"about":[{"href":"https:\/\/www.premiumsuitehotels.com\/abarco-apartments\/fr\/wp-json\/wp\/v2\/types\/page"}],"author":[{"embeddable":true,"href":"https:\/\/www.premiumsuitehotels.com\/abarco-apartments\/fr\/wp-json\/wp\/v2\/users\/3"}],"replies":[{"embeddable":true,"href":"https:\/\/www.premiumsuitehotels.com\/abarco-apartments\/fr\/wp-json\/wp\/v2\/comments?post=24876"}],"version-history":[{"count":3,"href":"https:\/\/www.premiumsuitehotels.com\/abarco-apartments\/fr\/wp-json\/wp\/v2\/pages\/24876\/revisions"}],"predecessor-version":[{"id":24900,"href":"https:\/\/www.premiumsuitehotels.com\/abarco-apartments\/fr\/wp-json\/wp\/v2\/pages\/24876\/revisions\/24900"}],"wp:attachment":[{"href":"https:\/\/www.premiumsuitehotels.com\/abarco-apartments\/fr\/wp-json\/wp\/v2\/media?parent=24876"}],"curies":[{"name":"wp","href":"https:\/\/api.w.org\/{rel}","templated":true}]}}