{"id":24868,"date":"2022-06-15T10:46:39","date_gmt":"2022-06-15T10:46:39","guid":{"rendered":"https:\/\/www.premiumsuitehotels.com\/abarco-apartments\/hospital-hm-sant-jordi\/"},"modified":"2022-07-13T06:16:04","modified_gmt":"2022-07-13T06:16:04","slug":"hospital-hm-sant-jordi","status":"publish","type":"page","link":"https:\/\/www.premiumsuitehotels.com\/abarco-apartments\/fr\/hospital-hm-sant-jordi\/","title":{"rendered":"Hospital HM Sant Jordi"},"content":{"rendered":"[vc_row type=&#8221;in_container&#8221; full_screen_row_position=&#8221;middle&#8221; column_margin=&#8221;default&#8221; column_direction=&#8221;default&#8221; column_direction_tablet=&#8221;default&#8221; column_direction_phone=&#8221;default&#8221; scene_position=&#8221;center&#8221; text_color=&#8221;dark&#8221; text_align=&#8221;left&#8221; row_border_radius=&#8221;none&#8221; row_border_radius_applies=&#8221;bg&#8221; overlay_strength=&#8221;0.3&#8243; gradient_direction=&#8221;left_to_right&#8221; shape_divider_position=&#8221;bottom&#8221; bg_image_animation=&#8221;none&#8221; shape_type=&#8221;&#8221;][vc_column column_padding=&#8221;no-extra-padding&#8221; column_padding_tablet=&#8221;inherit&#8221; column_padding_phone=&#8221;inherit&#8221; column_padding_position=&#8221;all&#8221; background_color_opacity=&#8221;1&#8243; background_hover_color_opacity=&#8221;1&#8243; column_shadow=&#8221;none&#8221; column_border_radius=&#8221;none&#8221; column_link_target=&#8221;_self&#8221; gradient_direction=&#8221;left_to_right&#8221; overlay_strength=&#8221;0.3&#8243; width=&#8221;1\/1&#8243; tablet_width_inherit=&#8221;default&#8221; tablet_text_alignment=&#8221;default&#8221; phone_text_alignment=&#8221;default&#8221; column_border_width=&#8221;none&#8221; column_border_style=&#8221;solid&#8221; bg_image_animation=&#8221;none&#8221;]<div  data-transition=\"slide\" data-overall_style=\"classic\" data-flexible-height=\"\" data-animate-in-effect=\"none\" data-fullscreen=\"true\" data-button-sizing=\"regular\" data-button-styling=\"btn_with_count\" data-autorotate=\"\" data-parallax=\"false\" data-parallax-disable-mobile=\"\" data-caption-trans=\"fade_in_from_bottom\" data-parallax-style=\"bg_only\" data-bg-animation=\"none\" data-full-width=\"true\" class=\"nectar-slider-wrap \" id=\"nectar-slider-instance-1\"><div class=\"swiper-container\"  data-tho=\"auto\" data-tco=\"auto\" data-pho=\"auto\" data-pco=\"auto\" data-loop=\"false\" data-height=\"650\" data-min-height=\"\" data-arrows=\"false\" data-bullets=\"false\" data-bullet_style=\"see_through\" data-bullet_position=\"bottom\" data-desktop-swipe=\"false\" data-settings=\"\"> <div class=\"swiper-wrapper\"><div class=\"swiper-slide\" data-desktop-content-width=\"auto\" data-tablet-content-width=\"auto\" data-bg-alignment=\"center\" data-color-scheme=\"light\" data-x-pos=\"centered\" data-y-pos=\"middle\" ><div class=\"slide-bg-wrap\"><div class=\"image-bg\" style=\"background-image: url(https:\/\/www.premiumsuitehotels.com\/abarco-apartments\/wp-content\/uploads\/sites\/8\/2022\/06\/f.elconfidencial.com_original_5d3_362_aab_5d3362aab484ed8bcbdc1e17763e84a4.jpg);\"> &nbsp; <\/div><\/div><div class=\"container\">\n\t\t\t\t\t\t<div class=\"content\"><h1>Cl\u00ednica Sant Jordi<\/h1><\/div>\n\t\t\t\t\t\t\t\t<\/div><!--\/container--><a href=\"#\" class=\"slider-down-arrow no-border\"><svg class=\"nectar-scroll-icon\" viewBox=\"0 0 30 45\" enable-background=\"new 0 0 30 45\">\n\t\t\t\t\t\t\t\t\t<path class=\"nectar-scroll-icon-path\" fill=\"none\" stroke=\"#ffffff\" stroke-width=\"2\" stroke-miterlimit=\"10\" d=\"M15,1.118c12.352,0,13.967,12.88,13.967,12.88v18.76  c0,0-1.514,11.204-13.967,11.204S0.931,32.966,0.931,32.966V14.05C0.931,14.05,2.648,1.118,15,1.118z\"><\/path>\n\t\t\t\t\t\t\t\t\t<\/svg><\/a><div class=\"video-texture \"> <span class=\"ie-fix\"><\/span> <\/div><\/div> <!--\/swiper-slide--><\/div><div class=\"nectar-slider-loading \"> <span class=\"loading-icon none\">   <\/span> <\/div> <\/div> \n\t\t\t\t\t\n\t\t\t\t\t<\/div>[\/vc_column][\/vc_row][vc_row type=&#8221;full_width_content&#8221; full_screen_row_position=&#8221;middle&#8221; column_margin=&#8221;default&#8221; equal_height=&#8221;yes&#8221; content_placement=&#8221;bottom&#8221; column_direction=&#8221;default&#8221; column_direction_tablet=&#8221;default&#8221; column_direction_phone=&#8221;default&#8221; bg_color=&#8221;#ffffff&#8221; scene_position=&#8221;center&#8221; top_padding=&#8221;2%&#8221; bottom_padding=&#8221;2%&#8221; text_color=&#8221;dark&#8221; text_align=&#8221;center&#8221; row_border_radius=&#8221;none&#8221; row_border_radius_applies=&#8221;bg&#8221; color_overlay=&#8221;#ffffff&#8221; color_overlay_2=&#8221;#ffffff&#8221; overlay_strength=&#8221;0.5&#8243; gradient_direction=&#8221;left_to_right&#8221; shape_divider_position=&#8221;bottom&#8221; shape_divider_height=&#8221;350&#8243; bg_image_animation=&#8221;fade-in&#8221; parallax_bg=&#8221;true&#8221; parallax_bg_speed=&#8221;fast&#8221; shape_type=&#8221;mountains&#8221;][vc_column column_padding=&#8221;padding-3-percent&#8221; column_padding_tablet=&#8221;inherit&#8221; column_padding_phone=&#8221;inherit&#8221; column_padding_position=&#8221;all&#8221; background_color_opacity=&#8221;1&#8243; background_hover_color_opacity=&#8221;1&#8243; font_color=&#8221;#44443c&#8221; column_shadow=&#8221;none&#8221; column_border_radius=&#8221;none&#8221; column_link_target=&#8221;_self&#8221; gradient_direction=&#8221;left_to_right&#8221; overlay_strength=&#8221;0.3&#8243; width=&#8221;1\/1&#8243; tablet_width_inherit=&#8221;default&#8221; tablet_text_alignment=&#8221;default&#8221; phone_text_alignment=&#8221;default&#8221; column_border_width=&#8221;none&#8221; column_border_style=&#8221;solid&#8221; bg_image_animation=&#8221;none&#8221;][vc_text_separator title=&#8221;Hospital HM Sant Jordi&#8221; color=&#8221;custom&#8221; accent_color=&#8221;#000000&#8243;][\/vc_column][\/vc_row][vc_row type=&#8221;full_width_content&#8221; full_screen_row_position=&#8221;middle&#8221; column_margin=&#8221;default&#8221; column_direction=&#8221;default&#8221; column_direction_tablet=&#8221;default&#8221; column_direction_phone=&#8221;default&#8221; scene_position=&#8221;center&#8221; top_padding=&#8221;0&#8243; bottom_padding=&#8221;4%&#8221; text_color=&#8221;dark&#8221; text_align=&#8221;left&#8221; row_border_radius=&#8221;none&#8221; row_border_radius_applies=&#8221;bg&#8221; id=&#8221;sleep&#8221; overlay_strength=&#8221;0.3&#8243; gradient_direction=&#8221;left_to_right&#8221; shape_divider_position=&#8221;bottom&#8221; bg_image_animation=&#8221;none&#8221; shape_type=&#8221;&#8221;][vc_column column_padding=&#8221;padding-5-percent&#8221; column_padding_tablet=&#8221;inherit&#8221; column_padding_phone=&#8221;padding-2-percent&#8221; column_padding_position=&#8221;left-right&#8221; centered_text=&#8221;true&#8221; background_color_opacity=&#8221;1&#8243; background_hover_color_opacity=&#8221;1&#8243; column_shadow=&#8221;none&#8221; column_border_radius=&#8221;none&#8221; column_link_target=&#8221;_self&#8221; gradient_direction=&#8221;left_to_right&#8221; overlay_strength=&#8221;0.3&#8243; width=&#8221;1\/1&#8243; tablet_width_inherit=&#8221;default&#8221; tablet_text_alignment=&#8221;default&#8221; phone_text_alignment=&#8221;default&#8221; column_border_width=&#8221;none&#8221; column_border_style=&#8221;solid&#8221; bg_image_animation=&#8221;none&#8221;][vc_column_text]\n<div class=\"wpb_text_column wpb_content_element \">\n<div class=\"wpb_wrapper\">\n<p style=\"text-align: justify;\">L&#8217;h\u00f4pital HM Sant Jordi est un h\u00f4pital m\u00e9dico-chirurgical et obst\u00e9trique situ\u00e9 au c\u0153ur du quartier Sant Andreu, sur la Plaza de la Estaci\u00f3n, \u00e0 Barcelone.<\/p>\n<\/div>\n<\/div>\n[\/vc_column_text][vc_column_text]\n<p style=\"text-align: justify;\"><strong>S\u00e9jours \u00e0 l&#8217;h\u00f4pital HM Sant Jordi :<\/strong><\/p>\n<p style=\"text-align: justify;\">Le fait que la clinique Sant Jordi soit situ\u00e9e au c\u0153ur du Plan Sagrera, \u00e0 environ mille m\u00e8tres de la future gare centrale AVE, fait que le centre est \u00e9troitement li\u00e9 \u00e0 la croissance d\u00e9mographique de la zone, ainsi qu&#8217;\u00e0 la croissance immobili\u00e8re, r\u00e9sultat d&#8217;un nouveau plan d&#8217;urbanisme de la zone, qui conna\u00eet une expansion maximale. L&#8217;emplacement de la clinique pr\u00e9sente deux atouts importants. D&#8217;une part, la croissance de l&#8217;ensemble de la zone et des \u00e9quipements correspondants, et d&#8217;autre part, son emplacement strat\u00e9gique. Comme on peut le voir sur la carte des quartiers de Barcelone, en ce qui concerne l&#8217;emplacement des h\u00f4pitaux publics et des cliniques priv\u00e9es, la Cl\u00ednica Sant Jordi est assur\u00e9e de l&#8217;exclusivit\u00e9 en tant que clinique priv\u00e9e m\u00e9dico-chirurgicale et obst\u00e9trique dans les quartiers de Sant Andreu, Nou Barris, San Marti et Horta. Ce statut conf\u00e8re au futur projet du centre une grande force strat\u00e9gique \u00e0 court terme.<\/p>\n<p style=\"text-align: justify;\">Les appartements Abarco sont id\u00e9aux pour un s\u00e9jour \u00e0 Santa Coloma de Gramenet en liaison avec l&#8217;h\u00f4pital HM Sant Jordi.<\/p>\n<p style=\"text-align: justify;\"><strong>Services Abarco pour les compagnons :<\/strong><\/p>\n<p style=\"text-align: justify;\">Les appartements Abarco disposent d&#8217;une cuisine enti\u00e8rement \u00e9quip\u00e9e, d&#8217;un espace pour deux, trois ou quatre personnes et d&#8217;un nettoyage hebdomadaire. En outre, les appartements disposent \u00e9galement d&#8217;un service de connexion internet wifi sans frais suppl\u00e9mentaires.<\/p>\n<p style=\"text-align: justify;\">Les appartements Abarco, la meilleure option h\u00f4teli\u00e8re pr\u00e8s de la clinique Sant Jordi.<\/p>\n[\/vc_column_text][\/vc_column][\/vc_row][vc_row type=&#8221;full_width_content&#8221; full_screen_row_position=&#8221;middle&#8221; column_margin=&#8221;default&#8221; column_direction=&#8221;default&#8221; column_direction_tablet=&#8221;default&#8221; column_direction_phone=&#8221;default&#8221; scene_position=&#8221;center&#8221; text_color=&#8221;dark&#8221; text_align=&#8221;left&#8221; row_border_radius=&#8221;none&#8221; row_border_radius_applies=&#8221;bg&#8221; overlay_strength=&#8221;0.3&#8243; gradient_direction=&#8221;left_to_right&#8221; shape_divider_position=&#8221;bottom&#8221; bg_image_animation=&#8221;none&#8221; shape_type=&#8221;&#8221;][vc_column column_padding=&#8221;no-extra-padding&#8221; column_padding_tablet=&#8221;inherit&#8221; column_padding_phone=&#8221;inherit&#8221; column_padding_position=&#8221;all&#8221; background_color_opacity=&#8221;1&#8243; background_hover_color_opacity=&#8221;1&#8243; column_shadow=&#8221;none&#8221; column_border_radius=&#8221;none&#8221; column_link_target=&#8221;_self&#8221; gradient_direction=&#8221;left_to_right&#8221; overlay_strength=&#8221;0.3&#8243; width=&#8221;1\/1&#8243; tablet_width_inherit=&#8221;default&#8221; tablet_text_alignment=&#8221;default&#8221; phone_text_alignment=&#8221;default&#8221; column_border_width=&#8221;none&#8221; column_border_style=&#8221;solid&#8221; bg_image_animation=&#8221;none&#8221;][vc_raw_html]JTNDaWZyYW1lJTIwc3JjJTNEJTIyaHR0cHMlM0ElMkYlMkZ3d3cuZ29vZ2xlLmNvbSUyRm1hcHMlMkZlbWJlZCUzRnBiJTNEJTIxMW0yNCUyMTFtOCUyMTFtMyUyMTFkMTE5NjIuOTkzMjc4MjI4MDAxJTIxMmQyLjE5MDY2MDMlMjEzZDQxLjQ0NDY4MjQlMjEzbTIlMjExaTEwMjQlMjEyaTc2OCUyMTRmMTMuMSUyMTRtMTMlMjEzZTIlMjE0bTUlMjExczB4MTJhNGJjZjMzMWJiZjYxYiUyNTNBMHg1ZmVmOWU1NGJjY2U0ODYlMjEyc0FiYXJjbyUyNTIwQXBhcnRhbWVudHMlMjVDMiUyNUFFJTI1MjAtJTI1MjBXRUIlMjUyME9GSUNJQUwlMjUyQyUyNTIwQXZpbmd1ZGElMjUyMFBhbGxhcmVzYSUyNTJDJTI1MjBTYW50YSUyNTIwQ29sb21hJTI1MjBkZSUyNTIwR3JhbWFuZXQlMjEzbTIlMjExZDQxLjQ1MzQ1NTk5OTk5OTk5NiUyMTJkMi4yMDM1OTAzJTIxNG01JTIxMXMweDEyYTRiY2RiNWMwNmZlZDklMjUzQTB4ZmRmMWQ2ZTM0MzE1ODhhOSUyMTJzSG9zcGl0YWwlMjUyMEhNJTI1MjBTYW50JTI1MjBKb3JkaSUyNTJDJTI1MjBQbGF6YSUyNTIwZGUlMjUyMGxhJTI1MjBFc3RhY2lvbiUyNTJDJTI1MjBCYXJjZWxvbmElMjEzbTIlMjExZDQxLjQzNjI5ODE5OTk5OTk5NiUyMTJkMi4xOTI2MjI0JTIxNWUwJTIxM20yJTIxMXNlcyUyMTJzZXMlMjE0djE2NTUyODk5NzU4NTclMjE1bTIlMjExc2VzJTIxMnNlcyUyMiUyMHdpZHRoJTNEJTIyMTkwMCUyMiUyMGhlaWdodCUzRCUyMjQwMCUyMiUyMHN0eWxlJTNEJTIyYm9yZGVyJTNBMCUzQiUyMiUyMGFsbG93ZnVsbHNjcmVlbiUzRCUyMiUyMiUyMGxvYWRpbmclM0QlMjJsYXp5JTIyJTIwcmVmZXJyZXJwb2xpY3klM0QlMjJuby1yZWZlcnJlci13aGVuLWRvd25ncmFkZSUyMiUzRSUzQyUyRmlmcmFtZSUzRQ==[\/vc_raw_html][\/vc_column][\/vc_row]\n","protected":false},"excerpt":{"rendered":"<p>[vc_row type=&#8221;in_container&#8221; full_screen_row_position=&#8221;middle&#8221; column_margin=&#8221;default&#8221; column_direction=&#8221;default&#8221; column_direction_tablet=&#8221;default&#8221; column_direction_phone=&#8221;default&#8221; scene_position=&#8221;center&#8221; text_color=&#8221;dark&#8221; text_align=&#8221;left&#8221; row_border_radius=&#8221;none&#8221; row_border_radius_applies=&#8221;bg&#8221; overlay_strength=&#8221;0.3&#8243; gradient_direction=&#8221;left_to_right&#8221; shape_divider_position=&#8221;bottom&#8221; bg_image_animation=&#8221;none&#8221; shape_type=&#8221;&#8221;][vc_column column_padding=&#8221;no-extra-padding&#8221; column_padding_tablet=&#8221;inherit&#8221; column_padding_phone=&#8221;inherit&#8221; column_padding_position=&#8221;all&#8221; background_color_opacity=&#8221;1&#8243; background_hover_color_opacity=&#8221;1&#8243; column_shadow=&#8221;none&#8221; column_border_radius=&#8221;none&#8221; column_link_target=&#8221;_self&#8221; gradient_direction=&#8221;left_to_right&#8221; overlay_strength=&#8221;0.3&#8243; width=&#8221;1\/1&#8243; tablet_width_inherit=&#8221;default&#8221;&#8230;<\/p>\n","protected":false},"author":3,"featured_media":0,"parent":0,"menu_order":0,"comment_status":"closed","ping_status":"closed","template":"","meta":[],"yoast_head":"<!-- This site is optimized with the Yoast SEO plugin v19.6.1 - https:\/\/yoast.com\/wordpress\/plugins\/seo\/ -->\n<title>Hospital HM Sant Jordi Sant Abarco Apartment , Coloma de Gramenet.<\/title>\n<meta name=\"description\" content=\"Hospital HM Sant Jordi Sant Abarco Apartment , Santa Coloma de Gramenet\" \/>\n<meta name=\"robots\" content=\"index, follow, max-snippet:-1, max-image-preview:large, max-video-preview:-1\" \/>\n<link rel=\"canonical\" href=\"https:\/\/www.premiumsuitehotels.com\/abarco-apartments\/fr\/hospital-hm-sant-jordi\/\" \/>\n<meta property=\"og:locale\" content=\"fr_FR\" \/>\n<meta property=\"og:type\" content=\"article\" \/>\n<meta property=\"og:title\" content=\"Hospital HM Sant Jordi Sant Abarco Apartment , Coloma de Gramenet.\" \/>\n<meta property=\"og:description\" content=\"Hospital HM Sant Jordi Sant Abarco Apartment , Santa Coloma de Gramenet\" \/>\n<meta property=\"og:url\" content=\"https:\/\/www.premiumsuitehotels.com\/abarco-apartments\/fr\/hospital-hm-sant-jordi\/\" \/>\n<meta property=\"og:site_name\" content=\"Abarco Apartments\" \/>\n<meta property=\"article:modified_time\" content=\"2022-07-13T06:16:04+00:00\" \/>\n<meta name=\"twitter:card\" content=\"summary_large_image\" \/>\n<meta name=\"twitter:label1\" content=\"Est. reading time\" \/>\n\t<meta name=\"twitter:data1\" content=\"2 minutes\" \/>\n<script type=\"application\/ld+json\" class=\"yoast-schema-graph\">{\"@context\":\"https:\/\/schema.org\",\"@graph\":[{\"@type\":\"WebPage\",\"@id\":\"https:\/\/www.premiumsuitehotels.com\/abarco-apartments\/fr\/hospital-hm-sant-jordi\/\",\"url\":\"https:\/\/www.premiumsuitehotels.com\/abarco-apartments\/fr\/hospital-hm-sant-jordi\/\",\"name\":\"Hospital HM Sant Jordi Sant Abarco Apartment , Coloma de Gramenet.\",\"isPartOf\":{\"@id\":\"https:\/\/www.premiumsuitehotels.com\/abarco-apartments\/#website\"},\"datePublished\":\"2022-06-15T10:46:39+00:00\",\"dateModified\":\"2022-07-13T06:16:04+00:00\",\"description\":\"Hospital HM Sant Jordi Sant Abarco Apartment , Santa Coloma de Gramenet\",\"breadcrumb\":{\"@id\":\"https:\/\/www.premiumsuitehotels.com\/abarco-apartments\/fr\/hospital-hm-sant-jordi\/#breadcrumb\"},\"inLanguage\":\"fr-FR\",\"potentialAction\":[{\"@type\":\"ReadAction\",\"target\":[\"https:\/\/www.premiumsuitehotels.com\/abarco-apartments\/fr\/hospital-hm-sant-jordi\/\"]}]},{\"@type\":\"BreadcrumbList\",\"@id\":\"https:\/\/www.premiumsuitehotels.com\/abarco-apartments\/fr\/hospital-hm-sant-jordi\/#breadcrumb\",\"itemListElement\":[{\"@type\":\"ListItem\",\"position\":1,\"name\":\"Portada\",\"item\":\"https:\/\/www.premiumsuitehotels.com\/abarco-apartments\/fr\/\"},{\"@type\":\"ListItem\",\"position\":2,\"name\":\"Hospital HM Sant Jordi\"}]},{\"@type\":\"WebSite\",\"@id\":\"https:\/\/www.premiumsuitehotels.com\/abarco-apartments\/#website\",\"url\":\"https:\/\/www.premiumsuitehotels.com\/abarco-apartments\/\",\"name\":\"Abarco Apartments\",\"description\":\"Abarco Apartments\",\"potentialAction\":[{\"@type\":\"SearchAction\",\"target\":{\"@type\":\"EntryPoint\",\"urlTemplate\":\"https:\/\/www.premiumsuitehotels.com\/abarco-apartments\/?s={search_term_string}\"},\"query-input\":\"required name=search_term_string\"}],\"inLanguage\":\"fr-FR\"}]}<\/script>\n<!-- \/ Yoast SEO plugin. -->","yoast_head_json":{"title":"Hospital HM Sant Jordi Sant Abarco Apartment , Coloma de Gramenet.","description":"Hospital HM Sant Jordi Sant Abarco Apartment , Santa Coloma de Gramenet","robots":{"index":"index","follow":"follow","max-snippet":"max-snippet:-1","max-image-preview":"max-image-preview:large","max-video-preview":"max-video-preview:-1"},"canonical":"https:\/\/www.premiumsuitehotels.com\/abarco-apartments\/fr\/hospital-hm-sant-jordi\/","og_locale":"fr_FR","og_type":"article","og_title":"Hospital HM Sant Jordi Sant Abarco Apartment , Coloma de Gramenet.","og_description":"Hospital HM Sant Jordi Sant Abarco Apartment , Santa Coloma de Gramenet","og_url":"https:\/\/www.premiumsuitehotels.com\/abarco-apartments\/fr\/hospital-hm-sant-jordi\/","og_site_name":"Abarco Apartments","article_modified_time":"2022-07-13T06:16:04+00:00","twitter_card":"summary_large_image","twitter_misc":{"Est. reading time":"2 minutes"},"schema":{"@context":"https:\/\/schema.org","@graph":[{"@type":"WebPage","@id":"https:\/\/www.premiumsuitehotels.com\/abarco-apartments\/fr\/hospital-hm-sant-jordi\/","url":"https:\/\/www.premiumsuitehotels.com\/abarco-apartments\/fr\/hospital-hm-sant-jordi\/","name":"Hospital HM Sant Jordi Sant Abarco Apartment , Coloma de Gramenet.","isPartOf":{"@id":"https:\/\/www.premiumsuitehotels.com\/abarco-apartments\/#website"},"datePublished":"2022-06-15T10:46:39+00:00","dateModified":"2022-07-13T06:16:04+00:00","description":"Hospital HM Sant Jordi Sant Abarco Apartment , Santa Coloma de Gramenet","breadcrumb":{"@id":"https:\/\/www.premiumsuitehotels.com\/abarco-apartments\/fr\/hospital-hm-sant-jordi\/#breadcrumb"},"inLanguage":"fr-FR","potentialAction":[{"@type":"ReadAction","target":["https:\/\/www.premiumsuitehotels.com\/abarco-apartments\/fr\/hospital-hm-sant-jordi\/"]}]},{"@type":"BreadcrumbList","@id":"https:\/\/www.premiumsuitehotels.com\/abarco-apartments\/fr\/hospital-hm-sant-jordi\/#breadcrumb","itemListElement":[{"@type":"ListItem","position":1,"name":"Portada","item":"https:\/\/www.premiumsuitehotels.com\/abarco-apartments\/fr\/"},{"@type":"ListItem","position":2,"name":"Hospital HM Sant Jordi"}]},{"@type":"WebSite","@id":"https:\/\/www.premiumsuitehotels.com\/abarco-apartments\/#website","url":"https:\/\/www.premiumsuitehotels.com\/abarco-apartments\/","name":"Abarco Apartments","description":"Abarco Apartments","potentialAction":[{"@type":"SearchAction","target":{"@type":"EntryPoint","urlTemplate":"https:\/\/www.premiumsuitehotels.com\/abarco-apartments\/?s={search_term_string}"},"query-input":"required name=search_term_string"}],"inLanguage":"fr-FR"}]}},"_links":{"self":[{"href":"https:\/\/www.premiumsuitehotels.com\/abarco-apartments\/fr\/wp-json\/wp\/v2\/pages\/24868"}],"collection":[{"href":"https:\/\/www.premiumsuitehotels.com\/abarco-apartments\/fr\/wp-json\/wp\/v2\/pages"}],"about":[{"href":"https:\/\/www.premiumsuitehotels.com\/abarco-apartments\/fr\/wp-json\/wp\/v2\/types\/page"}],"author":[{"embeddable":true,"href":"https:\/\/www.premiumsuitehotels.com\/abarco-apartments\/fr\/wp-json\/wp\/v2\/users\/3"}],"replies":[{"embeddable":true,"href":"https:\/\/www.premiumsuitehotels.com\/abarco-apartments\/fr\/wp-json\/wp\/v2\/comments?post=24868"}],"version-history":[{"count":3,"href":"https:\/\/www.premiumsuitehotels.com\/abarco-apartments\/fr\/wp-json\/wp\/v2\/pages\/24868\/revisions"}],"predecessor-version":[{"id":24871,"href":"https:\/\/www.premiumsuitehotels.com\/abarco-apartments\/fr\/wp-json\/wp\/v2\/pages\/24868\/revisions\/24871"}],"wp:attachment":[{"href":"https:\/\/www.premiumsuitehotels.com\/abarco-apartments\/fr\/wp-json\/wp\/v2\/media?parent=24868"}],"curies":[{"name":"wp","href":"https:\/\/api.w.org\/{rel}","templated":true}]}}